{"id":9686,"date":"2023-10-24T17:11:25","date_gmt":"2023-10-24T20:11:25","guid":{"rendered":"https:\/\/mecolour.com.br\/dev\/?post_type=product&#038;p=9686"},"modified":"2024-07-24T15:55:43","modified_gmt":"2024-07-24T18:55:43","slug":"caneca-magica-preta-fosca-alca-coracao","status":"publish","type":"product","link":"https:\/\/mecolour.com.br\/es\/producto\/caneca-magica-preta-fosca-alca-coracao\/","title":{"rendered":"Caneca M\u00e1gica com Al\u00e7a Cora\u00e7\u00e3o Preta Fosca"},"content":{"rendered":"","protected":false},"excerpt":{"rendered":"","protected":false},"featured_media":13012,"comment_status":"open","ping_status":"closed","template":"","meta":[],"product_brand":[],"product_cat":[246,70,28,172],"product_tag":[],"class_list":{"0":"post-9686","1":"product","2":"type-product","3":"status-publish","4":"has-post-thumbnail","6":"product_cat-caneca-especial","7":"product_cat-ceramica","8":"product_cat-insumos","9":"product_cat-sublimacao","11":"first","12":"instock","13":"shipping-taxable","14":"product-type-simple"},"yoast_head":"<!-- This site is optimized with the Yoast SEO plugin v26.9 - https:\/\/yoast.com\/product\/yoast-seo-wordpress\/ -->\n<title>Caneca M\u00e1gica com Al\u00e7a Cora\u00e7\u00e3o Preta Fosca - Mecolour Brasil<\/title>\n<meta name=\"robots\" content=\"index, follow, max-snippet:-1, max-image-preview:large, max-video-preview:-1\" \/>\n<link rel=\"canonical\" href=\"https:\/\/mecolour.com.br\/es\/producto\/caneca-magica-preta-fosca-alca-coracao\/\" \/>\n<meta property=\"og:locale\" content=\"es_ES\" \/>\n<meta property=\"og:type\" content=\"article\" \/>\n<meta property=\"og:title\" content=\"Caneca M\u00e1gica com Al\u00e7a Cora\u00e7\u00e3o Preta Fosca - Mecolour Brasil\" \/>\n<meta property=\"og:url\" content=\"https:\/\/mecolour.com.br\/es\/producto\/caneca-magica-preta-fosca-alca-coracao\/\" \/>\n<meta property=\"og:site_name\" content=\"Mecolour Brasil\" \/>\n<meta property=\"article:modified_time\" content=\"2024-07-24T18:55:43+00:00\" \/>\n<meta property=\"og:image\" content=\"https:\/\/mecolour.com.br\/wp-content\/uploads\/2023\/10\/B095-1.jpg\" \/>\n\t<meta property=\"og:image:width\" content=\"800\" \/>\n\t<meta property=\"og:image:height\" content=\"800\" \/>\n\t<meta property=\"og:image:type\" content=\"image\/jpeg\" \/>\n<meta name=\"twitter:card\" content=\"summary_large_image\" \/>\n<script type=\"application\/ld+json\" class=\"yoast-schema-graph\">{\"@context\":\"https:\/\/schema.org\",\"@graph\":[{\"@type\":\"WebPage\",\"@id\":\"https:\/\/mecolour.com.br\/produto\/caneca-magica-preta-fosca-alca-coracao\/\",\"url\":\"https:\/\/mecolour.com.br\/produto\/caneca-magica-preta-fosca-alca-coracao\/\",\"name\":\"Caneca M\u00e1gica com Al\u00e7a Cora\u00e7\u00e3o Preta Fosca - Mecolour Brasil\",\"isPartOf\":{\"@id\":\"https:\/\/mecolour.com.br\/#website\"},\"primaryImageOfPage\":{\"@id\":\"https:\/\/mecolour.com.br\/produto\/caneca-magica-preta-fosca-alca-coracao\/#primaryimage\"},\"image\":{\"@id\":\"https:\/\/mecolour.com.br\/produto\/caneca-magica-preta-fosca-alca-coracao\/#primaryimage\"},\"thumbnailUrl\":\"https:\/\/mecolour.com.br\/wp-content\/uploads\/2023\/10\/B095-1.jpg\",\"datePublished\":\"2023-10-24T20:11:25+00:00\",\"dateModified\":\"2024-07-24T18:55:43+00:00\",\"breadcrumb\":{\"@id\":\"https:\/\/mecolour.com.br\/produto\/caneca-magica-preta-fosca-alca-coracao\/#breadcrumb\"},\"inLanguage\":\"es-AR\",\"potentialAction\":[{\"@type\":\"ReadAction\",\"target\":[\"https:\/\/mecolour.com.br\/produto\/caneca-magica-preta-fosca-alca-coracao\/\"]}]},{\"@type\":\"ImageObject\",\"inLanguage\":\"es-AR\",\"@id\":\"https:\/\/mecolour.com.br\/produto\/caneca-magica-preta-fosca-alca-coracao\/#primaryimage\",\"url\":\"https:\/\/mecolour.com.br\/wp-content\/uploads\/2023\/10\/B095-1.jpg\",\"contentUrl\":\"https:\/\/mecolour.com.br\/wp-content\/uploads\/2023\/10\/B095-1.jpg\",\"width\":800,\"height\":800},{\"@type\":\"BreadcrumbList\",\"@id\":\"https:\/\/mecolour.com.br\/produto\/caneca-magica-preta-fosca-alca-coracao\/#breadcrumb\",\"itemListElement\":[{\"@type\":\"ListItem\",\"position\":1,\"name\":\"In\u00edcio\",\"item\":\"https:\/\/mecolour.com.br\/\"},{\"@type\":\"ListItem\",\"position\":2,\"name\":\"Shop\",\"item\":\"https:\/\/mecolour.com.br\/shop\/\"},{\"@type\":\"ListItem\",\"position\":3,\"name\":\"Caneca M\u00e1gica com Al\u00e7a Cora\u00e7\u00e3o Preta Fosca\"}]},{\"@type\":\"WebSite\",\"@id\":\"https:\/\/mecolour.com.br\/#website\",\"url\":\"https:\/\/mecolour.com.br\/\",\"name\":\"Mecolour Brasil\",\"description\":\"\",\"potentialAction\":[{\"@type\":\"SearchAction\",\"target\":{\"@type\":\"EntryPoint\",\"urlTemplate\":\"https:\/\/mecolour.com.br\/?s={search_term_string}\"},\"query-input\":{\"@type\":\"PropertyValueSpecification\",\"valueRequired\":true,\"valueName\":\"search_term_string\"}}],\"inLanguage\":\"es-AR\"}]}<\/script>\n<!-- \/ Yoast SEO plugin. -->","yoast_head_json":{"title":"Caneca M\u00e1gica com Al\u00e7a Cora\u00e7\u00e3o Preta Fosca - Mecolour Brasil","robots":{"index":"index","follow":"follow","max-snippet":"max-snippet:-1","max-image-preview":"max-image-preview:large","max-video-preview":"max-video-preview:-1"},"canonical":"https:\/\/mecolour.com.br\/es\/producto\/caneca-magica-preta-fosca-alca-coracao\/","og_locale":"es_ES","og_type":"article","og_title":"Caneca M\u00e1gica com Al\u00e7a Cora\u00e7\u00e3o Preta Fosca - Mecolour Brasil","og_url":"https:\/\/mecolour.com.br\/es\/producto\/caneca-magica-preta-fosca-alca-coracao\/","og_site_name":"Mecolour Brasil","article_modified_time":"2024-07-24T18:55:43+00:00","og_image":[{"width":800,"height":800,"url":"https:\/\/mecolour.com.br\/wp-content\/uploads\/2023\/10\/B095-1.jpg","type":"image\/jpeg"}],"twitter_card":"summary_large_image","schema":{"@context":"https:\/\/schema.org","@graph":[{"@type":"WebPage","@id":"https:\/\/mecolour.com.br\/produto\/caneca-magica-preta-fosca-alca-coracao\/","url":"https:\/\/mecolour.com.br\/produto\/caneca-magica-preta-fosca-alca-coracao\/","name":"Caneca M\u00e1gica com Al\u00e7a Cora\u00e7\u00e3o Preta Fosca - Mecolour Brasil","isPartOf":{"@id":"https:\/\/mecolour.com.br\/#website"},"primaryImageOfPage":{"@id":"https:\/\/mecolour.com.br\/produto\/caneca-magica-preta-fosca-alca-coracao\/#primaryimage"},"image":{"@id":"https:\/\/mecolour.com.br\/produto\/caneca-magica-preta-fosca-alca-coracao\/#primaryimage"},"thumbnailUrl":"https:\/\/mecolour.com.br\/wp-content\/uploads\/2023\/10\/B095-1.jpg","datePublished":"2023-10-24T20:11:25+00:00","dateModified":"2024-07-24T18:55:43+00:00","breadcrumb":{"@id":"https:\/\/mecolour.com.br\/produto\/caneca-magica-preta-fosca-alca-coracao\/#breadcrumb"},"inLanguage":"es-AR","potentialAction":[{"@type":"ReadAction","target":["https:\/\/mecolour.com.br\/produto\/caneca-magica-preta-fosca-alca-coracao\/"]}]},{"@type":"ImageObject","inLanguage":"es-AR","@id":"https:\/\/mecolour.com.br\/produto\/caneca-magica-preta-fosca-alca-coracao\/#primaryimage","url":"https:\/\/mecolour.com.br\/wp-content\/uploads\/2023\/10\/B095-1.jpg","contentUrl":"https:\/\/mecolour.com.br\/wp-content\/uploads\/2023\/10\/B095-1.jpg","width":800,"height":800},{"@type":"BreadcrumbList","@id":"https:\/\/mecolour.com.br\/produto\/caneca-magica-preta-fosca-alca-coracao\/#breadcrumb","itemListElement":[{"@type":"ListItem","position":1,"name":"In\u00edcio","item":"https:\/\/mecolour.com.br\/"},{"@type":"ListItem","position":2,"name":"Shop","item":"https:\/\/mecolour.com.br\/shop\/"},{"@type":"ListItem","position":3,"name":"Caneca M\u00e1gica com Al\u00e7a Cora\u00e7\u00e3o Preta Fosca"}]},{"@type":"WebSite","@id":"https:\/\/mecolour.com.br\/#website","url":"https:\/\/mecolour.com.br\/","name":"Mecolour Brasil","description":"","potentialAction":[{"@type":"SearchAction","target":{"@type":"EntryPoint","urlTemplate":"https:\/\/mecolour.com.br\/?s={search_term_string}"},"query-input":{"@type":"PropertyValueSpecification","valueRequired":true,"valueName":"search_term_string"}}],"inLanguage":"es-AR"}]}},"jetpack_sharing_enabled":true,"_links":{"self":[{"href":"https:\/\/mecolour.com.br\/es\/wp-json\/wp\/v2\/product\/9686","targetHints":{"allow":["GET"]}}],"collection":[{"href":"https:\/\/mecolour.com.br\/es\/wp-json\/wp\/v2\/product"}],"about":[{"href":"https:\/\/mecolour.com.br\/es\/wp-json\/wp\/v2\/types\/product"}],"replies":[{"embeddable":true,"href":"https:\/\/mecolour.com.br\/es\/wp-json\/wp\/v2\/comments?post=9686"}],"wp:featuredmedia":[{"embeddable":true,"href":"https:\/\/mecolour.com.br\/es\/wp-json\/wp\/v2\/media\/13012"}],"wp:attachment":[{"href":"https:\/\/mecolour.com.br\/es\/wp-json\/wp\/v2\/media?parent=9686"}],"wp:term":[{"taxonomy":"product_brand","embeddable":true,"href":"https:\/\/mecolour.com.br\/es\/wp-json\/wp\/v2\/product_brand?post=9686"},{"taxonomy":"product_cat","embeddable":true,"href":"https:\/\/mecolour.com.br\/es\/wp-json\/wp\/v2\/product_cat?post=9686"},{"taxonomy":"product_tag","embeddable":true,"href":"https:\/\/mecolour.com.br\/es\/wp-json\/wp\/v2\/product_tag?post=9686"}],"curies":[{"name":"wp","href":"https:\/\/api.w.org\/{rel}","templated":true}]}}