{"id":14706,"date":"2026-04-01T09:29:40","date_gmt":"2026-04-01T12:29:40","guid":{"rendered":"https:\/\/mecolour.com.br\/?post_type=product&#038;p=14706"},"modified":"2026-04-01T09:48:03","modified_gmt":"2026-04-01T12:48:03","slug":"gravadora-laser-com-tela-touch-s10","status":"publish","type":"product","link":"https:\/\/mecolour.com.br\/es\/producto\/gravadora-laser-com-tela-touch-s10\/","title":{"rendered":"Gravadora Laser Com Tela Touch S10"},"content":{"rendered":"<div class=\"wpb-content-wrapper\"><div class=\"vc_row wpb_row vc_row-fluid\"><div class=\"wpb_column vc_column_container vc_col-sm-12\"><div class=\"vc_column-inner\"><div class=\"wpb_wrapper\">\n\t<div class=\"wpb_text_column wpb_content_element\" >\n\t\t<div class=\"wpb_wrapper\">\n\t\t\t<p>Diferenciais<\/p>\n<p>Estrutura mais leve e f\u00e1cil de montar<\/p>\n<p>Motores mais r\u00e1pidos<\/p>\n<p>M\u00f3dulo laser mais est\u00e1vel e com cabo mais resistente<\/p>\n<p>Eixo rotativo com menor aquecimento (ideal para uso cont\u00ednuo)<\/p>\n<p>Mais seguran\u00e7a com chave de bloqueio<\/p>\n<p>Conectividade via Wi-Fi (celular ou computador)<\/p>\n<p>Controle pelo painel touch ou pendrive<\/p>\n<p>Painel smart com v\u00e1rias fun\u00e7\u00f5es de opera\u00e7\u00e3o<\/p>\n<p>Mais acess\u00f3rios e itens inclusos<\/p>\n<p>J\u00e1 acompanha suporte para copos<\/p>\n\n\t\t<\/div>\n\t<\/div>\n<\/div><\/div><\/div><\/div>\n<\/div>","protected":false},"excerpt":{"rendered":"Diferenciais Estrutura mais leve e f\u00e1cil de montar Motores mais r\u00e1pidos M\u00f3dulo laser mais est\u00e1vel e com cabo mais resistente","protected":false},"featured_media":14710,"comment_status":"open","ping_status":"closed","template":"","meta":[],"product_brand":[],"product_cat":[240],"product_tag":[],"class_list":{"0":"post-14706","1":"product","2":"type-product","3":"status-publish","4":"has-post-thumbnail","6":"product_cat-equipamentos-a-laser","8":"first","9":"instock","10":"shipping-taxable","11":"product-type-simple"},"yoast_head":"<!-- This site is optimized with the Yoast SEO plugin v26.9 - https:\/\/yoast.com\/product\/yoast-seo-wordpress\/ -->\n<title>Gravadora Laser Com Tela Touch S10 - Mecolour Brasil<\/title>\n<meta name=\"robots\" content=\"index, follow, max-snippet:-1, max-image-preview:large, max-video-preview:-1\" \/>\n<link rel=\"canonical\" href=\"https:\/\/mecolour.com.br\/es\/producto\/gravadora-laser-com-tela-touch-s10\/\" \/>\n<meta property=\"og:locale\" content=\"es_ES\" \/>\n<meta property=\"og:type\" content=\"article\" \/>\n<meta property=\"og:title\" content=\"Gravadora Laser Com Tela Touch S10 - Mecolour Brasil\" \/>\n<meta property=\"og:url\" content=\"https:\/\/mecolour.com.br\/es\/producto\/gravadora-laser-com-tela-touch-s10\/\" \/>\n<meta property=\"og:site_name\" content=\"Mecolour Brasil\" \/>\n<meta property=\"article:modified_time\" content=\"2026-04-01T12:48:03+00:00\" \/>\n<meta property=\"og:image\" content=\"https:\/\/mecolour.com.br\/wp-content\/uploads\/2026\/04\/S10.png\" \/>\n\t<meta property=\"og:image:width\" content=\"2048\" \/>\n\t<meta property=\"og:image:height\" content=\"2048\" \/>\n\t<meta property=\"og:image:type\" content=\"image\/png\" \/>\n<meta name=\"twitter:card\" content=\"summary_large_image\" \/>\n<meta name=\"twitter:label1\" content=\"Tiempo de lectura\" \/>\n\t<meta name=\"twitter:data1\" content=\"1 minuto\" \/>\n<script type=\"application\/ld+json\" class=\"yoast-schema-graph\">{\"@context\":\"https:\/\/schema.org\",\"@graph\":[{\"@type\":\"WebPage\",\"@id\":\"https:\/\/mecolour.com.br\/produto\/gravadora-laser-com-tela-touch-s10\/\",\"url\":\"https:\/\/mecolour.com.br\/produto\/gravadora-laser-com-tela-touch-s10\/\",\"name\":\"Gravadora Laser Com Tela Touch S10 - Mecolour Brasil\",\"isPartOf\":{\"@id\":\"https:\/\/mecolour.com.br\/#website\"},\"primaryImageOfPage\":{\"@id\":\"https:\/\/mecolour.com.br\/produto\/gravadora-laser-com-tela-touch-s10\/#primaryimage\"},\"image\":{\"@id\":\"https:\/\/mecolour.com.br\/produto\/gravadora-laser-com-tela-touch-s10\/#primaryimage\"},\"thumbnailUrl\":\"https:\/\/mecolour.com.br\/wp-content\/uploads\/2026\/04\/S10.png\",\"datePublished\":\"2026-04-01T12:29:40+00:00\",\"dateModified\":\"2026-04-01T12:48:03+00:00\",\"breadcrumb\":{\"@id\":\"https:\/\/mecolour.com.br\/produto\/gravadora-laser-com-tela-touch-s10\/#breadcrumb\"},\"inLanguage\":\"es-AR\",\"potentialAction\":[{\"@type\":\"ReadAction\",\"target\":[\"https:\/\/mecolour.com.br\/produto\/gravadora-laser-com-tela-touch-s10\/\"]}]},{\"@type\":\"ImageObject\",\"inLanguage\":\"es-AR\",\"@id\":\"https:\/\/mecolour.com.br\/produto\/gravadora-laser-com-tela-touch-s10\/#primaryimage\",\"url\":\"https:\/\/mecolour.com.br\/wp-content\/uploads\/2026\/04\/S10.png\",\"contentUrl\":\"https:\/\/mecolour.com.br\/wp-content\/uploads\/2026\/04\/S10.png\",\"width\":2048,\"height\":2048},{\"@type\":\"BreadcrumbList\",\"@id\":\"https:\/\/mecolour.com.br\/produto\/gravadora-laser-com-tela-touch-s10\/#breadcrumb\",\"itemListElement\":[{\"@type\":\"ListItem\",\"position\":1,\"name\":\"In\u00edcio\",\"item\":\"https:\/\/mecolour.com.br\/\"},{\"@type\":\"ListItem\",\"position\":2,\"name\":\"Shop\",\"item\":\"https:\/\/mecolour.com.br\/shop\/\"},{\"@type\":\"ListItem\",\"position\":3,\"name\":\"Gravadora Laser Com Tela Touch S10\"}]},{\"@type\":\"WebSite\",\"@id\":\"https:\/\/mecolour.com.br\/#website\",\"url\":\"https:\/\/mecolour.com.br\/\",\"name\":\"Mecolour Brasil\",\"description\":\"\",\"potentialAction\":[{\"@type\":\"SearchAction\",\"target\":{\"@type\":\"EntryPoint\",\"urlTemplate\":\"https:\/\/mecolour.com.br\/?s={search_term_string}\"},\"query-input\":{\"@type\":\"PropertyValueSpecification\",\"valueRequired\":true,\"valueName\":\"search_term_string\"}}],\"inLanguage\":\"es-AR\"}]}<\/script>\n<!-- \/ Yoast SEO plugin. -->","yoast_head_json":{"title":"Gravadora Laser Com Tela Touch S10 - Mecolour Brasil","robots":{"index":"index","follow":"follow","max-snippet":"max-snippet:-1","max-image-preview":"max-image-preview:large","max-video-preview":"max-video-preview:-1"},"canonical":"https:\/\/mecolour.com.br\/es\/producto\/gravadora-laser-com-tela-touch-s10\/","og_locale":"es_ES","og_type":"article","og_title":"Gravadora Laser Com Tela Touch S10 - Mecolour Brasil","og_url":"https:\/\/mecolour.com.br\/es\/producto\/gravadora-laser-com-tela-touch-s10\/","og_site_name":"Mecolour Brasil","article_modified_time":"2026-04-01T12:48:03+00:00","og_image":[{"width":2048,"height":2048,"url":"https:\/\/mecolour.com.br\/wp-content\/uploads\/2026\/04\/S10.png","type":"image\/png"}],"twitter_card":"summary_large_image","twitter_misc":{"Tiempo de lectura":"1 minuto"},"schema":{"@context":"https:\/\/schema.org","@graph":[{"@type":"WebPage","@id":"https:\/\/mecolour.com.br\/produto\/gravadora-laser-com-tela-touch-s10\/","url":"https:\/\/mecolour.com.br\/produto\/gravadora-laser-com-tela-touch-s10\/","name":"Gravadora Laser Com Tela Touch S10 - Mecolour Brasil","isPartOf":{"@id":"https:\/\/mecolour.com.br\/#website"},"primaryImageOfPage":{"@id":"https:\/\/mecolour.com.br\/produto\/gravadora-laser-com-tela-touch-s10\/#primaryimage"},"image":{"@id":"https:\/\/mecolour.com.br\/produto\/gravadora-laser-com-tela-touch-s10\/#primaryimage"},"thumbnailUrl":"https:\/\/mecolour.com.br\/wp-content\/uploads\/2026\/04\/S10.png","datePublished":"2026-04-01T12:29:40+00:00","dateModified":"2026-04-01T12:48:03+00:00","breadcrumb":{"@id":"https:\/\/mecolour.com.br\/produto\/gravadora-laser-com-tela-touch-s10\/#breadcrumb"},"inLanguage":"es-AR","potentialAction":[{"@type":"ReadAction","target":["https:\/\/mecolour.com.br\/produto\/gravadora-laser-com-tela-touch-s10\/"]}]},{"@type":"ImageObject","inLanguage":"es-AR","@id":"https:\/\/mecolour.com.br\/produto\/gravadora-laser-com-tela-touch-s10\/#primaryimage","url":"https:\/\/mecolour.com.br\/wp-content\/uploads\/2026\/04\/S10.png","contentUrl":"https:\/\/mecolour.com.br\/wp-content\/uploads\/2026\/04\/S10.png","width":2048,"height":2048},{"@type":"BreadcrumbList","@id":"https:\/\/mecolour.com.br\/produto\/gravadora-laser-com-tela-touch-s10\/#breadcrumb","itemListElement":[{"@type":"ListItem","position":1,"name":"In\u00edcio","item":"https:\/\/mecolour.com.br\/"},{"@type":"ListItem","position":2,"name":"Shop","item":"https:\/\/mecolour.com.br\/shop\/"},{"@type":"ListItem","position":3,"name":"Gravadora Laser Com Tela Touch S10"}]},{"@type":"WebSite","@id":"https:\/\/mecolour.com.br\/#website","url":"https:\/\/mecolour.com.br\/","name":"Mecolour Brasil","description":"","potentialAction":[{"@type":"SearchAction","target":{"@type":"EntryPoint","urlTemplate":"https:\/\/mecolour.com.br\/?s={search_term_string}"},"query-input":{"@type":"PropertyValueSpecification","valueRequired":true,"valueName":"search_term_string"}}],"inLanguage":"es-AR"}]}},"jetpack_sharing_enabled":true,"_links":{"self":[{"href":"https:\/\/mecolour.com.br\/es\/wp-json\/wp\/v2\/product\/14706","targetHints":{"allow":["GET"]}}],"collection":[{"href":"https:\/\/mecolour.com.br\/es\/wp-json\/wp\/v2\/product"}],"about":[{"href":"https:\/\/mecolour.com.br\/es\/wp-json\/wp\/v2\/types\/product"}],"replies":[{"embeddable":true,"href":"https:\/\/mecolour.com.br\/es\/wp-json\/wp\/v2\/comments?post=14706"}],"wp:featuredmedia":[{"embeddable":true,"href":"https:\/\/mecolour.com.br\/es\/wp-json\/wp\/v2\/media\/14710"}],"wp:attachment":[{"href":"https:\/\/mecolour.com.br\/es\/wp-json\/wp\/v2\/media?parent=14706"}],"wp:term":[{"taxonomy":"product_brand","embeddable":true,"href":"https:\/\/mecolour.com.br\/es\/wp-json\/wp\/v2\/product_brand?post=14706"},{"taxonomy":"product_cat","embeddable":true,"href":"https:\/\/mecolour.com.br\/es\/wp-json\/wp\/v2\/product_cat?post=14706"},{"taxonomy":"product_tag","embeddable":true,"href":"https:\/\/mecolour.com.br\/es\/wp-json\/wp\/v2\/product_tag?post=14706"}],"curies":[{"name":"wp","href":"https:\/\/api.w.org\/{rel}","templated":true}]}}