{"id":14029,"date":"2025-07-22T17:29:43","date_gmt":"2025-07-22T20:29:43","guid":{"rendered":"https:\/\/mecolour.com.br\/?post_type=product&#038;p=14029"},"modified":"2026-03-30T16:55:43","modified_gmt":"2026-03-30T19:55:43","slug":"prensa-de-fitas-dupla","status":"publish","type":"product","link":"https:\/\/mecolour.com.br\/es\/producto\/prensa-de-fitas-dupla\/","title":{"rendered":"RollerPress F250"},"content":{"rendered":"<div class=\"wpb-content-wrapper\"><div class=\"vc_row wpb_row vc_row-fluid\"><div class=\"wpb_column vc_column_container vc_col-sm-12\"><div class=\"vc_column-inner\"><div class=\"wpb_wrapper\">\n\t<div class=\"wpb_text_column wpb_content_element\" >\n\t\t<div class=\"wpb_wrapper\">\n\t\t\t<p>A prensa de fitas traz <strong>a solu\u00e7\u00e3o ideal<\/strong> para os empreendedores do ramo da sublima\u00e7\u00e3o que desejam <strong>produzir fitas e tirantes, cord\u00f5es de crach\u00e1, guias para pets e separadores de filas<\/strong>.<\/p>\n<p>Quem faz parte deste mercado sabe das <strong>constantes oportunidades de lucro em cima das necessidades de eventos, empresas e neg\u00f3cios<\/strong> que querem buscar alto n\u00edvel de customiza\u00e7\u00e3o.<\/p>\n<p>A prensa de fitas acomoda uma sublima\u00e7\u00e3o de <strong>25cm por 1 metro<\/strong>, o que j\u00e1 atua por si s\u00f3 como <strong>uma prensa com uma grande \u00e1rea<\/strong> para atender seu uso idealizado ou diversificar fazendo v\u00e1rias pe\u00e7as pequenas ao mesmo tempo. A mesma conta com <strong>sistema de eletro\u00edm\u00e3 com libera\u00e7\u00e3o autom\u00e1tica<\/strong>, para que seu insumo n\u00e3o passe um segundo a mais do ponto. <strong>Aumente o alcance de seu neg\u00f3cio\u00a0 com a Prensa de Fitas da Mecolour<\/strong>.<\/p>\n\n\t\t<\/div>\n\t<\/div>\n\n\t\t<div id=\"wd-66b6112c80b4a\" class=\"title-wrapper wd-wpb set-mb-s reset-last-child  wd-rs-66b6112c80b4a wd-title-color-default wd-title-style-default text-center  wd-underline-colored\">\n\t\t\t\n\t\t\t<div class=\"liner-continer\">\n\t\t\t\t<h4 class=\"woodmart-title-container title  wd-font-weight- wd-fontsize-l\" >CONVERSE COM NOSSO CONSULTOR AGORA MESMO!<\/h4>\n\t\t\t\t\t\t\t<\/div>\n\t\t\t\n\t\t\t\n\t\t\t\n\t\t<\/div>\n\t\t\n\t\t<div id=\"wd-69cad4c8be485\" class=\"wd-rs-69cad4c8be485 vc_custom_1774900434147 wd-button-wrapper text-center\"><a href=\"https:\/\/wa.me\/5511910670804\" title=\"\" target=\"_blank\" class=\"btn btn-scheme-light btn-scheme-hover-light btn-style-default btn-style-round btn-size-default\">Fale agora mesmo<\/a><\/div><div class=\"vc_empty_space\"   style=\"height: 64px\"><span class=\"vc_empty_space_inner\"><\/span><\/div><\/div><\/div><\/div><\/div>\n<\/div>","protected":false},"excerpt":{"rendered":"A prensa de fitas traz a solu\u00e7\u00e3o ideal para os empreendedores do ramo da sublima\u00e7\u00e3o que desejam produzir fitas e","protected":false},"featured_media":14032,"comment_status":"closed","ping_status":"closed","template":"","meta":[],"product_brand":[],"product_cat":[282],"product_tag":[156,153,155,154],"class_list":{"0":"post-14029","1":"product","2":"type-product","3":"status-publish","4":"has-post-thumbnail","6":"product_cat-grandes-formatos","7":"product_tag-60cm","8":"product_tag-dtf","9":"product_tag-plotter","10":"product_tag-textil","12":"first","13":"instock","14":"shipping-taxable","15":"product-type-simple"},"yoast_head":"<!-- This site is optimized with the Yoast SEO plugin v26.9 - https:\/\/yoast.com\/product\/yoast-seo-wordpress\/ -->\n<title>RollerPress F250 - Mecolour Brasil<\/title>\n<meta name=\"robots\" content=\"index, follow, max-snippet:-1, max-image-preview:large, max-video-preview:-1\" \/>\n<link rel=\"canonical\" href=\"https:\/\/mecolour.com.br\/es\/producto\/prensa-de-fitas-dupla\/\" \/>\n<meta property=\"og:locale\" content=\"es_ES\" \/>\n<meta property=\"og:type\" content=\"article\" \/>\n<meta property=\"og:title\" content=\"RollerPress F250 - Mecolour Brasil\" \/>\n<meta property=\"og:url\" content=\"https:\/\/mecolour.com.br\/es\/producto\/prensa-de-fitas-dupla\/\" \/>\n<meta property=\"og:site_name\" content=\"Mecolour Brasil\" \/>\n<meta property=\"article:modified_time\" content=\"2026-03-30T19:55:43+00:00\" \/>\n<meta property=\"og:image\" content=\"https:\/\/mecolour.com.br\/wp-content\/uploads\/2025\/07\/A245-a.jpg\" \/>\n\t<meta property=\"og:image:width\" content=\"1024\" \/>\n\t<meta property=\"og:image:height\" content=\"1024\" \/>\n\t<meta property=\"og:image:type\" content=\"image\/jpeg\" \/>\n<meta name=\"twitter:card\" content=\"summary_large_image\" \/>\n<meta name=\"twitter:label1\" content=\"Tiempo de lectura\" \/>\n\t<meta name=\"twitter:data1\" content=\"2 minutos\" \/>\n<script type=\"application\/ld+json\" class=\"yoast-schema-graph\">{\"@context\":\"https:\/\/schema.org\",\"@graph\":[{\"@type\":\"WebPage\",\"@id\":\"https:\/\/mecolour.com.br\/produto\/prensa-de-fitas-dupla\/\",\"url\":\"https:\/\/mecolour.com.br\/produto\/prensa-de-fitas-dupla\/\",\"name\":\"RollerPress F250 - Mecolour Brasil\",\"isPartOf\":{\"@id\":\"https:\/\/mecolour.com.br\/#website\"},\"primaryImageOfPage\":{\"@id\":\"https:\/\/mecolour.com.br\/produto\/prensa-de-fitas-dupla\/#primaryimage\"},\"image\":{\"@id\":\"https:\/\/mecolour.com.br\/produto\/prensa-de-fitas-dupla\/#primaryimage\"},\"thumbnailUrl\":\"https:\/\/mecolour.com.br\/wp-content\/uploads\/2025\/07\/A245-a.jpg\",\"datePublished\":\"2025-07-22T20:29:43+00:00\",\"dateModified\":\"2026-03-30T19:55:43+00:00\",\"breadcrumb\":{\"@id\":\"https:\/\/mecolour.com.br\/produto\/prensa-de-fitas-dupla\/#breadcrumb\"},\"inLanguage\":\"es-AR\",\"potentialAction\":[{\"@type\":\"ReadAction\",\"target\":[\"https:\/\/mecolour.com.br\/produto\/prensa-de-fitas-dupla\/\"]}]},{\"@type\":\"ImageObject\",\"inLanguage\":\"es-AR\",\"@id\":\"https:\/\/mecolour.com.br\/produto\/prensa-de-fitas-dupla\/#primaryimage\",\"url\":\"https:\/\/mecolour.com.br\/wp-content\/uploads\/2025\/07\/A245-a.jpg\",\"contentUrl\":\"https:\/\/mecolour.com.br\/wp-content\/uploads\/2025\/07\/A245-a.jpg\",\"width\":1024,\"height\":1024},{\"@type\":\"BreadcrumbList\",\"@id\":\"https:\/\/mecolour.com.br\/produto\/prensa-de-fitas-dupla\/#breadcrumb\",\"itemListElement\":[{\"@type\":\"ListItem\",\"position\":1,\"name\":\"In\u00edcio\",\"item\":\"https:\/\/mecolour.com.br\/\"},{\"@type\":\"ListItem\",\"position\":2,\"name\":\"Shop\",\"item\":\"https:\/\/mecolour.com.br\/shop\/\"},{\"@type\":\"ListItem\",\"position\":3,\"name\":\"RollerPress F250\"}]},{\"@type\":\"WebSite\",\"@id\":\"https:\/\/mecolour.com.br\/#website\",\"url\":\"https:\/\/mecolour.com.br\/\",\"name\":\"Mecolour Brasil\",\"description\":\"\",\"potentialAction\":[{\"@type\":\"SearchAction\",\"target\":{\"@type\":\"EntryPoint\",\"urlTemplate\":\"https:\/\/mecolour.com.br\/?s={search_term_string}\"},\"query-input\":{\"@type\":\"PropertyValueSpecification\",\"valueRequired\":true,\"valueName\":\"search_term_string\"}}],\"inLanguage\":\"es-AR\"}]}<\/script>\n<!-- \/ Yoast SEO plugin. -->","yoast_head_json":{"title":"RollerPress F250 - Mecolour Brasil","robots":{"index":"index","follow":"follow","max-snippet":"max-snippet:-1","max-image-preview":"max-image-preview:large","max-video-preview":"max-video-preview:-1"},"canonical":"https:\/\/mecolour.com.br\/es\/producto\/prensa-de-fitas-dupla\/","og_locale":"es_ES","og_type":"article","og_title":"RollerPress F250 - Mecolour Brasil","og_url":"https:\/\/mecolour.com.br\/es\/producto\/prensa-de-fitas-dupla\/","og_site_name":"Mecolour Brasil","article_modified_time":"2026-03-30T19:55:43+00:00","og_image":[{"width":1024,"height":1024,"url":"https:\/\/mecolour.com.br\/wp-content\/uploads\/2025\/07\/A245-a.jpg","type":"image\/jpeg"}],"twitter_card":"summary_large_image","twitter_misc":{"Tiempo de lectura":"2 minutos"},"schema":{"@context":"https:\/\/schema.org","@graph":[{"@type":"WebPage","@id":"https:\/\/mecolour.com.br\/produto\/prensa-de-fitas-dupla\/","url":"https:\/\/mecolour.com.br\/produto\/prensa-de-fitas-dupla\/","name":"RollerPress F250 - Mecolour Brasil","isPartOf":{"@id":"https:\/\/mecolour.com.br\/#website"},"primaryImageOfPage":{"@id":"https:\/\/mecolour.com.br\/produto\/prensa-de-fitas-dupla\/#primaryimage"},"image":{"@id":"https:\/\/mecolour.com.br\/produto\/prensa-de-fitas-dupla\/#primaryimage"},"thumbnailUrl":"https:\/\/mecolour.com.br\/wp-content\/uploads\/2025\/07\/A245-a.jpg","datePublished":"2025-07-22T20:29:43+00:00","dateModified":"2026-03-30T19:55:43+00:00","breadcrumb":{"@id":"https:\/\/mecolour.com.br\/produto\/prensa-de-fitas-dupla\/#breadcrumb"},"inLanguage":"es-AR","potentialAction":[{"@type":"ReadAction","target":["https:\/\/mecolour.com.br\/produto\/prensa-de-fitas-dupla\/"]}]},{"@type":"ImageObject","inLanguage":"es-AR","@id":"https:\/\/mecolour.com.br\/produto\/prensa-de-fitas-dupla\/#primaryimage","url":"https:\/\/mecolour.com.br\/wp-content\/uploads\/2025\/07\/A245-a.jpg","contentUrl":"https:\/\/mecolour.com.br\/wp-content\/uploads\/2025\/07\/A245-a.jpg","width":1024,"height":1024},{"@type":"BreadcrumbList","@id":"https:\/\/mecolour.com.br\/produto\/prensa-de-fitas-dupla\/#breadcrumb","itemListElement":[{"@type":"ListItem","position":1,"name":"In\u00edcio","item":"https:\/\/mecolour.com.br\/"},{"@type":"ListItem","position":2,"name":"Shop","item":"https:\/\/mecolour.com.br\/shop\/"},{"@type":"ListItem","position":3,"name":"RollerPress F250"}]},{"@type":"WebSite","@id":"https:\/\/mecolour.com.br\/#website","url":"https:\/\/mecolour.com.br\/","name":"Mecolour Brasil","description":"","potentialAction":[{"@type":"SearchAction","target":{"@type":"EntryPoint","urlTemplate":"https:\/\/mecolour.com.br\/?s={search_term_string}"},"query-input":{"@type":"PropertyValueSpecification","valueRequired":true,"valueName":"search_term_string"}}],"inLanguage":"es-AR"}]}},"jetpack_sharing_enabled":true,"_links":{"self":[{"href":"https:\/\/mecolour.com.br\/es\/wp-json\/wp\/v2\/product\/14029","targetHints":{"allow":["GET"]}}],"collection":[{"href":"https:\/\/mecolour.com.br\/es\/wp-json\/wp\/v2\/product"}],"about":[{"href":"https:\/\/mecolour.com.br\/es\/wp-json\/wp\/v2\/types\/product"}],"replies":[{"embeddable":true,"href":"https:\/\/mecolour.com.br\/es\/wp-json\/wp\/v2\/comments?post=14029"}],"wp:featuredmedia":[{"embeddable":true,"href":"https:\/\/mecolour.com.br\/es\/wp-json\/wp\/v2\/media\/14032"}],"wp:attachment":[{"href":"https:\/\/mecolour.com.br\/es\/wp-json\/wp\/v2\/media?parent=14029"}],"wp:term":[{"taxonomy":"product_brand","embeddable":true,"href":"https:\/\/mecolour.com.br\/es\/wp-json\/wp\/v2\/product_brand?post=14029"},{"taxonomy":"product_cat","embeddable":true,"href":"https:\/\/mecolour.com.br\/es\/wp-json\/wp\/v2\/product_cat?post=14029"},{"taxonomy":"product_tag","embeddable":true,"href":"https:\/\/mecolour.com.br\/es\/wp-json\/wp\/v2\/product_tag?post=14029"}],"curies":[{"name":"wp","href":"https:\/\/api.w.org\/{rel}","templated":true}]}}