{"id":13960,"date":"2025-01-11T11:45:31","date_gmt":"2025-01-11T14:45:31","guid":{"rendered":"https:\/\/mecolour.com.br\/?post_type=product&#038;p=13960"},"modified":"2025-01-28T17:04:46","modified_gmt":"2025-01-28T20:04:46","slug":"router-cnc-c500","status":"publish","type":"product","link":"https:\/\/mecolour.com.br\/es\/producto\/router-cnc-c500\/","title":{"rendered":"Mini Router CNC C500"},"content":{"rendered":"<div class=\"wpb-content-wrapper\"><div data-vc-full-width=\"true\" data-vc-full-width-init=\"false\" data-vc-stretch-content=\"true\" class=\"vc_row wpb_row vc_row-fluid wd-rs-6799354e876a8 wd-section-stretch-content-no-pd\"><div class=\"wpb_column vc_column_container vc_col-sm-12\"><div class=\"vc_column-inner\"><div class=\"wpb_wrapper\">\n\t<div  class=\"wpb_single_image wpb_content_element vc_align_center\">\n\t\t\n\t\t<figure class=\"wpb_wrapper vc_figure\">\n\t\t\t<div class=\"vc_single_image-wrapper   vc_box_border_grey\"><img loading=\"lazy\" decoding=\"async\" width=\"1300\" height=\"406\" src=\"https:\/\/mecolour.com.br\/wp-content\/uploads\/2025\/01\/banner_cnc_lancamento_g-1300x406.jpg\" class=\"vc_single_image-img attachment-large\" alt=\"\" title=\"banner_cnc_lancamento_g\" srcset=\"https:\/\/mecolour.com.br\/wp-content\/uploads\/2025\/01\/banner_cnc_lancamento_g-1300x406.jpg 1300w, https:\/\/mecolour.com.br\/wp-content\/uploads\/2025\/01\/banner_cnc_lancamento_g-400x125.jpg 400w, https:\/\/mecolour.com.br\/wp-content\/uploads\/2025\/01\/banner_cnc_lancamento_g-768x240.jpg 768w, https:\/\/mecolour.com.br\/wp-content\/uploads\/2025\/01\/banner_cnc_lancamento_g-1536x480.jpg 1536w, https:\/\/mecolour.com.br\/wp-content\/uploads\/2025\/01\/banner_cnc_lancamento_g-18x6.jpg 18w, https:\/\/mecolour.com.br\/wp-content\/uploads\/2025\/01\/banner_cnc_lancamento_g-860x269.jpg 860w, https:\/\/mecolour.com.br\/wp-content\/uploads\/2025\/01\/banner_cnc_lancamento_g-1320x413.jpg 1320w, https:\/\/mecolour.com.br\/wp-content\/uploads\/2025\/01\/banner_cnc_lancamento_g-430x134.jpg 430w, https:\/\/mecolour.com.br\/wp-content\/uploads\/2025\/01\/banner_cnc_lancamento_g-700x219.jpg 700w, https:\/\/mecolour.com.br\/wp-content\/uploads\/2025\/01\/banner_cnc_lancamento_g-150x47.jpg 150w, https:\/\/mecolour.com.br\/wp-content\/uploads\/2025\/01\/banner_cnc_lancamento_g.jpg 1920w\" sizes=\"auto, (max-width: 1300px) 100vw, 1300px\" \/><\/div>\n\t\t<\/figure>\n\t<\/div>\n<\/div><\/div><\/div><\/div><div class=\"vc_row-full-width vc_clearfix\"><\/div><div class=\"vc_row wpb_row vc_row-fluid\"><div class=\"wpb_column vc_column_container vc_col-sm-6\"><div class=\"vc_column-inner\"><div class=\"wpb_wrapper\">\n\t<div  class=\"wpb_single_image wpb_content_element vc_align_left info\">\n\t\t\n\t\t<figure class=\"wpb_wrapper vc_figure\">\n\t\t\t<div class=\"vc_single_image-wrapper vc_box_rounded  vc_box_border_grey\"><img loading=\"lazy\" decoding=\"async\" width=\"800\" height=\"500\" src=\"https:\/\/mecolour.com.br\/wp-content\/uploads\/2025\/01\/botao.png\" class=\"vc_single_image-img attachment-full\" alt=\"\" title=\"botao\" srcset=\"https:\/\/mecolour.com.br\/wp-content\/uploads\/2025\/01\/botao.png 800w, https:\/\/mecolour.com.br\/wp-content\/uploads\/2025\/01\/botao-400x250.png 400w, https:\/\/mecolour.com.br\/wp-content\/uploads\/2025\/01\/botao-768x480.png 768w, https:\/\/mecolour.com.br\/wp-content\/uploads\/2025\/01\/botao-18x12.png 18w, https:\/\/mecolour.com.br\/wp-content\/uploads\/2025\/01\/botao-430x269.png 430w, https:\/\/mecolour.com.br\/wp-content\/uploads\/2025\/01\/botao-700x438.png 700w, https:\/\/mecolour.com.br\/wp-content\/uploads\/2025\/01\/botao-150x94.png 150w\" sizes=\"auto, (max-width: 800px) 100vw, 800px\" \/><\/div>\n\t\t<\/figure>\n\t<\/div>\n<\/div><\/div><\/div><div class=\"wpb_column vc_column_container vc_col-sm-6\"><div class=\"vc_column-inner\"><div class=\"wpb_wrapper\"><div class=\"vc_empty_space\"   style=\"height: 32px\"><span class=\"vc_empty_space_inner\"><\/span><\/div>\n\t\t<div id=\"wd-67829fee7459d\" class=\"title-wrapper wd-wpb set-mb-s reset-last-child  wd-rs-67829fee7459d wd-title-color-default wd-title-style-default text-left  wd-underline-colored\">\n\t\t\t\n\t\t\t<div class=\"liner-continer\">\n\t\t\t\t<h4 class=\"woodmart-title-container title  wd-font-weight- wd-fontsize-l\" >PAINEL EMERGENCIAL<\/h4>\n\t\t\t\t\t\t\t<\/div>\n\t\t\t\n\t\t\t\t\t\t\t<div class=\"title-after_title  set-cont-mb-s reset-last-child  wd-fontsize-xs\">Apesar da controladora touch, a Mini CNC possui um painel com principais funcionalidades de opera\u00e7\u00e3o no chassi. O bot\u00e3o de parada emergencial \u00e9 de f\u00e1cil acesso.<\/div>\n\t\t\t\n\t\t\t\n\t\t<\/div>\n\t\t\n\t\t<\/div><\/div><\/div><\/div><div class=\"vc_row wpb_row vc_row-fluid\"><div class=\"wpb_column vc_column_container vc_col-sm-6\"><div class=\"vc_column-inner\"><div class=\"wpb_wrapper\"><div class=\"vc_empty_space\"   style=\"height: 32px\"><span class=\"vc_empty_space_inner\"><\/span><\/div>\n\t\t<div id=\"wd-6782a06c95e92\" class=\"title-wrapper wd-wpb set-mb-s reset-last-child  wd-rs-6782a06c95e92 wd-title-color-default wd-title-style-default text-right  wd-underline-colored\">\n\t\t\t\n\t\t\t<div class=\"liner-continer\">\n\t\t\t\t<h4 class=\"woodmart-title-container title  wd-font-weight- wd-fontsize-l\" >FRAME DE 8mm<\/h4>\n\t\t\t\t\t\t\t<\/div>\n\t\t\t\n\t\t\t\t\t\t\t<div class=\"title-after_title  set-cont-mb-s reset-last-child  wd-fontsize-xs\">A Mni CNC Router possui frames laterais de 8mm de espessura, isso garante uma maior estabilidade, robustez e durabilidade do equipamento.<\/div>\n\t\t\t\n\t\t\t\n\t\t<\/div>\n\t\t\n\t\t<\/div><\/div><\/div><div class=\"wpb_column vc_column_container vc_col-sm-6\"><div class=\"vc_column-inner\"><div class=\"wpb_wrapper\">\n\t<div  class=\"wpb_single_image wpb_content_element vc_align_left info\">\n\t\t\n\t\t<figure class=\"wpb_wrapper vc_figure\">\n\t\t\t<div class=\"vc_single_image-wrapper vc_box_rounded  vc_box_border_grey\"><img loading=\"lazy\" decoding=\"async\" width=\"800\" height=\"500\" src=\"https:\/\/mecolour.com.br\/wp-content\/uploads\/2025\/01\/chassi.webp\" class=\"vc_single_image-img attachment-full\" alt=\"\" title=\"chassi\" srcset=\"https:\/\/mecolour.com.br\/wp-content\/uploads\/2025\/01\/chassi.webp 800w, https:\/\/mecolour.com.br\/wp-content\/uploads\/2025\/01\/chassi-400x250.webp 400w, https:\/\/mecolour.com.br\/wp-content\/uploads\/2025\/01\/chassi-768x480.webp 768w, https:\/\/mecolour.com.br\/wp-content\/uploads\/2025\/01\/chassi-18x12.webp 18w, https:\/\/mecolour.com.br\/wp-content\/uploads\/2025\/01\/chassi-430x269.webp 430w, https:\/\/mecolour.com.br\/wp-content\/uploads\/2025\/01\/chassi-700x438.webp 700w, https:\/\/mecolour.com.br\/wp-content\/uploads\/2025\/01\/chassi-150x94.webp 150w\" sizes=\"auto, (max-width: 800px) 100vw, 800px\" \/><\/div>\n\t\t<\/figure>\n\t<\/div>\n<\/div><\/div><\/div><\/div><div class=\"vc_row wpb_row vc_row-fluid\"><div class=\"wpb_column vc_column_container vc_col-sm-6\"><div class=\"vc_column-inner\"><div class=\"wpb_wrapper\">\n\t<div  class=\"wpb_single_image wpb_content_element vc_align_left info\">\n\t\t\n\t\t<figure class=\"wpb_wrapper vc_figure\">\n\t\t\t<div class=\"vc_single_image-wrapper vc_box_rounded  vc_box_border_grey\"><img loading=\"lazy\" decoding=\"async\" width=\"800\" height=\"500\" src=\"https:\/\/mecolour.com.br\/wp-content\/uploads\/2025\/01\/bearing.webp\" class=\"vc_single_image-img attachment-full\" alt=\"\" title=\"bearing\" srcset=\"https:\/\/mecolour.com.br\/wp-content\/uploads\/2025\/01\/bearing.webp 800w, https:\/\/mecolour.com.br\/wp-content\/uploads\/2025\/01\/bearing-400x250.webp 400w, https:\/\/mecolour.com.br\/wp-content\/uploads\/2025\/01\/bearing-768x480.webp 768w, https:\/\/mecolour.com.br\/wp-content\/uploads\/2025\/01\/bearing-18x12.webp 18w, https:\/\/mecolour.com.br\/wp-content\/uploads\/2025\/01\/bearing-430x269.webp 430w, https:\/\/mecolour.com.br\/wp-content\/uploads\/2025\/01\/bearing-700x438.webp 700w, https:\/\/mecolour.com.br\/wp-content\/uploads\/2025\/01\/bearing-150x94.webp 150w\" sizes=\"auto, (max-width: 800px) 100vw, 800px\" \/><\/div>\n\t\t<\/figure>\n\t<\/div>\n<\/div><\/div><\/div><div class=\"wpb_column vc_column_container vc_col-sm-6\"><div class=\"vc_column-inner\"><div class=\"wpb_wrapper\"><div class=\"vc_empty_space\"   style=\"height: 32px\"><span class=\"vc_empty_space_inner\"><\/span><\/div>\n\t\t<div id=\"wd-67851b18288e6\" class=\"title-wrapper wd-wpb set-mb-s reset-last-child  wd-rs-67851b18288e6 wd-title-color-default wd-title-style-default text-left  wd-underline-colored\">\n\t\t\t\n\t\t\t<div class=\"liner-continer\">\n\t\t\t\t<h4 class=\"woodmart-title-container title  wd-font-weight- wd-fontsize-l\" >ROLAMENTOS COM PORCA DE LAT\u00c3O<\/h4>\n\t\t\t\t\t\t\t<\/div>\n\t\t\t\n\t\t\t\t\t\t\t<div class=\"title-after_title  set-cont-mb-s reset-last-child  wd-fontsize-xs\">Apesar da controladora touch, a Mini CNC possui um painel com principais funcionalidades de opera\u00e7\u00e3o no chassi. O bot\u00e3o de parada emergencial \u00e9 de f\u00e1cil acesso.<\/div>\n\t\t\t\n\t\t\t\n\t\t<\/div>\n\t\t\n\t\t<\/div><\/div><\/div><\/div><div class=\"vc_row wpb_row vc_row-fluid\"><div class=\"wpb_column vc_column_container vc_col-sm-6\"><div class=\"vc_column-inner\"><div class=\"wpb_wrapper\"><div class=\"vc_empty_space\"   style=\"height: 32px\"><span class=\"vc_empty_space_inner\"><\/span><\/div>\n\t\t<div id=\"wd-6782a1ef12750\" class=\"title-wrapper wd-wpb set-mb-s reset-last-child  wd-rs-6782a1ef12750 wd-title-color-default wd-title-style-default text-right  wd-underline-colored\">\n\t\t\t\n\t\t\t<div class=\"liner-continer\">\n\t\t\t\t<h4 class=\"woodmart-title-container title  wd-font-weight- wd-fontsize-l\" >MOTOR DE ALTO TORQUE<\/h4>\n\t\t\t\t\t\t\t<\/div>\n\t\t\t\n\t\t\t\t\t\t\t<div class=\"title-after_title  set-cont-mb-s reset-last-child  wd-fontsize-xs\">Motores de alto torque garantem que sua CNC opere uma variedade de materiais, desde os mais maci\u00e7os at\u00e9 os mais s\u00f3lidos.<\/div>\n\t\t\t\n\t\t\t\n\t\t<\/div>\n\t\t\n\t\t<\/div><\/div><\/div><div class=\"wpb_column vc_column_container vc_col-sm-6\"><div class=\"vc_column-inner\"><div class=\"wpb_wrapper\">\n\t<div  class=\"wpb_single_image wpb_content_element vc_align_left info\">\n\t\t\n\t\t<figure class=\"wpb_wrapper vc_figure\">\n\t\t\t<div class=\"vc_single_image-wrapper vc_box_rounded  vc_box_border_grey\"><img loading=\"lazy\" decoding=\"async\" width=\"800\" height=\"500\" src=\"https:\/\/mecolour.com.br\/wp-content\/uploads\/2025\/01\/motor.webp\" class=\"vc_single_image-img attachment-full\" alt=\"\" title=\"motor\" srcset=\"https:\/\/mecolour.com.br\/wp-content\/uploads\/2025\/01\/motor.webp 800w, https:\/\/mecolour.com.br\/wp-content\/uploads\/2025\/01\/motor-400x250.webp 400w, https:\/\/mecolour.com.br\/wp-content\/uploads\/2025\/01\/motor-768x480.webp 768w, https:\/\/mecolour.com.br\/wp-content\/uploads\/2025\/01\/motor-18x12.webp 18w, https:\/\/mecolour.com.br\/wp-content\/uploads\/2025\/01\/motor-430x269.webp 430w, https:\/\/mecolour.com.br\/wp-content\/uploads\/2025\/01\/motor-700x438.webp 700w, https:\/\/mecolour.com.br\/wp-content\/uploads\/2025\/01\/motor-150x94.webp 150w\" sizes=\"auto, (max-width: 800px) 100vw, 800px\" \/><\/div>\n\t\t<\/figure>\n\t<\/div>\n<\/div><\/div><\/div><\/div><div class=\"vc_row wpb_row vc_row-fluid\"><div class=\"wpb_column vc_column_container vc_col-sm-6\"><div class=\"vc_column-inner\"><div class=\"wpb_wrapper\">\n\t<div  class=\"wpb_single_image wpb_content_element vc_align_left info\">\n\t\t\n\t\t<figure class=\"wpb_wrapper vc_figure\">\n\t\t\t<div class=\"vc_single_image-wrapper vc_box_rounded  vc_box_border_grey\"><img loading=\"lazy\" decoding=\"async\" width=\"800\" height=\"500\" src=\"https:\/\/mecolour.com.br\/wp-content\/uploads\/2025\/01\/aspirador.webp\" class=\"vc_single_image-img attachment-full\" alt=\"\" title=\"aspirador\" srcset=\"https:\/\/mecolour.com.br\/wp-content\/uploads\/2025\/01\/aspirador.webp 800w, https:\/\/mecolour.com.br\/wp-content\/uploads\/2025\/01\/aspirador-400x250.webp 400w, https:\/\/mecolour.com.br\/wp-content\/uploads\/2025\/01\/aspirador-768x480.webp 768w, https:\/\/mecolour.com.br\/wp-content\/uploads\/2025\/01\/aspirador-18x12.webp 18w, https:\/\/mecolour.com.br\/wp-content\/uploads\/2025\/01\/aspirador-430x269.webp 430w, https:\/\/mecolour.com.br\/wp-content\/uploads\/2025\/01\/aspirador-700x438.webp 700w, https:\/\/mecolour.com.br\/wp-content\/uploads\/2025\/01\/aspirador-150x94.webp 150w\" sizes=\"auto, (max-width: 800px) 100vw, 800px\" \/><\/div>\n\t\t<\/figure>\n\t<\/div>\n<\/div><\/div><\/div><div class=\"wpb_column vc_column_container vc_col-sm-6\"><div class=\"vc_column-inner\"><div class=\"wpb_wrapper\"><div class=\"vc_empty_space\"   style=\"height: 32px\"><span class=\"vc_empty_space_inner\"><\/span><\/div>\n\t\t<div id=\"wd-67851caf8867e\" class=\"title-wrapper wd-wpb set-mb-s reset-last-child  wd-rs-67851caf8867e wd-title-color-default wd-title-style-default text-left  wd-underline-colored\">\n\t\t\t\n\t\t\t<div class=\"liner-continer\">\n\t\t\t\t<h4 class=\"woodmart-title-container title  wd-font-weight- wd-fontsize-l\" >ASPIRADOR EMBUTIDO NA FRESA<\/h4>\n\t\t\t\t\t\t\t<\/div>\n\t\t\t\n\t\t\t\t\t\t\t<div class=\"title-after_title  set-cont-mb-s reset-last-child  wd-fontsize-xs\">O aspirador embutido ao redor da fresa n\u00e3o s\u00f3 garante uma opera\u00e7\u00e3o mais limpa ao longo do tempo, mas tamb\u00e9m com a ilumina\u00e7\u00e3o garante que o operador consiga inspecionar o decorrer da opera\u00e7\u00e3o com finalidade de verificar a qualidade.<\/div>\n\t\t\t\n\t\t\t\n\t\t<\/div>\n\t\t\n\t\t<\/div><\/div><\/div><\/div><div class=\"vc_row wpb_row vc_row-fluid\"><div class=\"wpb_column vc_column_container vc_col-sm-6\"><div class=\"vc_column-inner\"><div class=\"wpb_wrapper\"><div class=\"vc_empty_space\"   style=\"height: 32px\"><span class=\"vc_empty_space_inner\"><\/span><\/div>\n\t\t<div id=\"wd-67851cc9421f7\" class=\"title-wrapper wd-wpb set-mb-s reset-last-child  wd-rs-67851cc9421f7 wd-title-color-default wd-title-style-default text-right  wd-underline-colored\">\n\t\t\t\n\t\t\t<div class=\"liner-continer\">\n\t\t\t\t<h4 class=\"woodmart-title-container title  wd-font-weight- wd-fontsize-l\" >ASPIRADOR DE 2.8L<\/h4>\n\t\t\t\t\t\t\t<\/div>\n\t\t\t\n\t\t\t\t\t\t\t<div class=\"title-after_title  set-cont-mb-s reset-last-child  wd-fontsize-xs\">O filtro de part\u00edculas do aspirador possui capacidade de 2.8l. Opere em seus projetos sem se importar em limpar o mesmo por mais tempo, permitindo preventivas mais espor\u00e1dicas com maiores cargas de trabalho entre elas.<\/div>\n\t\t\t\n\t\t\t\n\t\t<\/div>\n\t\t\n\t\t<\/div><\/div><\/div><div class=\"wpb_column vc_column_container vc_col-sm-6\"><div class=\"vc_column-inner\"><div class=\"wpb_wrapper\">\n\t<div  class=\"wpb_single_image wpb_content_element vc_align_left info\">\n\t\t\n\t\t<figure class=\"wpb_wrapper vc_figure\">\n\t\t\t<div class=\"vc_single_image-wrapper vc_box_rounded  vc_box_border_grey\"><img loading=\"lazy\" decoding=\"async\" width=\"800\" height=\"500\" src=\"https:\/\/mecolour.com.br\/wp-content\/uploads\/2025\/01\/filtro.webp\" class=\"vc_single_image-img attachment-full\" alt=\"\" title=\"filtro\" srcset=\"https:\/\/mecolour.com.br\/wp-content\/uploads\/2025\/01\/filtro.webp 800w, https:\/\/mecolour.com.br\/wp-content\/uploads\/2025\/01\/filtro-400x250.webp 400w, https:\/\/mecolour.com.br\/wp-content\/uploads\/2025\/01\/filtro-768x480.webp 768w, https:\/\/mecolour.com.br\/wp-content\/uploads\/2025\/01\/filtro-18x12.webp 18w, https:\/\/mecolour.com.br\/wp-content\/uploads\/2025\/01\/filtro-430x269.webp 430w, https:\/\/mecolour.com.br\/wp-content\/uploads\/2025\/01\/filtro-700x438.webp 700w, https:\/\/mecolour.com.br\/wp-content\/uploads\/2025\/01\/filtro-150x94.webp 150w\" sizes=\"auto, (max-width: 800px) 100vw, 800px\" \/><\/div>\n\t\t<\/figure>\n\t<\/div>\n<\/div><\/div><\/div><\/div><div class=\"vc_row wpb_row vc_row-fluid\"><div class=\"wpb_column vc_column_container vc_col-sm-12\"><div class=\"vc_column-inner\"><div class=\"wpb_wrapper\">\n\t\t<div id=\"wd-6782a4a5f205e\" class=\"title-wrapper wd-wpb set-mb-s reset-last-child  wd-rs-6782a4a5f205e wd-title-color-default wd-title-style-default text-center  wd-underline-colored\">\n\t\t\t\n\t\t\t<div class=\"liner-continer\">\n\t\t\t\t<h4 class=\"woodmart-title-container title  wd-font-weight- wd-fontsize-l\" >AS POSSIBILIDADES N\u00c3O SE LIMITAM AOS MATERIAIS<\/h4>\n\t\t\t\t\t\t\t<\/div>\n\t\t\t\n\t\t\t\t\t\t\t<div class=\"title-after_title  set-cont-mb-s reset-last-child  wd-fontsize-xs\">A mini CNC suporta uma ampla gama de materiais de grava\u00e7\u00e3o, incluindo compensado, MDF, madeira maci\u00e7a, acr\u00edlico, placa de fibra de carbono, alum\u00ednio, lat\u00e3o e a\u00e7o inoxid\u00e1vel, oferecendo aos usu\u00e1rios amplas possibilidades criativas.<\/div>\n\t\t\t\n\t\t\t\n\t\t<\/div>\n\t\t\n\t\t<\/div><\/div><\/div><\/div>\n<\/div>","protected":false},"excerpt":{"rendered":"PAINEL EMERGENCIAL Apesar da controladora touch, a Mini CNC possui um painel com principais funcionalidades de opera\u00e7\u00e3o no chassi. O","protected":false},"featured_media":13968,"comment_status":"open","ping_status":"closed","template":"","meta":[],"product_brand":[],"product_cat":[296],"product_tag":[],"class_list":{"0":"post-13960","1":"product","2":"type-product","3":"status-publish","4":"has-post-thumbnail","6":"product_cat-cnc-router","8":"first","9":"instock","10":"shipping-taxable","11":"product-type-simple"},"yoast_head":"<!-- This site is optimized with the Yoast SEO plugin v26.9 - https:\/\/yoast.com\/product\/yoast-seo-wordpress\/ -->\n<title>Mini Router CNC C500 - Mecolour Brasil<\/title>\n<meta name=\"robots\" content=\"index, follow, max-snippet:-1, max-image-preview:large, max-video-preview:-1\" \/>\n<link rel=\"canonical\" href=\"https:\/\/mecolour.com.br\/es\/producto\/router-cnc-c500\/\" \/>\n<meta property=\"og:locale\" content=\"es_ES\" \/>\n<meta property=\"og:type\" content=\"article\" \/>\n<meta property=\"og:title\" content=\"Mini Router CNC C500 - Mecolour Brasil\" \/>\n<meta property=\"og:url\" content=\"https:\/\/mecolour.com.br\/es\/producto\/router-cnc-c500\/\" \/>\n<meta property=\"og:site_name\" content=\"Mecolour Brasil\" \/>\n<meta property=\"article:modified_time\" content=\"2025-01-28T20:04:46+00:00\" \/>\n<meta property=\"og:image\" content=\"https:\/\/mecolour.com.br\/wp-content\/uploads\/2025\/01\/cnc1.jpg\" \/>\n\t<meta property=\"og:image:width\" content=\"800\" \/>\n\t<meta property=\"og:image:height\" content=\"800\" \/>\n\t<meta property=\"og:image:type\" content=\"image\/jpeg\" \/>\n<meta name=\"twitter:card\" content=\"summary_large_image\" \/>\n<meta name=\"twitter:label1\" content=\"Tiempo de lectura\" \/>\n\t<meta name=\"twitter:data1\" content=\"3 minutos\" \/>\n<script type=\"application\/ld+json\" class=\"yoast-schema-graph\">{\"@context\":\"https:\/\/schema.org\",\"@graph\":[{\"@type\":\"WebPage\",\"@id\":\"https:\/\/mecolour.com.br\/produto\/router-cnc-c500\/\",\"url\":\"https:\/\/mecolour.com.br\/produto\/router-cnc-c500\/\",\"name\":\"Mini Router CNC C500 - Mecolour Brasil\",\"isPartOf\":{\"@id\":\"https:\/\/mecolour.com.br\/#website\"},\"primaryImageOfPage\":{\"@id\":\"https:\/\/mecolour.com.br\/produto\/router-cnc-c500\/#primaryimage\"},\"image\":{\"@id\":\"https:\/\/mecolour.com.br\/produto\/router-cnc-c500\/#primaryimage\"},\"thumbnailUrl\":\"https:\/\/mecolour.com.br\/wp-content\/uploads\/2025\/01\/cnc1.jpg\",\"datePublished\":\"2025-01-11T14:45:31+00:00\",\"dateModified\":\"2025-01-28T20:04:46+00:00\",\"breadcrumb\":{\"@id\":\"https:\/\/mecolour.com.br\/produto\/router-cnc-c500\/#breadcrumb\"},\"inLanguage\":\"es-AR\",\"potentialAction\":[{\"@type\":\"ReadAction\",\"target\":[\"https:\/\/mecolour.com.br\/produto\/router-cnc-c500\/\"]}]},{\"@type\":\"ImageObject\",\"inLanguage\":\"es-AR\",\"@id\":\"https:\/\/mecolour.com.br\/produto\/router-cnc-c500\/#primaryimage\",\"url\":\"https:\/\/mecolour.com.br\/wp-content\/uploads\/2025\/01\/cnc1.jpg\",\"contentUrl\":\"https:\/\/mecolour.com.br\/wp-content\/uploads\/2025\/01\/cnc1.jpg\",\"width\":800,\"height\":800},{\"@type\":\"BreadcrumbList\",\"@id\":\"https:\/\/mecolour.com.br\/produto\/router-cnc-c500\/#breadcrumb\",\"itemListElement\":[{\"@type\":\"ListItem\",\"position\":1,\"name\":\"In\u00edcio\",\"item\":\"https:\/\/mecolour.com.br\/\"},{\"@type\":\"ListItem\",\"position\":2,\"name\":\"Shop\",\"item\":\"https:\/\/mecolour.com.br\/shop\/\"},{\"@type\":\"ListItem\",\"position\":3,\"name\":\"Mini Router CNC C500\"}]},{\"@type\":\"WebSite\",\"@id\":\"https:\/\/mecolour.com.br\/#website\",\"url\":\"https:\/\/mecolour.com.br\/\",\"name\":\"Mecolour Brasil\",\"description\":\"\",\"potentialAction\":[{\"@type\":\"SearchAction\",\"target\":{\"@type\":\"EntryPoint\",\"urlTemplate\":\"https:\/\/mecolour.com.br\/?s={search_term_string}\"},\"query-input\":{\"@type\":\"PropertyValueSpecification\",\"valueRequired\":true,\"valueName\":\"search_term_string\"}}],\"inLanguage\":\"es-AR\"}]}<\/script>\n<!-- \/ Yoast SEO plugin. -->","yoast_head_json":{"title":"Mini Router CNC C500 - Mecolour Brasil","robots":{"index":"index","follow":"follow","max-snippet":"max-snippet:-1","max-image-preview":"max-image-preview:large","max-video-preview":"max-video-preview:-1"},"canonical":"https:\/\/mecolour.com.br\/es\/producto\/router-cnc-c500\/","og_locale":"es_ES","og_type":"article","og_title":"Mini Router CNC C500 - Mecolour Brasil","og_url":"https:\/\/mecolour.com.br\/es\/producto\/router-cnc-c500\/","og_site_name":"Mecolour Brasil","article_modified_time":"2025-01-28T20:04:46+00:00","og_image":[{"width":800,"height":800,"url":"https:\/\/mecolour.com.br\/wp-content\/uploads\/2025\/01\/cnc1.jpg","type":"image\/jpeg"}],"twitter_card":"summary_large_image","twitter_misc":{"Tiempo de lectura":"3 minutos"},"schema":{"@context":"https:\/\/schema.org","@graph":[{"@type":"WebPage","@id":"https:\/\/mecolour.com.br\/produto\/router-cnc-c500\/","url":"https:\/\/mecolour.com.br\/produto\/router-cnc-c500\/","name":"Mini Router CNC C500 - Mecolour Brasil","isPartOf":{"@id":"https:\/\/mecolour.com.br\/#website"},"primaryImageOfPage":{"@id":"https:\/\/mecolour.com.br\/produto\/router-cnc-c500\/#primaryimage"},"image":{"@id":"https:\/\/mecolour.com.br\/produto\/router-cnc-c500\/#primaryimage"},"thumbnailUrl":"https:\/\/mecolour.com.br\/wp-content\/uploads\/2025\/01\/cnc1.jpg","datePublished":"2025-01-11T14:45:31+00:00","dateModified":"2025-01-28T20:04:46+00:00","breadcrumb":{"@id":"https:\/\/mecolour.com.br\/produto\/router-cnc-c500\/#breadcrumb"},"inLanguage":"es-AR","potentialAction":[{"@type":"ReadAction","target":["https:\/\/mecolour.com.br\/produto\/router-cnc-c500\/"]}]},{"@type":"ImageObject","inLanguage":"es-AR","@id":"https:\/\/mecolour.com.br\/produto\/router-cnc-c500\/#primaryimage","url":"https:\/\/mecolour.com.br\/wp-content\/uploads\/2025\/01\/cnc1.jpg","contentUrl":"https:\/\/mecolour.com.br\/wp-content\/uploads\/2025\/01\/cnc1.jpg","width":800,"height":800},{"@type":"BreadcrumbList","@id":"https:\/\/mecolour.com.br\/produto\/router-cnc-c500\/#breadcrumb","itemListElement":[{"@type":"ListItem","position":1,"name":"In\u00edcio","item":"https:\/\/mecolour.com.br\/"},{"@type":"ListItem","position":2,"name":"Shop","item":"https:\/\/mecolour.com.br\/shop\/"},{"@type":"ListItem","position":3,"name":"Mini Router CNC C500"}]},{"@type":"WebSite","@id":"https:\/\/mecolour.com.br\/#website","url":"https:\/\/mecolour.com.br\/","name":"Mecolour Brasil","description":"","potentialAction":[{"@type":"SearchAction","target":{"@type":"EntryPoint","urlTemplate":"https:\/\/mecolour.com.br\/?s={search_term_string}"},"query-input":{"@type":"PropertyValueSpecification","valueRequired":true,"valueName":"search_term_string"}}],"inLanguage":"es-AR"}]}},"jetpack_sharing_enabled":true,"_links":{"self":[{"href":"https:\/\/mecolour.com.br\/es\/wp-json\/wp\/v2\/product\/13960","targetHints":{"allow":["GET"]}}],"collection":[{"href":"https:\/\/mecolour.com.br\/es\/wp-json\/wp\/v2\/product"}],"about":[{"href":"https:\/\/mecolour.com.br\/es\/wp-json\/wp\/v2\/types\/product"}],"replies":[{"embeddable":true,"href":"https:\/\/mecolour.com.br\/es\/wp-json\/wp\/v2\/comments?post=13960"}],"wp:featuredmedia":[{"embeddable":true,"href":"https:\/\/mecolour.com.br\/es\/wp-json\/wp\/v2\/media\/13968"}],"wp:attachment":[{"href":"https:\/\/mecolour.com.br\/es\/wp-json\/wp\/v2\/media?parent=13960"}],"wp:term":[{"taxonomy":"product_brand","embeddable":true,"href":"https:\/\/mecolour.com.br\/es\/wp-json\/wp\/v2\/product_brand?post=13960"},{"taxonomy":"product_cat","embeddable":true,"href":"https:\/\/mecolour.com.br\/es\/wp-json\/wp\/v2\/product_cat?post=13960"},{"taxonomy":"product_tag","embeddable":true,"href":"https:\/\/mecolour.com.br\/es\/wp-json\/wp\/v2\/product_tag?post=13960"}],"curies":[{"name":"wp","href":"https:\/\/api.w.org\/{rel}","templated":true}]}}