{"id":12691,"date":"2024-04-08T13:41:52","date_gmt":"2024-04-08T16:41:52","guid":{"rendered":"https:\/\/mecolour.com.br\/dev\/?post_type=product&#038;p=12691"},"modified":"2024-08-27T11:45:32","modified_gmt":"2024-08-27T14:45:32","slug":"caneca-com-colher","status":"publish","type":"product","link":"https:\/\/mecolour.com.br\/es\/producto\/caneca-com-colher\/","title":{"rendered":"Caneca com Colher"},"content":{"rendered":"<div class=\"wpb-content-wrapper\"><div class=\"vc_row wpb_row vc_row-fluid\"><div class=\"wpb_column vc_column_container vc_col-sm-3\"><div class=\"vc_column-inner\"><div class=\"wpb_wrapper\">\n\t<div class=\"wpb_raw_code wpb_raw_html wpb_content_element\" >\n\t\t<div class=\"wpb_wrapper\">\n\t\t\t<div style=\"max-width: 800px; max-height: 800px;\">\n  <div style=\"left: 0px; width: 100%; height: 0px; position: relative; padding-bottom: 100%; overflow: hidden;\">\n    <iframe src=\"..\/..\/3D\/insumos\/canecas\/B022.0\/B022.0.html\" allowfullscreen style=\"position: absolute; top: 0px; left: 0px; height: 100%; min-width: 100%; min-height:100%: *width: 100%;\" frameborder=\"0\" scrolling=\"no\">\n    <\/iframe>\n  <\/div>\n<\/div>\n\t\t<\/div>\n\t<\/div>\n\n\t<div class=\"wpb_text_column wpb_content_element vc_custom_1722024194035\" >\n\t\t<div class=\"wpb_wrapper\">\n\t\t\t<h4 style=\"text-align: center;\"><span style=\"color: #ff9900;\">Clique e arraste para girar!<\/span><\/h4>\n<h4><\/h4>\n\n\t\t<\/div>\n\t<\/div>\n<\/div><\/div><\/div><div class=\"wpb_column vc_column_container vc_col-sm-9\"><div class=\"vc_column-inner\"><div class=\"wpb_wrapper\">\n\t\t<div id=\"wd-66cde51fab97e\" class=\"title-wrapper wd-wpb set-mb-s reset-last-child  wd-rs-66cde51fab97e wd-title-color-default wd-title-style-default text-left  wd-underline-colored\">\n\t\t\t\t\t\t\t<div class=\"title-subtitle  subtitle-color-default font-default subtitle-style-default wd-font-weight- wd-fontsize-xs\">durabilidade, brilho, resina de alta absor\u00e7\u00e3o e estilo \u00fanico<\/div>\n\t\t\t\n\t\t\t<div class=\"liner-continer\">\n\t\t\t\t<h4 class=\"woodmart-title-container title  wd-font-weight- wd-fontsize-l\" >A CANECA MAIS QUERIDA DO MERCADO<\/h4>\n\t\t\t\t\t\t\t<\/div>\n\t\t\t\n\t\t\t\n\t\t\t\n\t\t<\/div>\n\t\t\n\t\t\n\t<div class=\"wpb_text_column wpb_content_element\" >\n\t\t<div class=\"wpb_wrapper\">\n\t\t\t<p>As canecas com colher possuem mais requinte para um presente, podem ser usadas para acompanhar um bom caf\u00e9 da manh\u00e3 e servir bebidas mistas, j\u00e1 que a colher est\u00e1 l\u00e1 para ajudar a mexer e a cer\u00e2mica para conservar melhor a temperatura.<\/p>\n<p>Fabricadas no exterior, as canecas com colher\u00a0 trazem a <strong>melhor qualidade de insumos que o sublimador ir\u00e1 ter em m\u00e3os<\/strong>! Algumas das caracter\u00edsticas que encantam todos que usam as canecas com colher da Mecolour s\u00e3o a <strong>superf\u00edcie completamente livre de imperfei\u00e7\u00f5es<\/strong>, <strong>brilho perfeito<\/strong> e <strong>cer\u00e2mica extremamente branca<\/strong>, o que ir\u00e1 casar perfeitamente com sua sublima\u00e7\u00e3o!<\/p>\n<p>Outro segredo de nossos insumos \u00e9 a resina, de <strong>alta absor\u00e7\u00e3o de tinta<\/strong> e alta reten\u00e7\u00e3o do pigmento ao longo do tempo.<\/p>\n<p>Em resumo, sua sublima\u00e7\u00e3o fica com <strong>cores muito mais vivas e muito mais dif\u00edceis de desbotar com tempo e uso<\/strong>! Mecolour \u00e9 tudo de bom, fala a\u00ed? Se ainda n\u00e3o testou nossas canecas, n\u00e3o perca mais tempo e entre para esta comunidade de apaixonados!#soumecolour<\/p>\n\n\t\t<\/div>\n\t<\/div>\n<\/div><\/div><\/div><\/div>\n<\/div>","protected":false},"excerpt":{"rendered":"Clique e arraste para girar! durabilidade, brilho, resina de alta absor\u00e7\u00e3o e estilo \u00fanico A CANECA MAIS QUERIDA DO MERCADO","protected":false},"featured_media":12721,"comment_status":"open","ping_status":"closed","template":"","meta":[],"product_brand":[],"product_cat":[245,70,28],"product_tag":[],"class_list":{"0":"post-12691","1":"product","2":"type-product","3":"status-publish","4":"has-post-thumbnail","6":"product_cat-caneca-colorida","7":"product_cat-ceramica","8":"product_cat-insumos","10":"first","11":"instock","12":"shipping-taxable","13":"purchasable","14":"product-type-variable"},"yoast_head":"<!-- This site is optimized with the Yoast SEO plugin v26.9 - https:\/\/yoast.com\/product\/yoast-seo-wordpress\/ -->\n<title>Caneca com Colher - Mecolour Brasil<\/title>\n<meta name=\"robots\" content=\"index, follow, max-snippet:-1, max-image-preview:large, max-video-preview:-1\" \/>\n<link rel=\"canonical\" href=\"https:\/\/mecolour.com.br\/es\/producto\/caneca-com-colher\/\" \/>\n<meta property=\"og:locale\" content=\"es_ES\" \/>\n<meta property=\"og:type\" content=\"article\" \/>\n<meta property=\"og:title\" content=\"Caneca com Colher - Mecolour Brasil\" \/>\n<meta property=\"og:url\" content=\"https:\/\/mecolour.com.br\/es\/producto\/caneca-com-colher\/\" \/>\n<meta property=\"og:site_name\" content=\"Mecolour Brasil\" \/>\n<meta property=\"article:modified_time\" content=\"2024-08-27T14:45:32+00:00\" \/>\n<meta property=\"og:image\" content=\"https:\/\/mecolour.com.br\/wp-content\/uploads\/2024\/04\/B023.jpg\" \/>\n\t<meta property=\"og:image:width\" content=\"800\" \/>\n\t<meta property=\"og:image:height\" content=\"800\" \/>\n\t<meta property=\"og:image:type\" content=\"image\/jpeg\" \/>\n<meta name=\"twitter:card\" content=\"summary_large_image\" \/>\n<meta name=\"twitter:label1\" content=\"Tiempo de lectura\" \/>\n\t<meta name=\"twitter:data1\" content=\"2 minutos\" \/>\n<script type=\"application\/ld+json\" class=\"yoast-schema-graph\">{\"@context\":\"https:\/\/schema.org\",\"@graph\":[{\"@type\":\"WebPage\",\"@id\":\"https:\/\/mecolour.com.br\/produto\/caneca-com-colher\/\",\"url\":\"https:\/\/mecolour.com.br\/produto\/caneca-com-colher\/\",\"name\":\"Caneca com Colher - Mecolour Brasil\",\"isPartOf\":{\"@id\":\"https:\/\/mecolour.com.br\/#website\"},\"primaryImageOfPage\":{\"@id\":\"https:\/\/mecolour.com.br\/produto\/caneca-com-colher\/#primaryimage\"},\"image\":{\"@id\":\"https:\/\/mecolour.com.br\/produto\/caneca-com-colher\/#primaryimage\"},\"thumbnailUrl\":\"https:\/\/mecolour.com.br\/wp-content\/uploads\/2024\/04\/B023.jpg\",\"datePublished\":\"2024-04-08T16:41:52+00:00\",\"dateModified\":\"2024-08-27T14:45:32+00:00\",\"breadcrumb\":{\"@id\":\"https:\/\/mecolour.com.br\/produto\/caneca-com-colher\/#breadcrumb\"},\"inLanguage\":\"es-AR\",\"potentialAction\":[{\"@type\":\"ReadAction\",\"target\":[\"https:\/\/mecolour.com.br\/produto\/caneca-com-colher\/\"]}]},{\"@type\":\"ImageObject\",\"inLanguage\":\"es-AR\",\"@id\":\"https:\/\/mecolour.com.br\/produto\/caneca-com-colher\/#primaryimage\",\"url\":\"https:\/\/mecolour.com.br\/wp-content\/uploads\/2024\/04\/B023.jpg\",\"contentUrl\":\"https:\/\/mecolour.com.br\/wp-content\/uploads\/2024\/04\/B023.jpg\",\"width\":800,\"height\":800},{\"@type\":\"BreadcrumbList\",\"@id\":\"https:\/\/mecolour.com.br\/produto\/caneca-com-colher\/#breadcrumb\",\"itemListElement\":[{\"@type\":\"ListItem\",\"position\":1,\"name\":\"In\u00edcio\",\"item\":\"https:\/\/mecolour.com.br\/\"},{\"@type\":\"ListItem\",\"position\":2,\"name\":\"Shop\",\"item\":\"https:\/\/mecolour.com.br\/shop\/\"},{\"@type\":\"ListItem\",\"position\":3,\"name\":\"Caneca com Colher\"}]},{\"@type\":\"WebSite\",\"@id\":\"https:\/\/mecolour.com.br\/#website\",\"url\":\"https:\/\/mecolour.com.br\/\",\"name\":\"Mecolour Brasil\",\"description\":\"\",\"potentialAction\":[{\"@type\":\"SearchAction\",\"target\":{\"@type\":\"EntryPoint\",\"urlTemplate\":\"https:\/\/mecolour.com.br\/?s={search_term_string}\"},\"query-input\":{\"@type\":\"PropertyValueSpecification\",\"valueRequired\":true,\"valueName\":\"search_term_string\"}}],\"inLanguage\":\"es-AR\"}]}<\/script>\n<!-- \/ Yoast SEO plugin. -->","yoast_head_json":{"title":"Caneca com Colher - Mecolour Brasil","robots":{"index":"index","follow":"follow","max-snippet":"max-snippet:-1","max-image-preview":"max-image-preview:large","max-video-preview":"max-video-preview:-1"},"canonical":"https:\/\/mecolour.com.br\/es\/producto\/caneca-com-colher\/","og_locale":"es_ES","og_type":"article","og_title":"Caneca com Colher - Mecolour Brasil","og_url":"https:\/\/mecolour.com.br\/es\/producto\/caneca-com-colher\/","og_site_name":"Mecolour Brasil","article_modified_time":"2024-08-27T14:45:32+00:00","og_image":[{"width":800,"height":800,"url":"https:\/\/mecolour.com.br\/wp-content\/uploads\/2024\/04\/B023.jpg","type":"image\/jpeg"}],"twitter_card":"summary_large_image","twitter_misc":{"Tiempo de lectura":"2 minutos"},"schema":{"@context":"https:\/\/schema.org","@graph":[{"@type":"WebPage","@id":"https:\/\/mecolour.com.br\/produto\/caneca-com-colher\/","url":"https:\/\/mecolour.com.br\/produto\/caneca-com-colher\/","name":"Caneca com Colher - Mecolour Brasil","isPartOf":{"@id":"https:\/\/mecolour.com.br\/#website"},"primaryImageOfPage":{"@id":"https:\/\/mecolour.com.br\/produto\/caneca-com-colher\/#primaryimage"},"image":{"@id":"https:\/\/mecolour.com.br\/produto\/caneca-com-colher\/#primaryimage"},"thumbnailUrl":"https:\/\/mecolour.com.br\/wp-content\/uploads\/2024\/04\/B023.jpg","datePublished":"2024-04-08T16:41:52+00:00","dateModified":"2024-08-27T14:45:32+00:00","breadcrumb":{"@id":"https:\/\/mecolour.com.br\/produto\/caneca-com-colher\/#breadcrumb"},"inLanguage":"es-AR","potentialAction":[{"@type":"ReadAction","target":["https:\/\/mecolour.com.br\/produto\/caneca-com-colher\/"]}]},{"@type":"ImageObject","inLanguage":"es-AR","@id":"https:\/\/mecolour.com.br\/produto\/caneca-com-colher\/#primaryimage","url":"https:\/\/mecolour.com.br\/wp-content\/uploads\/2024\/04\/B023.jpg","contentUrl":"https:\/\/mecolour.com.br\/wp-content\/uploads\/2024\/04\/B023.jpg","width":800,"height":800},{"@type":"BreadcrumbList","@id":"https:\/\/mecolour.com.br\/produto\/caneca-com-colher\/#breadcrumb","itemListElement":[{"@type":"ListItem","position":1,"name":"In\u00edcio","item":"https:\/\/mecolour.com.br\/"},{"@type":"ListItem","position":2,"name":"Shop","item":"https:\/\/mecolour.com.br\/shop\/"},{"@type":"ListItem","position":3,"name":"Caneca com Colher"}]},{"@type":"WebSite","@id":"https:\/\/mecolour.com.br\/#website","url":"https:\/\/mecolour.com.br\/","name":"Mecolour Brasil","description":"","potentialAction":[{"@type":"SearchAction","target":{"@type":"EntryPoint","urlTemplate":"https:\/\/mecolour.com.br\/?s={search_term_string}"},"query-input":{"@type":"PropertyValueSpecification","valueRequired":true,"valueName":"search_term_string"}}],"inLanguage":"es-AR"}]}},"jetpack_sharing_enabled":true,"_links":{"self":[{"href":"https:\/\/mecolour.com.br\/es\/wp-json\/wp\/v2\/product\/12691","targetHints":{"allow":["GET"]}}],"collection":[{"href":"https:\/\/mecolour.com.br\/es\/wp-json\/wp\/v2\/product"}],"about":[{"href":"https:\/\/mecolour.com.br\/es\/wp-json\/wp\/v2\/types\/product"}],"replies":[{"embeddable":true,"href":"https:\/\/mecolour.com.br\/es\/wp-json\/wp\/v2\/comments?post=12691"}],"wp:featuredmedia":[{"embeddable":true,"href":"https:\/\/mecolour.com.br\/es\/wp-json\/wp\/v2\/media\/12721"}],"wp:attachment":[{"href":"https:\/\/mecolour.com.br\/es\/wp-json\/wp\/v2\/media?parent=12691"}],"wp:term":[{"taxonomy":"product_brand","embeddable":true,"href":"https:\/\/mecolour.com.br\/es\/wp-json\/wp\/v2\/product_brand?post=12691"},{"taxonomy":"product_cat","embeddable":true,"href":"https:\/\/mecolour.com.br\/es\/wp-json\/wp\/v2\/product_cat?post=12691"},{"taxonomy":"product_tag","embeddable":true,"href":"https:\/\/mecolour.com.br\/es\/wp-json\/wp\/v2\/product_tag?post=12691"}],"curies":[{"name":"wp","href":"https:\/\/api.w.org\/{rel}","templated":true}]}}