{"id":12595,"date":"2024-01-27T09:53:54","date_gmt":"2024-01-27T12:53:54","guid":{"rendered":"https:\/\/mecolour.com.br\/dev\/?post_type=product&#038;p=12595"},"modified":"2026-03-30T16:52:23","modified_gmt":"2026-03-30T19:52:23","slug":"filme-dtf-textil-60cm","status":"publish","type":"product","link":"https:\/\/mecolour.com.br\/es\/producto\/filme-dtf-textil-60cm\/","title":{"rendered":"Filme DTF T\u00eaxtil 60cm"},"content":{"rendered":"<div class=\"wpb-content-wrapper\"><div class=\"vc_row wpb_row vc_row-fluid\"><div class=\"wpb_column vc_column_container vc_col-sm-12\"><div class=\"vc_column-inner\"><div class=\"wpb_wrapper\">\n\t\t<div id=\"wd-66b6112c80b4a\" class=\"title-wrapper wd-wpb set-mb-s reset-last-child  wd-rs-66b6112c80b4a wd-title-color-default wd-title-style-default text-center  wd-underline-colored\">\n\t\t\t\n\t\t\t<div class=\"liner-continer\">\n\t\t\t\t<h4 class=\"woodmart-title-container title  wd-font-weight- wd-fontsize-l\" >CONVERSE COM NOSSO CONSULTOR AGORA MESMO!<\/h4>\n\t\t\t\t\t\t\t<\/div>\n\t\t\t\n\t\t\t\n\t\t\t\n\t\t<\/div>\n\t\t\n\t\t<div id=\"wd-69cad456b2576\" class=\"wd-rs-69cad456b2576 vc_custom_1774900337812 wd-button-wrapper text-center\"><a href=\"https:\/\/wa.me\/5511910670804\" title=\"\" target=\"_blank\" class=\"btn btn-scheme-light btn-scheme-hover-light btn-style-default btn-style-round btn-size-default\">Fale agora mesmo<\/a><\/div><div class=\"vc_empty_space\"   style=\"height: 64px\"><span class=\"vc_empty_space_inner\"><\/span><\/div><\/div><\/div><\/div><\/div><div class=\"vc_row wpb_row vc_row-fluid\"><div class=\"wpb_column vc_column_container vc_col-sm-12\"><div class=\"vc_column-inner\"><div class=\"wpb_wrapper\">\n\t<div class=\"wpb_text_column wpb_content_element\" >\n\t\t<div class=\"wpb_wrapper\">\n\t\t\t<p>Filme base para impress\u00f5es de DTF T\u00eaxtil com aplica\u00e7\u00e3o por poliamida. Nosso filme \u00e9 desenvolvido especialmente pensando no processo de aplica\u00e7\u00e3o da poliamida, afim de que nenhum resqu\u00edcio da cola grude ou seja transferido para o insumo gerando defeitos de qualidade. Com o filme DTF da Mecolour, voc\u00ea garante que sua aplica\u00e7\u00e3o DTF saia perfeita desde a impress\u00e3o at\u00e9 a tranfer\u00eancia t\u00e9rmica.<\/p>\n\n\t\t<\/div>\n\t<\/div>\n<\/div><\/div><\/div><\/div>\n<\/div>","protected":false},"excerpt":{"rendered":"CONVERSE COM NOSSO CONSULTOR AGORA MESMO! Fale agora mesmo Filme base para impress\u00f5es de DTF T\u00eaxtil com aplica\u00e7\u00e3o por poliamida.","protected":false},"featured_media":12596,"comment_status":"closed","ping_status":"closed","template":"","meta":[],"product_brand":[],"product_cat":[303],"product_tag":[156,153,158,154],"class_list":{"0":"post-12595","1":"product","2":"type-product","3":"status-publish","4":"has-post-thumbnail","6":"product_cat-filme-dtf-textil","7":"product_tag-60cm","8":"product_tag-dtf","9":"product_tag-filme","10":"product_tag-textil","12":"first","13":"instock","14":"shipping-taxable","15":"product-type-simple"},"yoast_head":"<!-- This site is optimized with the Yoast SEO plugin v26.9 - https:\/\/yoast.com\/product\/yoast-seo-wordpress\/ -->\n<title>Filme DTF T\u00eaxtil 60cm - Mecolour Brasil<\/title>\n<meta name=\"robots\" content=\"index, follow, max-snippet:-1, max-image-preview:large, max-video-preview:-1\" \/>\n<link rel=\"canonical\" href=\"https:\/\/mecolour.com.br\/es\/producto\/filme-dtf-textil-60cm\/\" \/>\n<meta property=\"og:locale\" content=\"es_ES\" \/>\n<meta property=\"og:type\" content=\"article\" \/>\n<meta property=\"og:title\" content=\"Filme DTF T\u00eaxtil 60cm - Mecolour Brasil\" \/>\n<meta property=\"og:url\" content=\"https:\/\/mecolour.com.br\/es\/producto\/filme-dtf-textil-60cm\/\" \/>\n<meta property=\"og:site_name\" content=\"Mecolour Brasil\" \/>\n<meta property=\"article:modified_time\" content=\"2026-03-30T19:52:23+00:00\" \/>\n<meta property=\"og:image\" content=\"https:\/\/mecolour.com.br\/wp-content\/uploads\/2024\/01\/filme_dtf.jpg\" \/>\n\t<meta property=\"og:image:width\" content=\"700\" \/>\n\t<meta property=\"og:image:height\" content=\"800\" \/>\n\t<meta property=\"og:image:type\" content=\"image\/jpeg\" \/>\n<meta name=\"twitter:card\" content=\"summary_large_image\" \/>\n<meta name=\"twitter:label1\" content=\"Tiempo de lectura\" \/>\n\t<meta name=\"twitter:data1\" content=\"1 minuto\" \/>\n<script type=\"application\/ld+json\" class=\"yoast-schema-graph\">{\"@context\":\"https:\/\/schema.org\",\"@graph\":[{\"@type\":\"WebPage\",\"@id\":\"https:\/\/mecolour.com.br\/produto\/filme-dtf-textil-60cm\/\",\"url\":\"https:\/\/mecolour.com.br\/produto\/filme-dtf-textil-60cm\/\",\"name\":\"Filme DTF T\u00eaxtil 60cm - Mecolour Brasil\",\"isPartOf\":{\"@id\":\"https:\/\/mecolour.com.br\/#website\"},\"primaryImageOfPage\":{\"@id\":\"https:\/\/mecolour.com.br\/produto\/filme-dtf-textil-60cm\/#primaryimage\"},\"image\":{\"@id\":\"https:\/\/mecolour.com.br\/produto\/filme-dtf-textil-60cm\/#primaryimage\"},\"thumbnailUrl\":\"https:\/\/mecolour.com.br\/wp-content\/uploads\/2024\/01\/filme_dtf.jpg\",\"datePublished\":\"2024-01-27T12:53:54+00:00\",\"dateModified\":\"2026-03-30T19:52:23+00:00\",\"breadcrumb\":{\"@id\":\"https:\/\/mecolour.com.br\/produto\/filme-dtf-textil-60cm\/#breadcrumb\"},\"inLanguage\":\"es-AR\",\"potentialAction\":[{\"@type\":\"ReadAction\",\"target\":[\"https:\/\/mecolour.com.br\/produto\/filme-dtf-textil-60cm\/\"]}]},{\"@type\":\"ImageObject\",\"inLanguage\":\"es-AR\",\"@id\":\"https:\/\/mecolour.com.br\/produto\/filme-dtf-textil-60cm\/#primaryimage\",\"url\":\"https:\/\/mecolour.com.br\/wp-content\/uploads\/2024\/01\/filme_dtf.jpg\",\"contentUrl\":\"https:\/\/mecolour.com.br\/wp-content\/uploads\/2024\/01\/filme_dtf.jpg\",\"width\":700,\"height\":800},{\"@type\":\"BreadcrumbList\",\"@id\":\"https:\/\/mecolour.com.br\/produto\/filme-dtf-textil-60cm\/#breadcrumb\",\"itemListElement\":[{\"@type\":\"ListItem\",\"position\":1,\"name\":\"In\u00edcio\",\"item\":\"https:\/\/mecolour.com.br\/\"},{\"@type\":\"ListItem\",\"position\":2,\"name\":\"Shop\",\"item\":\"https:\/\/mecolour.com.br\/shop\/\"},{\"@type\":\"ListItem\",\"position\":3,\"name\":\"Filme DTF T\u00eaxtil 60cm\"}]},{\"@type\":\"WebSite\",\"@id\":\"https:\/\/mecolour.com.br\/#website\",\"url\":\"https:\/\/mecolour.com.br\/\",\"name\":\"Mecolour Brasil\",\"description\":\"\",\"potentialAction\":[{\"@type\":\"SearchAction\",\"target\":{\"@type\":\"EntryPoint\",\"urlTemplate\":\"https:\/\/mecolour.com.br\/?s={search_term_string}\"},\"query-input\":{\"@type\":\"PropertyValueSpecification\",\"valueRequired\":true,\"valueName\":\"search_term_string\"}}],\"inLanguage\":\"es-AR\"}]}<\/script>\n<!-- \/ Yoast SEO plugin. -->","yoast_head_json":{"title":"Filme DTF T\u00eaxtil 60cm - Mecolour Brasil","robots":{"index":"index","follow":"follow","max-snippet":"max-snippet:-1","max-image-preview":"max-image-preview:large","max-video-preview":"max-video-preview:-1"},"canonical":"https:\/\/mecolour.com.br\/es\/producto\/filme-dtf-textil-60cm\/","og_locale":"es_ES","og_type":"article","og_title":"Filme DTF T\u00eaxtil 60cm - Mecolour Brasil","og_url":"https:\/\/mecolour.com.br\/es\/producto\/filme-dtf-textil-60cm\/","og_site_name":"Mecolour Brasil","article_modified_time":"2026-03-30T19:52:23+00:00","og_image":[{"width":700,"height":800,"url":"https:\/\/mecolour.com.br\/wp-content\/uploads\/2024\/01\/filme_dtf.jpg","type":"image\/jpeg"}],"twitter_card":"summary_large_image","twitter_misc":{"Tiempo de lectura":"1 minuto"},"schema":{"@context":"https:\/\/schema.org","@graph":[{"@type":"WebPage","@id":"https:\/\/mecolour.com.br\/produto\/filme-dtf-textil-60cm\/","url":"https:\/\/mecolour.com.br\/produto\/filme-dtf-textil-60cm\/","name":"Filme DTF T\u00eaxtil 60cm - Mecolour Brasil","isPartOf":{"@id":"https:\/\/mecolour.com.br\/#website"},"primaryImageOfPage":{"@id":"https:\/\/mecolour.com.br\/produto\/filme-dtf-textil-60cm\/#primaryimage"},"image":{"@id":"https:\/\/mecolour.com.br\/produto\/filme-dtf-textil-60cm\/#primaryimage"},"thumbnailUrl":"https:\/\/mecolour.com.br\/wp-content\/uploads\/2024\/01\/filme_dtf.jpg","datePublished":"2024-01-27T12:53:54+00:00","dateModified":"2026-03-30T19:52:23+00:00","breadcrumb":{"@id":"https:\/\/mecolour.com.br\/produto\/filme-dtf-textil-60cm\/#breadcrumb"},"inLanguage":"es-AR","potentialAction":[{"@type":"ReadAction","target":["https:\/\/mecolour.com.br\/produto\/filme-dtf-textil-60cm\/"]}]},{"@type":"ImageObject","inLanguage":"es-AR","@id":"https:\/\/mecolour.com.br\/produto\/filme-dtf-textil-60cm\/#primaryimage","url":"https:\/\/mecolour.com.br\/wp-content\/uploads\/2024\/01\/filme_dtf.jpg","contentUrl":"https:\/\/mecolour.com.br\/wp-content\/uploads\/2024\/01\/filme_dtf.jpg","width":700,"height":800},{"@type":"BreadcrumbList","@id":"https:\/\/mecolour.com.br\/produto\/filme-dtf-textil-60cm\/#breadcrumb","itemListElement":[{"@type":"ListItem","position":1,"name":"In\u00edcio","item":"https:\/\/mecolour.com.br\/"},{"@type":"ListItem","position":2,"name":"Shop","item":"https:\/\/mecolour.com.br\/shop\/"},{"@type":"ListItem","position":3,"name":"Filme DTF T\u00eaxtil 60cm"}]},{"@type":"WebSite","@id":"https:\/\/mecolour.com.br\/#website","url":"https:\/\/mecolour.com.br\/","name":"Mecolour Brasil","description":"","potentialAction":[{"@type":"SearchAction","target":{"@type":"EntryPoint","urlTemplate":"https:\/\/mecolour.com.br\/?s={search_term_string}"},"query-input":{"@type":"PropertyValueSpecification","valueRequired":true,"valueName":"search_term_string"}}],"inLanguage":"es-AR"}]}},"jetpack_sharing_enabled":true,"_links":{"self":[{"href":"https:\/\/mecolour.com.br\/es\/wp-json\/wp\/v2\/product\/12595","targetHints":{"allow":["GET"]}}],"collection":[{"href":"https:\/\/mecolour.com.br\/es\/wp-json\/wp\/v2\/product"}],"about":[{"href":"https:\/\/mecolour.com.br\/es\/wp-json\/wp\/v2\/types\/product"}],"replies":[{"embeddable":true,"href":"https:\/\/mecolour.com.br\/es\/wp-json\/wp\/v2\/comments?post=12595"}],"wp:featuredmedia":[{"embeddable":true,"href":"https:\/\/mecolour.com.br\/es\/wp-json\/wp\/v2\/media\/12596"}],"wp:attachment":[{"href":"https:\/\/mecolour.com.br\/es\/wp-json\/wp\/v2\/media?parent=12595"}],"wp:term":[{"taxonomy":"product_brand","embeddable":true,"href":"https:\/\/mecolour.com.br\/es\/wp-json\/wp\/v2\/product_brand?post=12595"},{"taxonomy":"product_cat","embeddable":true,"href":"https:\/\/mecolour.com.br\/es\/wp-json\/wp\/v2\/product_cat?post=12595"},{"taxonomy":"product_tag","embeddable":true,"href":"https:\/\/mecolour.com.br\/es\/wp-json\/wp\/v2\/product_tag?post=12595"}],"curies":[{"name":"wp","href":"https:\/\/api.w.org\/{rel}","templated":true}]}}