{"id":12491,"date":"2024-01-10T11:32:43","date_gmt":"2024-01-10T14:32:43","guid":{"rendered":"https:\/\/mecolour.com.br\/dev\/?page_id=12491"},"modified":"2024-01-10T13:55:07","modified_gmt":"2024-01-10T16:55:07","slug":"fale-conosco","status":"publish","type":"page","link":"https:\/\/mecolour.com.br\/es\/fale-conosco\/","title":{"rendered":"Fale Conosco"},"content":{"rendered":"<div class=\"wpb-content-wrapper\"><div class=\"vc_row wpb_row vc_row-fluid\"><div class=\"wpb_column vc_column_container vc_col-sm-12\"><div class=\"vc_column-inner\"><div class=\"wpb_wrapper\">\n\t\t<div id=\"wd-659eac2d473fe\" class=\"title-wrapper wd-wpb set-mb-s reset-last-child  wd-rs-659eac2d473fe wd-title-color-default wd-title-style-image text-center  wd-underline-colored\">\n\t\t\t\t\t\t\t<div class=\"title-subtitle  subtitle-color-default font-default subtitle-style-default wd-font-weight- wd-fontsize-xs\">ENTENDA AQUI O SEU CANAL DE COMUNICA\u00c7\u00c3O IDEAL<\/div>\n\t\t\t\n\t\t\t<div class=\"liner-continer\">\n\t\t\t\t<h4 class=\"woodmart-title-container title  wd-font-weight- wd-fontsize-l\" >QUAL \u00c9 A SUA NECESSIDADE COM A MECOLOUR?<\/h4>\n\t\t\t\t\t\t\t\t\t<div class=\"img-wrapper\"><img loading=\"lazy\" decoding=\"async\" width=\"160\" height=\"120\" src=\"https:\/\/mecolour.com.br\/wp-content\/uploads\/2024\/01\/atendimento.jpg\" class=\"attachment-full size-full\" alt=\"\" srcset=\"https:\/\/mecolour.com.br\/wp-content\/uploads\/2024\/01\/atendimento.jpg 160w, https:\/\/mecolour.com.br\/wp-content\/uploads\/2024\/01\/atendimento-150x113.jpg 150w, https:\/\/mecolour.com.br\/wp-content\/uploads\/2024\/01\/atendimento-16x12.jpg 16w\" sizes=\"auto, (max-width: 160px) 100vw, 160px\" \/><\/div>\t\t\t\t\t\t\t<\/div>\n\t\t\t\n\t\t\t\n\t\t\t\n\t\t<\/div>\n\t\t\n\t\t<\/div><\/div><\/div><\/div><div class=\"vc_row wpb_row vc_row-fluid vc_custom_1496926452255 vc_row-o-equal-height vc_row-flex\"><div class=\"wpb_column vc_column_container vc_col-sm-12 vc_col-lg-6 vc_col-md-6 vc_col-has-fill\"><div class=\"vc_column-inner vc_custom_1496927710186\"><div class=\"wpb_wrapper\">\n\t\t<div id=\"wd-659ea8cb521ed\" class=\"title-wrapper wd-wpb set-mb-s reset-last-child  wd-rs-659ea8cb521ed wd-title-color-default wd-title-style-default text-left  wd-underline-colored\">\n\t\t\t\t\t\t\t<div class=\"title-subtitle  subtitle-color-default font-default subtitle-style-default wd-font-weight- wd-fontsize-xs\">CONVERSE COM NOSSA ATENDENTE<\/div>\n\t\t\t\n\t\t\t<div class=\"liner-continer\">\n\t\t\t\t<h4 class=\"woodmart-title-container title  wd-font-weight- wd-fontsize-l\" >Canal de WhatsApp<\/h4>\n\t\t\t\t\t\t\t<\/div>\n\t\t\t\n\t\t\t\n\t\t\t\n\t\t<\/div>\n\t\t\n\t\t<div id=\"wd-659ecbb591f10\" class=\"wd-rs-659ecbb591f10 vc_custom_1704905705185 wd-button-wrapper wd-smooth-scroll text-left\" data-smooth-time=\"100\" data-smooth-offset=\"100\"><a href=\"https:\/\/wa.me\/5511956799640\" title=\"Contato\" class=\"btn btn-color-alt btn-style-default btn-style-round btn-size-large\">ATENDIMENTO<\/a><\/div>\t\t<div id=\"wd-659eae00ae4b8\" class=\"wd-text-block wd-wpb reset-last-child wd-rs-659eae00ae4b8 text-left\">\n\t\t\t<p>Nosso canal de atendimento ir\u00e1 lhe ajudar com d\u00favidas em produtos nossos, cadastro para revenda, contatos comerciais e mais.<\/p>\n\t\t<\/div>\n\t\t<div class=\"vc_separator wpb_content_element vc_separator_align_center vc_sep_width_100 vc_sep_pos_align_center vc_separator_no_text vc_sep_color_grey\" ><span class=\"vc_sep_holder vc_sep_holder_l\"><span class=\"vc_sep_line\"><\/span><\/span><span class=\"vc_sep_holder vc_sep_holder_r\"><span class=\"vc_sep_line\"><\/span><\/span>\n<\/div>\n\t\t<div id=\"wd-659ea9255c628\" class=\"title-wrapper wd-wpb set-mb-s reset-last-child  wd-rs-659ea9255c628 wd-title-color-default wd-title-style-default text-left  wd-underline-colored\">\n\t\t\t\t\t\t\t<div class=\"title-subtitle  subtitle-color-default font-default subtitle-style-default wd-font-weight- wd-fontsize-xs\">CANAL DE WHATSAPP PARA SUPORTE<\/div>\n\t\t\t\n\t\t\t<div class=\"liner-continer\">\n\t\t\t\t<h4 class=\"woodmart-title-container title  wd-font-weight- wd-fontsize-l\" >Suporte de produtos<\/h4>\n\t\t\t\t\t\t\t<\/div>\n\t\t\t\n\t\t\t\n\t\t\t\n\t\t<\/div>\n\t\t\n\t\t<div id=\"wd-659ec888a779a\" class=\"wd-rs-659ec888a779a vc_custom_1704904879903 wd-button-wrapper wd-smooth-scroll text-left\" data-smooth-time=\"100\" data-smooth-offset=\"100\"><a href=\"https:\/\/mecolour.com.br\/dev\/suporte\/\" title=\"Contato\" class=\"btn btn-color-alt btn-style-default btn-style-round btn-size-large\">SUPORTE<\/a><\/div>\t\t<div id=\"wd-659ec8b4275b7\" class=\"wd-text-block wd-wpb reset-last-child wd-rs-659ec8b4275b7 text-left\">\n\t\t\t<p>O lugar ideal para voc\u00ea receber suporte em seu produto Mecolour, partindo de d\u00favidas at\u00e9 assist\u00eancia t\u00e9cnica especializada.<\/p>\n\t\t<\/div>\n\t\t<div class=\"vc_separator wpb_content_element vc_separator_align_center vc_sep_width_100 vc_sep_pos_align_center vc_separator_no_text vc_sep_color_grey\" ><span class=\"vc_sep_holder vc_sep_holder_l\"><span class=\"vc_sep_line\"><\/span><\/span><span class=\"vc_sep_holder vc_sep_holder_r\"><span class=\"vc_sep_line\"><\/span><\/span>\n<\/div>\n\t\t<div id=\"wd-659eaa37a41c4\" class=\"title-wrapper wd-wpb set-mb-s reset-last-child  wd-rs-659eaa37a41c4 wd-title-color-default wd-title-style-default text-left  wd-underline-colored\">\n\t\t\t\t\t\t\t<div class=\"title-subtitle  subtitle-color-default font-default subtitle-style-default wd-font-weight- wd-fontsize-xs\">FAQ GERAL MECOLOUR<\/div>\n\t\t\t\n\t\t\t<div class=\"liner-continer\">\n\t\t\t\t<h4 class=\"woodmart-title-container title  wd-font-weight- wd-fontsize-l\" >D\u00favidas gerais<\/h4>\n\t\t\t\t\t\t\t<\/div>\n\t\t\t\n\t\t\t\n\t\t\t\n\t\t<\/div>\n\t\t\n\t\t<div id=\"wd-659ec985657c0\" class=\"wd-rs-659ec985657c0 vc_custom_1704905101519 wd-button-wrapper wd-smooth-scroll text-left\" data-smooth-time=\"100\" data-smooth-offset=\"100\"><a href=\"https:\/\/mecolour.com.br\/dev\/faq\/\" title=\"Contato\" class=\"btn btn-color-alt btn-style-default btn-style-round btn-size-large\">FAQ MECOLOUR<\/a><\/div>\t\t<div id=\"wd-659ec92135eba\" class=\"wd-text-block wd-wpb reset-last-child wd-rs-659ec92135eba text-left\">\n\t\t\t<p>Nosso banco de d\u00favidas \u00e9 incrementado a cada dia que passa! Encontre a resposta para suas perguntas em nosso FAQ agora!<\/p>\n\t\t<\/div>\n\t\t<\/div><\/div><\/div><div class=\"wpb_column vc_column_container vc_col-sm-12 vc_col-lg-6 vc_col-md-6\"><div class=\"vc_column-inner vc_custom_1496927688909\"><div class=\"wpb_wrapper\">\n\t\t<div id=\"wd-659eac739cb87\" class=\"title-wrapper wd-wpb set-mb-s reset-last-child  wd-rs-659eac739cb87 wd-title-color-default wd-title-style-default text-right  wd-underline-colored\">\n\t\t\t\t\t\t\t<div class=\"title-subtitle  subtitle-color-default font-default subtitle-style-default wd-font-weight- wd-fontsize-xs\">FORMUL\u00c1RIO DE CONTATO<\/div>\n\t\t\t\n\t\t\t<div class=\"liner-continer\">\n\t\t\t\t<h4 class=\"woodmart-title-container title  wd-font-weight- wd-fontsize-l\" >Contato simples<\/h4>\n\t\t\t\t\t\t\t<\/div>\n\t\t\t\n\t\t\t\n\t\t\t\n\t\t<\/div>\n\t\t\n\t\t<div id=\"wd-659eb06fee725\" class=\"wd-rs-659eb06fee725 vc_custom_1704898679938 wd-button-wrapper wd-smooth-scroll text-right\" data-smooth-time=\"100\" data-smooth-offset=\"100\"><a href=\"https:\/\/mecolour.com.br\/dev\/contato\/\" title=\"Contato\" class=\"btn btn-color-alt btn-style-default btn-style-round btn-size-large\">CONTATO<\/a><\/div>\t\t<div id=\"wd-659ec6ee659b6\" class=\"wd-text-block wd-wpb reset-last-child wd-rs-659ec6ee659b6 text-left\">\n\t\t\t<p>Em nossa p\u00e1gina de contato voc\u00ea encontra informa\u00e7\u00f5es de localiza\u00e7\u00e3o, dados, e-mails e telefones para contato bem como formul\u00e1rio.<\/p>\n\t\t<\/div>\n\t\t<div class=\"vc_separator wpb_content_element vc_separator_align_center vc_sep_width_100 vc_sep_pos_align_center vc_separator_no_text vc_sep_color_grey\" ><span class=\"vc_sep_holder vc_sep_holder_l\"><span class=\"vc_sep_line\"><\/span><\/span><span class=\"vc_sep_holder vc_sep_holder_r\"><span class=\"vc_sep_line\"><\/span><\/span>\n<\/div>\n\t\t<div id=\"wd-659eac79897ff\" class=\"title-wrapper wd-wpb set-mb-s reset-last-child  wd-rs-659eac79897ff wd-title-color-default wd-title-style-default text-right  wd-underline-colored\">\n\t\t\t\t\t\t\t<div class=\"title-subtitle  subtitle-color-default font-default subtitle-style-default wd-font-weight- wd-fontsize-xs\">CANAL DE VENDAS VIA WHASAPP<\/div>\n\t\t\t\n\t\t\t<div class=\"liner-continer\">\n\t\t\t\t<h4 class=\"woodmart-title-container title  wd-font-weight- wd-fontsize-l\" >Compra de resist\u00eancias<\/h4>\n\t\t\t\t\t\t\t<\/div>\n\t\t\t\n\t\t\t\n\t\t\t\n\t\t<\/div>\n\t\t\n\t\t<div id=\"wd-659ec9b683e55\" class=\"wd-rs-659ec9b683e55 vc_custom_1704905176006 wd-button-wrapper wd-smooth-scroll text-right\" data-smooth-time=\"100\" data-smooth-offset=\"100\"><a href=\"https:\/\/mecolour.com.br\/dev\/resistencias\/\" title=\"Contato\" class=\"btn btn-color-alt btn-style-default btn-style-round btn-size-large\">RESIST\u00caNCIAS<\/a><\/div>\t\t<div id=\"wd-659ec9dc25119\" class=\"wd-text-block wd-wpb reset-last-child wd-rs-659ec9dc25119 text-left\">\n\t\t\t<p>Nosso canal de vendas para resist\u00eancias de prensas t\u00e9rmicas Mecolour, garanta sua reposi\u00e7\u00e3o de forma r\u00e1pida e pr\u00e1tica!<\/p>\n\t\t<\/div>\n\t\t<div class=\"vc_separator wpb_content_element vc_separator_align_center vc_sep_width_100 vc_sep_pos_align_center vc_separator_no_text vc_sep_color_grey\" ><span class=\"vc_sep_holder vc_sep_holder_l\"><span class=\"vc_sep_line\"><\/span><\/span><span class=\"vc_sep_holder vc_sep_holder_r\"><span class=\"vc_sep_line\"><\/span><\/span>\n<\/div>\n\t\t<div id=\"wd-659eac7ec06b3\" class=\"title-wrapper wd-wpb set-mb-s reset-last-child  wd-rs-659eac7ec06b3 wd-title-color-default wd-title-style-default text-right  wd-underline-colored\">\n\t\t\t\t\t\t\t<div class=\"title-subtitle  subtitle-color-default font-default subtitle-style-default wd-font-weight- wd-fontsize-xs\">ENCONTRE SUA REVENDA MECOLOUR<\/div>\n\t\t\t\n\t\t\t<div class=\"liner-continer\">\n\t\t\t\t<h4 class=\"woodmart-title-container title  wd-font-weight- wd-fontsize-l\" >Mapa de revendedores no Brasil<\/h4>\n\t\t\t\t\t\t\t<\/div>\n\t\t\t\n\t\t\t\n\t\t\t\n\t\t<\/div>\n\t\t\n\t\t<div id=\"wd-659eca3057eb6\" class=\"wd-rs-659eca3057eb6 vc_custom_1704905276068 wd-button-wrapper wd-smooth-scroll text-right\" data-smooth-time=\"100\" data-smooth-offset=\"100\"><a href=\"https:\/\/mecolour.com.br\/dev\/contato\/\" title=\"Contato\" class=\"btn btn-color-alt btn-style-default btn-style-round btn-size-large\">REVENDAS<\/a><\/div>\t\t<div id=\"wd-659eca06d672b\" class=\"wd-text-block wd-wpb reset-last-child wd-rs-659eca06d672b text-left\">\n\t\t\t<p>Encontre aqui seu revendedor Mecolour cadastrado mais pr\u00f3ximo, temos revendas por todo territ\u00f3rio nacional!<\/p>\n\t\t<\/div>\n\t\t<\/div><\/div><\/div><\/div>\n<\/div>","protected":false},"excerpt":{"rendered":"ENTENDA AQUI O SEU CANAL DE COMUNICA\u00c7\u00c3O IDEAL QUAL \u00c9 A SUA NECESSIDADE COM A MECOLOUR? CONVERSE COM NOSSA ATENDENTE","protected":false},"author":1,"featured_media":0,"parent":0,"menu_order":0,"comment_status":"closed","ping_status":"closed","template":"","meta":{"footnotes":""},"class_list":["post-12491","page","type-page","status-publish","hentry"],"yoast_head":"<!-- This site is optimized with the Yoast SEO plugin v26.9 - https:\/\/yoast.com\/product\/yoast-seo-wordpress\/ -->\n<title>Fale Conosco - Mecolour Brasil<\/title>\n<meta name=\"robots\" content=\"index, follow, max-snippet:-1, max-image-preview:large, max-video-preview:-1\" \/>\n<link rel=\"canonical\" href=\"https:\/\/mecolour.com.br\/es\/fale-conosco\/\" \/>\n<meta property=\"og:locale\" content=\"es_ES\" \/>\n<meta property=\"og:type\" content=\"article\" \/>\n<meta property=\"og:title\" content=\"Fale Conosco - Mecolour Brasil\" \/>\n<meta property=\"og:url\" content=\"https:\/\/mecolour.com.br\/es\/fale-conosco\/\" \/>\n<meta property=\"og:site_name\" content=\"Mecolour Brasil\" \/>\n<meta property=\"article:modified_time\" content=\"2024-01-10T16:55:07+00:00\" \/>\n<meta name=\"twitter:card\" content=\"summary_large_image\" \/>\n<meta name=\"twitter:label1\" content=\"Tiempo de lectura\" \/>\n\t<meta name=\"twitter:data1\" content=\"11 minutos\" \/>\n<script type=\"application\/ld+json\" class=\"yoast-schema-graph\">{\"@context\":\"https:\/\/schema.org\",\"@graph\":[{\"@type\":\"WebPage\",\"@id\":\"https:\/\/mecolour.com.br\/fale-conosco\/\",\"url\":\"https:\/\/mecolour.com.br\/fale-conosco\/\",\"name\":\"Fale Conosco - Mecolour Brasil\",\"isPartOf\":{\"@id\":\"https:\/\/mecolour.com.br\/#website\"},\"datePublished\":\"2024-01-10T14:32:43+00:00\",\"dateModified\":\"2024-01-10T16:55:07+00:00\",\"breadcrumb\":{\"@id\":\"https:\/\/mecolour.com.br\/fale-conosco\/#breadcrumb\"},\"inLanguage\":\"es-AR\",\"potentialAction\":[{\"@type\":\"ReadAction\",\"target\":[\"https:\/\/mecolour.com.br\/fale-conosco\/\"]}]},{\"@type\":\"BreadcrumbList\",\"@id\":\"https:\/\/mecolour.com.br\/fale-conosco\/#breadcrumb\",\"itemListElement\":[{\"@type\":\"ListItem\",\"position\":1,\"name\":\"In\u00edcio\",\"item\":\"https:\/\/mecolour.com.br\/\"},{\"@type\":\"ListItem\",\"position\":2,\"name\":\"Fale Conosco\"}]},{\"@type\":\"WebSite\",\"@id\":\"https:\/\/mecolour.com.br\/#website\",\"url\":\"https:\/\/mecolour.com.br\/\",\"name\":\"Mecolour Brasil\",\"description\":\"\",\"potentialAction\":[{\"@type\":\"SearchAction\",\"target\":{\"@type\":\"EntryPoint\",\"urlTemplate\":\"https:\/\/mecolour.com.br\/?s={search_term_string}\"},\"query-input\":{\"@type\":\"PropertyValueSpecification\",\"valueRequired\":true,\"valueName\":\"search_term_string\"}}],\"inLanguage\":\"es-AR\"}]}<\/script>\n<!-- \/ Yoast SEO plugin. -->","yoast_head_json":{"title":"Fale Conosco - Mecolour Brasil","robots":{"index":"index","follow":"follow","max-snippet":"max-snippet:-1","max-image-preview":"max-image-preview:large","max-video-preview":"max-video-preview:-1"},"canonical":"https:\/\/mecolour.com.br\/es\/fale-conosco\/","og_locale":"es_ES","og_type":"article","og_title":"Fale Conosco - Mecolour Brasil","og_url":"https:\/\/mecolour.com.br\/es\/fale-conosco\/","og_site_name":"Mecolour Brasil","article_modified_time":"2024-01-10T16:55:07+00:00","twitter_card":"summary_large_image","twitter_misc":{"Tiempo de lectura":"11 minutos"},"schema":{"@context":"https:\/\/schema.org","@graph":[{"@type":"WebPage","@id":"https:\/\/mecolour.com.br\/fale-conosco\/","url":"https:\/\/mecolour.com.br\/fale-conosco\/","name":"Fale Conosco - Mecolour Brasil","isPartOf":{"@id":"https:\/\/mecolour.com.br\/#website"},"datePublished":"2024-01-10T14:32:43+00:00","dateModified":"2024-01-10T16:55:07+00:00","breadcrumb":{"@id":"https:\/\/mecolour.com.br\/fale-conosco\/#breadcrumb"},"inLanguage":"es-AR","potentialAction":[{"@type":"ReadAction","target":["https:\/\/mecolour.com.br\/fale-conosco\/"]}]},{"@type":"BreadcrumbList","@id":"https:\/\/mecolour.com.br\/fale-conosco\/#breadcrumb","itemListElement":[{"@type":"ListItem","position":1,"name":"In\u00edcio","item":"https:\/\/mecolour.com.br\/"},{"@type":"ListItem","position":2,"name":"Fale Conosco"}]},{"@type":"WebSite","@id":"https:\/\/mecolour.com.br\/#website","url":"https:\/\/mecolour.com.br\/","name":"Mecolour Brasil","description":"","potentialAction":[{"@type":"SearchAction","target":{"@type":"EntryPoint","urlTemplate":"https:\/\/mecolour.com.br\/?s={search_term_string}"},"query-input":{"@type":"PropertyValueSpecification","valueRequired":true,"valueName":"search_term_string"}}],"inLanguage":"es-AR"}]}},"jetpack_sharing_enabled":true,"_links":{"self":[{"href":"https:\/\/mecolour.com.br\/es\/wp-json\/wp\/v2\/pages\/12491","targetHints":{"allow":["GET"]}}],"collection":[{"href":"https:\/\/mecolour.com.br\/es\/wp-json\/wp\/v2\/pages"}],"about":[{"href":"https:\/\/mecolour.com.br\/es\/wp-json\/wp\/v2\/types\/page"}],"author":[{"embeddable":true,"href":"https:\/\/mecolour.com.br\/es\/wp-json\/wp\/v2\/users\/1"}],"replies":[{"embeddable":true,"href":"https:\/\/mecolour.com.br\/es\/wp-json\/wp\/v2\/comments?post=12491"}],"version-history":[{"count":7,"href":"https:\/\/mecolour.com.br\/es\/wp-json\/wp\/v2\/pages\/12491\/revisions"}],"predecessor-version":[{"id":12501,"href":"https:\/\/mecolour.com.br\/es\/wp-json\/wp\/v2\/pages\/12491\/revisions\/12501"}],"wp:attachment":[{"href":"https:\/\/mecolour.com.br\/es\/wp-json\/wp\/v2\/media?parent=12491"}],"curies":[{"name":"wp","href":"https:\/\/api.w.org\/{rel}","templated":true}]}}