{"id":12479,"date":"2024-01-09T10:57:47","date_gmt":"2024-01-09T13:57:47","guid":{"rendered":"https:\/\/mecolour.com.br\/dev\/?page_id=12479"},"modified":"2024-01-09T11:36:28","modified_gmt":"2024-01-09T14:36:28","slug":"nossa-operacao","status":"publish","type":"page","link":"https:\/\/mecolour.com.br\/es\/nossa-operacao\/","title":{"rendered":"Nossa Opera\u00e7\u00e3o"},"content":{"rendered":"<div class=\"wpb-content-wrapper\"><div data-vc-full-width=\"true\" data-vc-full-width-init=\"false\" class=\"vc_row wpb_row vc_row-fluid vc_custom_1629876973406 vc_row-has-fill vc_row-o-content-middle vc_row-flex wd-rs-6125f2d9a9f9b\"><div class=\"wpb_column vc_column_container vc_col-sm-12 vc_col-lg-4 vc_col-md-4 vc_col-xs-12 wd-rs-6537f43ae0530\"><div class=\"vc_column-inner vc_custom_1698165832393\"><div class=\"wpb_wrapper\">\n\t\t<div id=\"wd-659d5118a91e3\" class=\"title-wrapper wd-wpb set-mb-s reset-last-child  wd-animation-zoom-in wd-animation-normal wd-rs-659d5118a91e3 wd-title-color-primary wd-title-style-default text-left vc_custom_1704808764244 wd-width-enabled wd-underline-colored\" style=\"--wd-max-width: 90%;\">\n\t\t\t\t\t\t\t<div class=\"title-subtitle  subtitle-color-primary font-default subtitle-style-default wd-font-weight-600 wd-fontsize-xs\">MUITO MAIS DO QUE FABRICANTE<\/div>\n\t\t\t\n\t\t\t<div class=\"liner-continer\">\n\t\t\t\t<h4 class=\"woodmart-title-container title  wd-font-weight- wd-fontsize-xxl\" >Nossa Opera\u00e7\u00e3o<\/h4>\n\t\t\t\t\t\t\t<\/div>\n\t\t\t\n\t\t\t\n\t\t\t\n\t\t<\/div>\n\t\t\n\t\t<\/div><\/div><\/div><div class=\"wpb_column vc_column_container vc_col-sm-6 vc_col-lg-offset-1 vc_col-lg-3 vc_col-md-4 wd-rs-6125f2f5a2779\"><div class=\"vc_column-inner vc_custom_1629876984854\"><div class=\"wpb_wrapper\">\t\t\t<div class=\"info-box-wrapper\">\n\t\t\t\t<div id=\"wd-659d46d1bc9fc\" class=\"wd-rs-659d46d1bc9fc wd-info-box wd-wpb text-left box-icon-align-left box-style- color-scheme- wd-bg-none wd-off-anim wpb_animate_when_almost_visible wpb_fadeInRight fadeInRight wd-anim-name_fadeInRight wd-items-top with-btn box-btn-static vc_custom_1704806178730\"  >\n\t\t\t\t\t\t\t\t\t\t<div class=\"info-box-content\">\n\t\t\t\t\t\t<h4 class=\"info-box-title title box-title-style-default wd-fontsize-m\">Mais sobre a Mecolour<\/h4>\t\t\t\t\t\t<div class=\"info-box-inner set-cont-mb-s reset-last-child\"><p>Mais detalhes sobre a empresa de personaliz\u00e1veis que mais inova no Brasil.<\/p>\n<\/div>\n\n\t\t\t\t\t\t<div class=\"info-btn-wrapper\"><div id=\"wd-69d932fc032a2\" class=\"wd-button-wrapper text-left\"><a href=\"https:\/\/mecolour.com.br\/dev\/sobre-nos\/\" title=\"Capa para Almofada Cora\u00e7\u00e3o com Lantejolas Rosa\" class=\"btn btn-color-primary btn-style-link btn-style-rectangle btn-size-small\">Sobre N\u00f3s<\/a><\/div><\/div>\t\t\t\t\t<\/div>\n\n\t\t\t\t\t\t\t\t\t<\/div>\n\t\t\t<\/div>\n\t\t<\/div><\/div><\/div><div class=\"wpb_column vc_column_container vc_col-sm-6 vc_col-lg-offset-1 vc_col-lg-3 vc_col-md-4 wd-rs-6125f2efc6c08\"><div class=\"vc_column-inner vc_custom_1629876980184\"><div class=\"wpb_wrapper\">\t\t\t<div class=\"info-box-wrapper\">\n\t\t\t\t<div id=\"wd-659d50aeeb079\" class=\"wd-rs-659d50aeeb079 wd-info-box wd-wpb text-left box-icon-align-left box-style- color-scheme- wd-bg-none wd-off-anim wpb_animate_when_almost_visible wpb_fadeInRightBig fadeInRightBig wd-anim-name_fadeInRightBig wd-items-top with-btn box-btn-static vc_custom_1704808665677\"  >\n\t\t\t\t\t\t\t\t\t\t<div class=\"info-box-content\">\n\t\t\t\t\t\t<h4 class=\"info-box-title title box-title-style-default wd-fontsize-m\">Confie em quem conhece<\/h4>\t\t\t\t\t\t<div class=\"info-box-inner set-cont-mb-s reset-last-child\"><p>A 7 anos no mercado nacional fornecendo somente os melhores produtos de personaliza\u00e7\u00e3o.<\/p>\n<\/div>\n\n\t\t\t\t\t\t<div class=\"info-btn-wrapper\"><div id=\"wd-69d932fc035aa\" class=\"wd-button-wrapper text-left\"><a href=\"https:\/\/mecolour.com.br\/dev\/nossa-historia\/\" title=\"Nossa hist\u00f3ria\" class=\"btn btn-color-primary btn-style-link btn-style-rectangle btn-size-small\">Nossa hist\u00f3ria<\/a><\/div><\/div>\t\t\t\t\t<\/div>\n\n\t\t\t\t\t\t\t\t\t<\/div>\n\t\t\t<\/div>\n\t\t<\/div><\/div><\/div><\/div><div class=\"vc_row-full-width vc_clearfix\"><\/div><div class=\"vc_row wpb_row vc_row-fluid vc_custom_1629877038080 row-reverse-mobile row-reverse-tablet wd-rs-6125f32826e3d\"><div class=\"wpb_column vc_column_container vc_col-sm-12 vc_col-lg-6 vc_col-md-6 wd-rs-6125f30edad72\"><div class=\"vc_column-inner vc_custom_1629877010833\"><div class=\"wpb_wrapper\">\t\t<div id=\"wd-659d59bf21685\" class=\"wd-image wd-wpb wd-animation-slide-from-left wd-animation-normal wd-rs-659d59bf21685 text-left vc_custom_1704810986213\">\n\t\t\t\n\t\t\t<img loading=\"lazy\" decoding=\"async\" width=\"2048\" height=\"2048\" src=\"https:\/\/mecolour.com.br\/wp-content\/uploads\/2024\/01\/fabrica.jpg\" class=\"attachment-full size-full\" alt=\"\" srcset=\"https:\/\/mecolour.com.br\/wp-content\/uploads\/2024\/01\/fabrica.jpg 2048w, https:\/\/mecolour.com.br\/wp-content\/uploads\/2024\/01\/fabrica-430x430.jpg 430w, https:\/\/mecolour.com.br\/wp-content\/uploads\/2024\/01\/fabrica-150x150.jpg 150w, https:\/\/mecolour.com.br\/wp-content\/uploads\/2024\/01\/fabrica-700x700.jpg 700w, https:\/\/mecolour.com.br\/wp-content\/uploads\/2024\/01\/fabrica-300x300.jpg 300w, https:\/\/mecolour.com.br\/wp-content\/uploads\/2024\/01\/fabrica-800x800.jpg 800w, https:\/\/mecolour.com.br\/wp-content\/uploads\/2024\/01\/fabrica-768x768.jpg 768w, https:\/\/mecolour.com.br\/wp-content\/uploads\/2024\/01\/fabrica-1536x1536.jpg 1536w, https:\/\/mecolour.com.br\/wp-content\/uploads\/2024\/01\/fabrica-12x12.jpg 12w, https:\/\/mecolour.com.br\/wp-content\/uploads\/2024\/01\/fabrica-860x860.jpg 860w, https:\/\/mecolour.com.br\/wp-content\/uploads\/2024\/01\/fabrica-1320x1320.jpg 1320w\" sizes=\"auto, (max-width: 2048px) 100vw, 2048px\" \/>\n\t\t\t\t\t<\/div>\n\t\t<\/div><\/div><\/div><div class=\"wpb_column vc_column_container vc_col-sm-12 vc_col-lg-offset-1 vc_col-lg-5 vc_col-md-6 vc_col-xs-12 wd-rs-6125f320eb687\"><div class=\"vc_column-inner vc_custom_1629877027060\"><div class=\"wpb_wrapper\">\n\t\t<div id=\"wd-659d56f5ada85\" class=\"title-wrapper wd-wpb set-mb-s reset-last-child  wd-animation-slide-from-right wd-animation-normal wd-rs-659d56f5ada85 wd-title-color-primary wd-title-style-default text-left vc_custom_1704810278861 wd-underline-colored\">\n\t\t\t\t\t\t\t<div class=\"title-subtitle  subtitle-color-primary font-default subtitle-style-default wd-font-weight-600 wd-fontsize-xs\">MUITO AL\u00c9M DOS PRODUTOS<\/div>\n\t\t\t\n\t\t\t<div class=\"liner-continer\">\n\t\t\t\t<h4 class=\"woodmart-title-container title  wd-font-weight- wd-fontsize-xxl\" >Nossa opera\u00e7\u00e3o<\/h4>\n\t\t\t\t\t\t\t<\/div>\n\t\t\t\n\t\t\t\n\t\t\t\n\t\t<\/div>\n\t\t\n\t\t\t\t<div id=\"wd-659d57298a1b9\" class=\"wd-text-block wd-wpb reset-last-child wd-animation-zoom-in wd-animation-normal wd-rs-659d57298a1b9 text-left wd-width-enabled wd-fontsize-s vc_custom_1704810319791\" style=\"--wd-max-width: 90%;\">\n\t\t\t<p>A Mecolour n\u00e3o s\u00f3 fabrica, tamb\u00e9m distribui e presta atendimento de suporte!<\/p>\n\t\t<\/div>\n\t\t\t\t<div id=\"wd-659d566d71d31\" class=\"wd-text-block wd-wpb reset-last-child wd-animation-zoom-in wd-animation-normal wd-rs-659d566d71d31 text-left wd-fontsize-custom vc_custom_1704810098679\">\n\t\t\t<p><span style=\"font-weight: 400;\">Desde a sua funda\u00e7\u00e3o na China em 2008, a Mecolour tem se destacado como uma refer\u00eancia em qualidade e inova\u00e7\u00e3o na ind\u00fastria de sublima\u00e7\u00e3o e impress\u00e3o digital t\u00eaxtil. Em 2015, alcan\u00e7amos um marco significativo na expans\u00e3o das nossas opera\u00e7\u00f5es ao estabelecer um centro de vendas e assist\u00eancia t\u00e9cnica no Brasil, fortalecendo ainda mais a nossa capacidade de atender com efic\u00e1cia clientes em toda a Am\u00e9rica Latina.<\/span><\/p>\n<p><span style=\"font-weight: 400;\">A Mecolour conta uma equipe de produ\u00e7\u00e3o formada por profissionais altamente qualificados que se dedicam \u00e0 pesquisa e ao desenvolvimento t\u00e9cnico. Nosso compromisso com a qualidade e a inova\u00e7\u00e3o \u00e9 evidente em todas as nossas opera\u00e7\u00f5es.\u00a0<\/span><\/p>\n\t\t<\/div>\n\t\t<\/div><\/div><\/div><\/div><div class=\"vc_row wpb_row vc_row-fluid vc_custom_1629877050232 wd-rs-6125f332edbdf\"><div class=\"wpb_column vc_column_container vc_col-sm-12\"><div class=\"vc_column-inner vc_custom_1615616838746\"><div class=\"wpb_wrapper\">\t\t<div id=\"wd-659d5665ede27\" class=\"wd-text-block wd-wpb reset-last-child wd-animation-zoom-in wd-animation-normal wd-rs-659d5665ede27 text-left wd-fontsize-custom vc_custom_1704810091247\">\n\t\t\t<p><b>Nossas solu\u00e7\u00f5es<\/b><\/p>\n<p><span style=\"font-weight: 400;\">Nossa linha de produtos \u00e9 ampla e diversificada, abrangendo tanto o mercado de sublima\u00e7\u00e3o quanto o de impress\u00e3o digital t\u00eaxtil. Para o mercado de sublima\u00e7\u00e3o, oferecemos uma variedade de m\u00e1quinas, pap\u00e9is e insumos, desde canecas de vidro e cer\u00e2mica at\u00e9 capas de almofada, porta-copos, porta-retratos, mousepads, sacolas e muito mais.<\/span><\/p>\n<p><span style=\"font-weight: 400;\">No mercado de impress\u00e3o digital t\u00eaxtil, nosso cat\u00e1logo \u00e9 abrangente e inclui m\u00e1quinas de grande formato, como plotters, prensas, calandras e uma linha completa de DTF. Al\u00e9m disso, oferecemos uma ampla variedade de filmes de recorte dispon\u00edveis em v\u00e1rias cores e efeitos, garantindo que possamos atender a todas as necessidades com qualidade e versatilidade.<\/span><\/p>\n<p><span style=\"font-weight: 400;\">Al\u00e9m disso, tamb\u00e9m oferecemos uma linha de pap\u00e9is fotogr\u00e1ficos de alta qualidade para completar nossa oferta de produtos e fornecer op\u00e7\u00f5es adicionais aos nossos clientes.<\/span><\/p>\n<p><span style=\"font-weight: 400;\">Todos esses produtos e equipamentos s\u00e3o fabricados na China e distribu\u00eddos por meio do nosso centro no Brasil, onde contamos com uma equipe preparada para fornecer todo o suporte necess\u00e1rio.<\/span><\/p>\n<p><b>Foco na Qualidade, Inova\u00e7\u00e3o e Satisfa\u00e7\u00e3o do Cliente<\/b><\/p>\n<p><span style=\"font-weight: 400;\">Nosso sistema operacional \u00e9 fundamentado em princ\u00edpios essenciais: qualidade, inova\u00e7\u00e3o e satisfa\u00e7\u00e3o do cliente. Com uma presen\u00e7a global, nossa dedica\u00e7\u00e3o \u00e9 fornecer continuamente solu\u00e7\u00f5es excepcionais para a ind\u00fastria de sublima\u00e7\u00e3o e impress\u00e3o digital t\u00eaxtil, expandindo constantemente nossa presen\u00e7a internacional.<\/span><\/p>\n<p><span style=\"font-weight: 400;\">Convidamos voc\u00ea a fazer parte dessa jornada de sucesso. Seja um de nossos parceiros como distribuidor e junte-se a n\u00f3s na busca cont\u00ednua pela excel\u00eancia.<\/span><\/p>\n\t\t<\/div>\n\t\t<\/div><\/div><\/div><\/div>\n<\/div>","protected":false},"excerpt":{"rendered":"MUITO MAIS DO QUE FABRICANTE Nossa Opera\u00e7\u00e3o Mais sobre a Mecolour Mais detalhes sobre a empresa de personaliz\u00e1veis que mais","protected":false},"author":1,"featured_media":0,"parent":0,"menu_order":0,"comment_status":"closed","ping_status":"closed","template":"","meta":{"footnotes":""},"class_list":["post-12479","page","type-page","status-publish","hentry"],"yoast_head":"<!-- This site is optimized with the Yoast SEO plugin v26.9 - https:\/\/yoast.com\/product\/yoast-seo-wordpress\/ -->\n<title>Nossa Opera\u00e7\u00e3o - Mecolour Brasil<\/title>\n<meta name=\"robots\" content=\"index, follow, max-snippet:-1, max-image-preview:large, max-video-preview:-1\" \/>\n<link rel=\"canonical\" href=\"https:\/\/mecolour.com.br\/es\/nossa-operacao\/\" \/>\n<meta property=\"og:locale\" content=\"es_ES\" \/>\n<meta property=\"og:type\" content=\"article\" \/>\n<meta property=\"og:title\" content=\"Nossa Opera\u00e7\u00e3o - Mecolour Brasil\" \/>\n<meta property=\"og:url\" content=\"https:\/\/mecolour.com.br\/es\/nossa-operacao\/\" \/>\n<meta property=\"og:site_name\" content=\"Mecolour Brasil\" \/>\n<meta property=\"article:modified_time\" content=\"2024-01-09T14:36:28+00:00\" \/>\n<meta name=\"twitter:card\" content=\"summary_large_image\" \/>\n<meta name=\"twitter:label1\" content=\"Tiempo de lectura\" \/>\n\t<meta name=\"twitter:data1\" content=\"10 minutos\" \/>\n<script type=\"application\/ld+json\" class=\"yoast-schema-graph\">{\"@context\":\"https:\/\/schema.org\",\"@graph\":[{\"@type\":\"WebPage\",\"@id\":\"https:\/\/mecolour.com.br\/nossa-operacao\/\",\"url\":\"https:\/\/mecolour.com.br\/nossa-operacao\/\",\"name\":\"Nossa Opera\u00e7\u00e3o - Mecolour Brasil\",\"isPartOf\":{\"@id\":\"https:\/\/mecolour.com.br\/#website\"},\"datePublished\":\"2024-01-09T13:57:47+00:00\",\"dateModified\":\"2024-01-09T14:36:28+00:00\",\"breadcrumb\":{\"@id\":\"https:\/\/mecolour.com.br\/nossa-operacao\/#breadcrumb\"},\"inLanguage\":\"es-AR\",\"potentialAction\":[{\"@type\":\"ReadAction\",\"target\":[\"https:\/\/mecolour.com.br\/nossa-operacao\/\"]}]},{\"@type\":\"BreadcrumbList\",\"@id\":\"https:\/\/mecolour.com.br\/nossa-operacao\/#breadcrumb\",\"itemListElement\":[{\"@type\":\"ListItem\",\"position\":1,\"name\":\"In\u00edcio\",\"item\":\"https:\/\/mecolour.com.br\/\"},{\"@type\":\"ListItem\",\"position\":2,\"name\":\"Nossa Opera\u00e7\u00e3o\"}]},{\"@type\":\"WebSite\",\"@id\":\"https:\/\/mecolour.com.br\/#website\",\"url\":\"https:\/\/mecolour.com.br\/\",\"name\":\"Mecolour Brasil\",\"description\":\"\",\"potentialAction\":[{\"@type\":\"SearchAction\",\"target\":{\"@type\":\"EntryPoint\",\"urlTemplate\":\"https:\/\/mecolour.com.br\/?s={search_term_string}\"},\"query-input\":{\"@type\":\"PropertyValueSpecification\",\"valueRequired\":true,\"valueName\":\"search_term_string\"}}],\"inLanguage\":\"es-AR\"}]}<\/script>\n<!-- \/ Yoast SEO plugin. -->","yoast_head_json":{"title":"Nossa Opera\u00e7\u00e3o - Mecolour Brasil","robots":{"index":"index","follow":"follow","max-snippet":"max-snippet:-1","max-image-preview":"max-image-preview:large","max-video-preview":"max-video-preview:-1"},"canonical":"https:\/\/mecolour.com.br\/es\/nossa-operacao\/","og_locale":"es_ES","og_type":"article","og_title":"Nossa Opera\u00e7\u00e3o - Mecolour Brasil","og_url":"https:\/\/mecolour.com.br\/es\/nossa-operacao\/","og_site_name":"Mecolour Brasil","article_modified_time":"2024-01-09T14:36:28+00:00","twitter_card":"summary_large_image","twitter_misc":{"Tiempo de lectura":"10 minutos"},"schema":{"@context":"https:\/\/schema.org","@graph":[{"@type":"WebPage","@id":"https:\/\/mecolour.com.br\/nossa-operacao\/","url":"https:\/\/mecolour.com.br\/nossa-operacao\/","name":"Nossa Opera\u00e7\u00e3o - Mecolour Brasil","isPartOf":{"@id":"https:\/\/mecolour.com.br\/#website"},"datePublished":"2024-01-09T13:57:47+00:00","dateModified":"2024-01-09T14:36:28+00:00","breadcrumb":{"@id":"https:\/\/mecolour.com.br\/nossa-operacao\/#breadcrumb"},"inLanguage":"es-AR","potentialAction":[{"@type":"ReadAction","target":["https:\/\/mecolour.com.br\/nossa-operacao\/"]}]},{"@type":"BreadcrumbList","@id":"https:\/\/mecolour.com.br\/nossa-operacao\/#breadcrumb","itemListElement":[{"@type":"ListItem","position":1,"name":"In\u00edcio","item":"https:\/\/mecolour.com.br\/"},{"@type":"ListItem","position":2,"name":"Nossa Opera\u00e7\u00e3o"}]},{"@type":"WebSite","@id":"https:\/\/mecolour.com.br\/#website","url":"https:\/\/mecolour.com.br\/","name":"Mecolour Brasil","description":"","potentialAction":[{"@type":"SearchAction","target":{"@type":"EntryPoint","urlTemplate":"https:\/\/mecolour.com.br\/?s={search_term_string}"},"query-input":{"@type":"PropertyValueSpecification","valueRequired":true,"valueName":"search_term_string"}}],"inLanguage":"es-AR"}]}},"jetpack_sharing_enabled":true,"_links":{"self":[{"href":"https:\/\/mecolour.com.br\/es\/wp-json\/wp\/v2\/pages\/12479","targetHints":{"allow":["GET"]}}],"collection":[{"href":"https:\/\/mecolour.com.br\/es\/wp-json\/wp\/v2\/pages"}],"about":[{"href":"https:\/\/mecolour.com.br\/es\/wp-json\/wp\/v2\/types\/page"}],"author":[{"embeddable":true,"href":"https:\/\/mecolour.com.br\/es\/wp-json\/wp\/v2\/users\/1"}],"replies":[{"embeddable":true,"href":"https:\/\/mecolour.com.br\/es\/wp-json\/wp\/v2\/comments?post=12479"}],"version-history":[{"count":4,"href":"https:\/\/mecolour.com.br\/es\/wp-json\/wp\/v2\/pages\/12479\/revisions"}],"predecessor-version":[{"id":12481,"href":"https:\/\/mecolour.com.br\/es\/wp-json\/wp\/v2\/pages\/12479\/revisions\/12481"}],"wp:attachment":[{"href":"https:\/\/mecolour.com.br\/es\/wp-json\/wp\/v2\/media?parent=12479"}],"curies":[{"name":"wp","href":"https:\/\/api.w.org\/{rel}","templated":true}]}}