{"id":12470,"date":"2024-01-09T10:09:21","date_gmt":"2024-01-09T13:09:21","guid":{"rendered":"https:\/\/mecolour.com.br\/dev\/?page_id=12470"},"modified":"2024-01-10T14:25:53","modified_gmt":"2024-01-10T17:25:53","slug":"nossa-historia","status":"publish","type":"page","link":"https:\/\/mecolour.com.br\/es\/nossa-historia\/","title":{"rendered":"Nossa hist\u00f3ria"},"content":{"rendered":"<div class=\"wpb-content-wrapper\"><div data-vc-full-width=\"true\" data-vc-full-width-init=\"false\" class=\"vc_row wpb_row vc_row-fluid vc_custom_1629876973406 vc_row-has-fill vc_row-o-content-middle vc_row-flex wd-rs-6125f2d9a9f9b\"><div class=\"wpb_column vc_column_container vc_col-sm-12 vc_col-lg-4 vc_col-md-4 vc_col-xs-12 wd-rs-6537f43ae0530\"><div class=\"vc_column-inner vc_custom_1698165832393\"><div class=\"wpb_wrapper\">\n\t\t<div id=\"wd-659d45f35751e\" class=\"title-wrapper wd-wpb set-mb-s reset-last-child  wd-animation-zoom-in wd-animation-normal wd-rs-659d45f35751e wd-title-color-primary wd-title-style-default text-left vc_custom_1704806004093 wd-width-enabled wd-underline-colored\" style=\"--wd-max-width: 90%;\">\n\t\t\t\t\t\t\t<div class=\"title-subtitle  subtitle-color-primary font-default subtitle-style-default wd-font-weight-600 wd-fontsize-xs\">LONGA DATA OFERECENDO SOMENTE O MELHOR<\/div>\n\t\t\t\n\t\t\t<div class=\"liner-continer\">\n\t\t\t\t<h4 class=\"woodmart-title-container title  wd-font-weight- wd-fontsize-xxl\" >Hist\u00f3ria de nossos neg\u00f3cios<\/h4>\n\t\t\t\t\t\t\t<\/div>\n\t\t\t\n\t\t\t\n\t\t\t\n\t\t<\/div>\n\t\t\n\t\t<\/div><\/div><\/div><div class=\"wpb_column vc_column_container vc_col-sm-6 vc_col-lg-offset-1 vc_col-lg-3 vc_col-md-4 wd-rs-6125f2f5a2779\"><div class=\"vc_column-inner vc_custom_1629876984854\"><div class=\"wpb_wrapper\">\t\t\t<div class=\"info-box-wrapper\">\n\t\t\t\t<div id=\"wd-659d46d1bc9fc\" class=\"wd-rs-659d46d1bc9fc wd-info-box wd-wpb text-left box-icon-align-left box-style- color-scheme- wd-bg-none wd-off-anim wpb_animate_when_almost_visible wpb_fadeInRight fadeInRight wd-anim-name_fadeInRight wd-items-top with-btn box-btn-static vc_custom_1704806178730\"  >\n\t\t\t\t\t\t\t\t\t\t<div class=\"info-box-content\">\n\t\t\t\t\t\t<h4 class=\"info-box-title title box-title-style-default wd-fontsize-m\">Mais sobre a Mecolour<\/h4>\t\t\t\t\t\t<div class=\"info-box-inner set-cont-mb-s reset-last-child\"><p>Mais detalhes sobre a empresa de personaliz\u00e1veis que mais inova no Brasil.<\/p>\n<\/div>\n\n\t\t\t\t\t\t<div class=\"info-btn-wrapper\"><div id=\"wd-69d937c368fee\" class=\"wd-button-wrapper text-left\"><a href=\"https:\/\/mecolour.com.br\/dev\/sobre-nos\/\" title=\"Capa para Almofada Cora\u00e7\u00e3o com Lantejolas Rosa\" class=\"btn btn-color-primary btn-style-link btn-style-rectangle btn-size-small\">Sobre N\u00f3s<\/a><\/div><\/div>\t\t\t\t\t<\/div>\n\n\t\t\t\t\t\t\t\t\t<\/div>\n\t\t\t<\/div>\n\t\t<\/div><\/div><\/div><div class=\"wpb_column vc_column_container vc_col-sm-6 vc_col-lg-offset-1 vc_col-lg-3 vc_col-md-4 wd-rs-6125f2efc6c08\"><div class=\"vc_column-inner vc_custom_1629876980184\"><div class=\"wpb_wrapper\">\t\t\t<div class=\"info-box-wrapper\">\n\t\t\t\t<div id=\"wd-659ed2f6044f1\" class=\"wd-rs-659ed2f6044f1 wd-info-box wd-wpb text-left box-icon-align-left box-style- color-scheme- wd-bg-none wd-off-anim wpb_animate_when_almost_visible wpb_fadeInRightBig fadeInRightBig wd-anim-name_fadeInRightBig wd-items-top with-btn box-btn-static vc_custom_1704907545414\"  >\n\t\t\t\t\t\t\t\t\t\t<div class=\"info-box-content\">\n\t\t\t\t\t\t<h4 class=\"info-box-title title box-title-style-default wd-fontsize-m\">Nossa opera\u00e7\u00e3o no Brasil<\/h4>\t\t\t\t\t\t<div class=\"info-box-inner set-cont-mb-s reset-last-child\"><p>Diretamente das f\u00e1bricas em Xangai para suas m\u00e3os! Entenda a origem de nossa qualidade!<\/p>\n<\/div>\n\n\t\t\t\t\t\t<div class=\"info-btn-wrapper\"><div id=\"wd-69d937c36935d\" class=\"wd-button-wrapper text-left\"><a href=\"https:\/\/mecolour.com.br\/dev\/nossa-operacao\/\" title=\"Nossa Opera\u00e7\u00e3o\" class=\"btn btn-color-primary btn-style-link btn-style-rectangle btn-size-small\">Como operamos<\/a><\/div><\/div>\t\t\t\t\t<\/div>\n\n\t\t\t\t\t\t\t\t\t<\/div>\n\t\t\t<\/div>\n\t\t<\/div><\/div><\/div><\/div><div class=\"vc_row-full-width vc_clearfix\"><\/div><div class=\"vc_row wpb_row vc_row-fluid vc_custom_1629877038080 row-reverse-mobile row-reverse-tablet wd-rs-6125f32826e3d\"><div class=\"wpb_column vc_column_container vc_col-sm-12 vc_col-lg-6 vc_col-md-6 wd-rs-6125f30edad72\"><div class=\"vc_column-inner vc_custom_1629877010833\"><div class=\"wpb_wrapper\">\t\t<div id=\"wd-659d4f3837c55\" class=\"wd-image wd-wpb wd-animation-slide-from-left wd-animation-normal wd-rs-659d4f3837c55 text-left vc_custom_1704808259361\">\n\t\t\t\n\t\t\t<img loading=\"lazy\" decoding=\"async\" width=\"2048\" height=\"2048\" src=\"https:\/\/mecolour.com.br\/wp-content\/uploads\/2024\/01\/navio.jpg\" class=\"attachment-full size-full\" alt=\"\" srcset=\"https:\/\/mecolour.com.br\/wp-content\/uploads\/2024\/01\/navio.jpg 2048w, https:\/\/mecolour.com.br\/wp-content\/uploads\/2024\/01\/navio-430x430.jpg 430w, https:\/\/mecolour.com.br\/wp-content\/uploads\/2024\/01\/navio-150x150.jpg 150w, https:\/\/mecolour.com.br\/wp-content\/uploads\/2024\/01\/navio-700x700.jpg 700w, https:\/\/mecolour.com.br\/wp-content\/uploads\/2024\/01\/navio-300x300.jpg 300w, https:\/\/mecolour.com.br\/wp-content\/uploads\/2024\/01\/navio-800x800.jpg 800w, https:\/\/mecolour.com.br\/wp-content\/uploads\/2024\/01\/navio-768x768.jpg 768w, https:\/\/mecolour.com.br\/wp-content\/uploads\/2024\/01\/navio-1536x1536.jpg 1536w, https:\/\/mecolour.com.br\/wp-content\/uploads\/2024\/01\/navio-12x12.jpg 12w, https:\/\/mecolour.com.br\/wp-content\/uploads\/2024\/01\/navio-860x860.jpg 860w, https:\/\/mecolour.com.br\/wp-content\/uploads\/2024\/01\/navio-1320x1320.jpg 1320w\" sizes=\"auto, (max-width: 2048px) 100vw, 2048px\" \/>\n\t\t\t\t\t<\/div>\n\t\t<\/div><\/div><\/div><div class=\"wpb_column vc_column_container vc_col-sm-12 vc_col-lg-offset-1 vc_col-lg-5 vc_col-md-6 vc_col-xs-12 wd-rs-6125f320eb687\"><div class=\"vc_column-inner vc_custom_1629877027060\"><div class=\"wpb_wrapper\">\n\t\t<div id=\"wd-659d4770d08c2\" class=\"title-wrapper wd-wpb set-mb-s reset-last-child  wd-animation-slide-from-right wd-animation-normal wd-rs-659d4770d08c2 wd-title-color-primary wd-title-style-default text-left vc_custom_1704806314822 wd-underline-colored\">\n\t\t\t\t\t\t\t<div class=\"title-subtitle  subtitle-color-primary font-default subtitle-style-default wd-font-weight-600 wd-fontsize-xs\">A ORIGEM DA QUALIDADE<\/div>\n\t\t\t\n\t\t\t<div class=\"liner-continer\">\n\t\t\t\t<h4 class=\"woodmart-title-container title  wd-font-weight- wd-fontsize-xxl\" >Nossa hist\u00f3ria<\/h4>\n\t\t\t\t\t\t\t<\/div>\n\t\t\t\n\t\t\t\n\t\t\t\n\t\t<\/div>\n\t\t\n\t\t\t\t<div id=\"wd-659d4cf07c6ae\" class=\"wd-text-block wd-wpb reset-last-child wd-animation-zoom-in wd-animation-normal wd-rs-659d4cf07c6ae text-left wd-width-enabled wd-fontsize-s vc_custom_1704807688211\" style=\"--wd-max-width: 90%;\">\n\t\t\t<p><em>Nossa hist\u00f3ria de sucesso cruza os mares para chegar ao seu local de produ\u00e7\u00e3o de personalizados!<\/em><\/p>\n\t\t<\/div>\n\t\t\t\t<div id=\"wd-659d47e244641\" class=\"wd-text-block wd-wpb reset-last-child wd-animation-zoom-in wd-animation-normal wd-rs-659d47e244641 text-left wd-fontsize-custom vc_custom_1704806398699\">\n\t\t\t<p><span style=\"font-weight: 400;\">Na MECOLOUR, reconhecemos que a inova\u00e7\u00e3o e a qualidade s\u00e3o os pilares fundamentais para uma empresa l\u00edder na ind\u00fastria de sublima\u00e7\u00e3o e impress\u00e3o digital t\u00eaxtil.<\/span><\/p>\n<p><span style=\"font-weight: 400;\">Desde nossa funda\u00e7\u00e3o na China em 2008, temos nos esfor\u00e7ado para ser um exemplo not\u00e1vel desse compromisso, integrando produ\u00e7\u00e3o, pesquisa, desenvolvimento e vendas para conquistar uma posi\u00e7\u00e3o de lideran\u00e7a no setor.<\/span><\/p>\n<p><span style=\"font-weight: 400;\">Desde o in\u00edcio, abra\u00e7amos a filosofia corporativa da &#8220;alta qualidade, excelente servi\u00e7o e alta efici\u00eancia&#8221;. Esse compromisso com a qualidade permeia todos os aspectos de nossas opera\u00e7\u00f5es, desde a produ\u00e7\u00e3o at\u00e9 o atendimento ao cliente.\u00a0<\/span><\/p>\n\t\t<\/div>\n\t\t<\/div><\/div><\/div><\/div><div class=\"vc_row wpb_row vc_row-fluid vc_custom_1629877050232 wd-rs-6125f332edbdf\"><div class=\"wpb_column vc_column_container vc_col-sm-12\"><div class=\"vc_column-inner vc_custom_1615616838746\"><div class=\"wpb_wrapper\">\t\t<div id=\"wd-659d483782172\" class=\"wd-text-block wd-wpb reset-last-child wd-animation-zoom-in wd-animation-normal wd-rs-659d483782172 text-left wd-fontsize-custom vc_custom_1704806460266\">\n\t\t\t<p><span style=\"font-weight: 400;\">Em 2015, demos um passo significativo ao estabelecer um centro de distribui\u00e7\u00e3o no Brasil, expandindo nossa presen\u00e7a e conquistando o p\u00fablico da Am\u00e9rica Latina. Essa estrat\u00e9gia n\u00e3o apenas ampliou nossa presen\u00e7a geogr\u00e1fica, mas tamb\u00e9m consolidou nossa posi\u00e7\u00e3o como l\u00edder internacional na ind\u00fastria.<\/span><\/p>\n<p>&nbsp;<\/p>\n<p><span style=\"font-weight: 400;\">Ao longo de mais de dez anos, constru\u00edmos uma reputa\u00e7\u00e3o de excel\u00eancia centrada na qualidade e no servi\u00e7o, que nos valeu o reconhecimento e a lealdade de novos clientes em escala global. Atualmente, nossos produtos e equipamentos s\u00e3o distribu\u00eddos em mais de 200 pa\u00edses ao redor do mundo, refletindo a confian\u00e7a que os consumidores t\u00eam em nossa marca.<\/span><\/p>\n<p>&nbsp;<\/p>\n<p><span style=\"font-weight: 400;\">Hoje, reiteramos nosso compromisso constante de atender \u00e0s demandas do mercado, concentrando nossos esfor\u00e7os no aprimoramento cont\u00ednuo das solu\u00e7\u00f5es mais excepcionais. Convidamos voc\u00ea a se tornar um distribuidor ou revendedor e a embarcar conosco nessa jornada de sucesso.<\/span><\/p>\n\t\t<\/div>\n\t\t<\/div><\/div><\/div><\/div>\n<\/div>","protected":false},"excerpt":{"rendered":"LONGA DATA OFERECENDO SOMENTE O MELHOR Hist\u00f3ria de nossos neg\u00f3cios Mais sobre a Mecolour Mais detalhes sobre a empresa de","protected":false},"author":1,"featured_media":0,"parent":0,"menu_order":0,"comment_status":"closed","ping_status":"closed","template":"","meta":{"footnotes":""},"class_list":["post-12470","page","type-page","status-publish","hentry"],"yoast_head":"<!-- This site is optimized with the Yoast SEO plugin v26.9 - https:\/\/yoast.com\/product\/yoast-seo-wordpress\/ -->\n<title>Nossa hist\u00f3ria - Mecolour Brasil<\/title>\n<meta name=\"robots\" content=\"index, follow, max-snippet:-1, max-image-preview:large, max-video-preview:-1\" \/>\n<link rel=\"canonical\" href=\"https:\/\/mecolour.com.br\/es\/nossa-historia\/\" \/>\n<meta property=\"og:locale\" content=\"es_ES\" \/>\n<meta property=\"og:type\" content=\"article\" \/>\n<meta property=\"og:title\" content=\"Nossa hist\u00f3ria - Mecolour Brasil\" \/>\n<meta property=\"og:url\" content=\"https:\/\/mecolour.com.br\/es\/nossa-historia\/\" \/>\n<meta property=\"og:site_name\" content=\"Mecolour Brasil\" \/>\n<meta property=\"article:modified_time\" content=\"2024-01-10T17:25:53+00:00\" \/>\n<meta name=\"twitter:card\" content=\"summary_large_image\" \/>\n<meta name=\"twitter:label1\" content=\"Tiempo de lectura\" \/>\n\t<meta name=\"twitter:data1\" content=\"10 minutos\" \/>\n<script type=\"application\/ld+json\" class=\"yoast-schema-graph\">{\"@context\":\"https:\/\/schema.org\",\"@graph\":[{\"@type\":\"WebPage\",\"@id\":\"https:\/\/mecolour.com.br\/nossa-historia\/\",\"url\":\"https:\/\/mecolour.com.br\/nossa-historia\/\",\"name\":\"Nossa hist\u00f3ria - Mecolour Brasil\",\"isPartOf\":{\"@id\":\"https:\/\/mecolour.com.br\/#website\"},\"datePublished\":\"2024-01-09T13:09:21+00:00\",\"dateModified\":\"2024-01-10T17:25:53+00:00\",\"breadcrumb\":{\"@id\":\"https:\/\/mecolour.com.br\/nossa-historia\/#breadcrumb\"},\"inLanguage\":\"es-AR\",\"potentialAction\":[{\"@type\":\"ReadAction\",\"target\":[\"https:\/\/mecolour.com.br\/nossa-historia\/\"]}]},{\"@type\":\"BreadcrumbList\",\"@id\":\"https:\/\/mecolour.com.br\/nossa-historia\/#breadcrumb\",\"itemListElement\":[{\"@type\":\"ListItem\",\"position\":1,\"name\":\"In\u00edcio\",\"item\":\"https:\/\/mecolour.com.br\/\"},{\"@type\":\"ListItem\",\"position\":2,\"name\":\"Nossa hist\u00f3ria\"}]},{\"@type\":\"WebSite\",\"@id\":\"https:\/\/mecolour.com.br\/#website\",\"url\":\"https:\/\/mecolour.com.br\/\",\"name\":\"Mecolour Brasil\",\"description\":\"\",\"potentialAction\":[{\"@type\":\"SearchAction\",\"target\":{\"@type\":\"EntryPoint\",\"urlTemplate\":\"https:\/\/mecolour.com.br\/?s={search_term_string}\"},\"query-input\":{\"@type\":\"PropertyValueSpecification\",\"valueRequired\":true,\"valueName\":\"search_term_string\"}}],\"inLanguage\":\"es-AR\"}]}<\/script>\n<!-- \/ Yoast SEO plugin. -->","yoast_head_json":{"title":"Nossa hist\u00f3ria - Mecolour Brasil","robots":{"index":"index","follow":"follow","max-snippet":"max-snippet:-1","max-image-preview":"max-image-preview:large","max-video-preview":"max-video-preview:-1"},"canonical":"https:\/\/mecolour.com.br\/es\/nossa-historia\/","og_locale":"es_ES","og_type":"article","og_title":"Nossa hist\u00f3ria - Mecolour Brasil","og_url":"https:\/\/mecolour.com.br\/es\/nossa-historia\/","og_site_name":"Mecolour Brasil","article_modified_time":"2024-01-10T17:25:53+00:00","twitter_card":"summary_large_image","twitter_misc":{"Tiempo de lectura":"10 minutos"},"schema":{"@context":"https:\/\/schema.org","@graph":[{"@type":"WebPage","@id":"https:\/\/mecolour.com.br\/nossa-historia\/","url":"https:\/\/mecolour.com.br\/nossa-historia\/","name":"Nossa hist\u00f3ria - Mecolour Brasil","isPartOf":{"@id":"https:\/\/mecolour.com.br\/#website"},"datePublished":"2024-01-09T13:09:21+00:00","dateModified":"2024-01-10T17:25:53+00:00","breadcrumb":{"@id":"https:\/\/mecolour.com.br\/nossa-historia\/#breadcrumb"},"inLanguage":"es-AR","potentialAction":[{"@type":"ReadAction","target":["https:\/\/mecolour.com.br\/nossa-historia\/"]}]},{"@type":"BreadcrumbList","@id":"https:\/\/mecolour.com.br\/nossa-historia\/#breadcrumb","itemListElement":[{"@type":"ListItem","position":1,"name":"In\u00edcio","item":"https:\/\/mecolour.com.br\/"},{"@type":"ListItem","position":2,"name":"Nossa hist\u00f3ria"}]},{"@type":"WebSite","@id":"https:\/\/mecolour.com.br\/#website","url":"https:\/\/mecolour.com.br\/","name":"Mecolour Brasil","description":"","potentialAction":[{"@type":"SearchAction","target":{"@type":"EntryPoint","urlTemplate":"https:\/\/mecolour.com.br\/?s={search_term_string}"},"query-input":{"@type":"PropertyValueSpecification","valueRequired":true,"valueName":"search_term_string"}}],"inLanguage":"es-AR"}]}},"jetpack_sharing_enabled":true,"_links":{"self":[{"href":"https:\/\/mecolour.com.br\/es\/wp-json\/wp\/v2\/pages\/12470","targetHints":{"allow":["GET"]}}],"collection":[{"href":"https:\/\/mecolour.com.br\/es\/wp-json\/wp\/v2\/pages"}],"about":[{"href":"https:\/\/mecolour.com.br\/es\/wp-json\/wp\/v2\/types\/page"}],"author":[{"embeddable":true,"href":"https:\/\/mecolour.com.br\/es\/wp-json\/wp\/v2\/users\/1"}],"replies":[{"embeddable":true,"href":"https:\/\/mecolour.com.br\/es\/wp-json\/wp\/v2\/comments?post=12470"}],"version-history":[{"count":6,"href":"https:\/\/mecolour.com.br\/es\/wp-json\/wp\/v2\/pages\/12470\/revisions"}],"predecessor-version":[{"id":12502,"href":"https:\/\/mecolour.com.br\/es\/wp-json\/wp\/v2\/pages\/12470\/revisions\/12502"}],"wp:attachment":[{"href":"https:\/\/mecolour.com.br\/es\/wp-json\/wp\/v2\/media?parent=12470"}],"curies":[{"name":"wp","href":"https:\/\/api.w.org\/{rel}","templated":true}]}}