{"id":12451,"date":"2024-01-03T15:46:06","date_gmt":"2024-01-03T18:46:06","guid":{"rendered":"https:\/\/mecolour.com.br\/dev\/?page_id=12451"},"modified":"2024-01-03T16:00:07","modified_gmt":"2024-01-03T19:00:07","slug":"lgpd","status":"publish","type":"page","link":"https:\/\/mecolour.com.br\/es\/lgpd\/","title":{"rendered":"Pol\u00edtica de Cookies"},"content":{"rendered":"<div class=\"wpb-content-wrapper\"><div class=\"vc_row wpb_row vc_row-fluid\"><div class=\"wpb_column vc_column_container vc_col-sm-12\"><div class=\"vc_column-inner\"><div class=\"wpb_wrapper\">\n\t\t<div id=\"wd-6595ab8804eaa\" class=\"title-wrapper wd-wpb set-mb-s reset-last-child  wd-rs-6595ab8804eaa wd-title-color-default wd-title-style-default text-center  wd-underline-colored\">\n\t\t\t\t\t\t\t<div class=\"title-subtitle  subtitle-color-default font-default subtitle-style-default wd-font-weight- wd-fontsize-xs\">A Mecolour \u00e9 uma empresa consciente e se compromete a utilizar somente dados de navega\u00e7\u00e3o dentro deste site para fins de melhorar a sua experi\u00eancia como cliente<\/div>\n\t\t\t\n\t\t\t<div class=\"liner-continer\">\n\t\t\t\t<h4 class=\"woodmart-title-container title  wd-font-weight- wd-fontsize-l\" >Pol\u00edtica de Cookies - LGPD<\/h4>\n\t\t\t\t\t\t\t<\/div>\n\t\t\t\n\t\t\t\n\t\t\t\n\t\t<\/div>\n\t\t\n\t\t<\/div><\/div><\/div><\/div><div class=\"vc_row wpb_row vc_row-fluid\"><div class=\"wpb_column vc_column_container vc_col-sm-12\"><div class=\"vc_column-inner\"><div class=\"wpb_wrapper\">\t\t<div id=\"wd-6595abd7eefef\" class=\"wd-text-block wd-wpb reset-last-child wd-rs-6595abd7eefef text-left\">\n\t\t\t<p>\u00daltima atualiza\u00e7\u00e3o: 02\/05\/2022<\/p>\n<p>Em www.mecolour.com.br, nos esfor\u00e7amos para honrar a privacidade e a seguran\u00e7a de quaisquer dados que coletamos dos visitantes usando nosso site, enquanto atuamos como um Controlador de Dados Pessoais sob regras e regulamentos relevantes de prote\u00e7\u00e3o de dados.<\/p>\n<p>Nosso site usa cookies, em combina\u00e7\u00e3o com pixels, objetos de armazenamento locais e dispositivos similares (coletivamente, &#8220;cookies&#8221; a menos que seja observado em contr\u00e1rio) para distingui-lo de outros usu\u00e1rios do site.\u00a0 Isso nos ajuda a fornecer uma boa experi\u00eancia, melhorar nosso servi\u00e7o e personalizar an\u00fancios e conte\u00fado para voc\u00ea enquanto voc\u00ea usa o site.<\/p>\n<p>Esta pol\u00edtica de cookies descreve os tipos de cookies que usamos no site e nossos prop\u00f3sitos para us\u00e1-los.<\/p>\n<p>Se voc\u00ea tiver d\u00favidas sobre este Aviso de Cookies, entre em contato conosco pelo [\u00a0 <span \n                data-original-string=\"9rkMdMfV7lHxObtzWwYW7g==accV2lDl4JEfuK8S+hpoWIqKmStszDlhljt8FtHjkPZYuw=\"\n                class=\"apbct-email-encoder\"\n                title=\"This contact has been encoded by Anti-Spam by CleanTalk. Click to decode. To finish the decoding make sure that JavaScript is enabled in your browser.\"><br \/>\n        <span class='apbct-ee-blur-group'><br \/>\n            <span class='apbct-ee-blur_email-text'>co*****@me******.br<\/span><br \/>\n            <span class='apbct-ee-static-blur'><br \/>\n                <span class='apbct-ee-blur apbct-ee-blur_rectangle-init'><\/span><br \/>\n                <span class='apbct-ee-blur apbct-ee-blur_rectangle-soft'><\/span><br \/>\n                <span class='apbct-ee-blur apbct-ee-blur_rectangle-hard'><\/span><br \/>\n            <\/span><br \/>\n            <span class='apbct-ee-animate-blur'><br \/>\n                <span class='apbct-ee-blur apbct-ee-blur_rectangle-init apbct-ee-blur_animate-init'><\/span><br \/>\n                <span class='apbct-ee-blur apbct-ee-blur_rectangle-soft apbct-ee-blur_animate-soft'><\/span><br \/>\n                <span class='apbct-ee-blur apbct-ee-blur_rectangle-hard apbct-ee-blur_animate-hard'><\/span><br \/>\n            <\/span><br \/>\n        <\/span><br \/>\n<\/span> \/ link de formul\u00e1rio web].<\/p>\n<p>Para obter uma descri\u00e7\u00e3o mais completa e lista dos cookies que usamos atualmente no site, revise nossa Lista de Cookies encontrada na se\u00e7\u00e3o 5 deste documento.<\/p>\n<p>Para obter mais informa\u00e7\u00f5es sobre nossas pr\u00e1ticas de privacidade, revise nossa &#8220;Pol\u00edtica de Privacidade&#8221;: [URL da Pol\u00edtica de Privacidade].<\/p>\n<p>Leia este Aviso de Cookies atentamente para obter detalhes sobre por que usamos cookies e as informa\u00e7\u00f5es coletadas de voc\u00ea.<\/p>\n<p>Defini\u00e7\u00f5es de cookies<\/p>\n<p>Um cookie \u00e9 um pequeno arquivo de letras e n\u00fameros que armazenamos no seu navegador ou no disco r\u00edgido do seu dispositivo, que \u00e9 como a mem\u00f3ria do computador.<\/p>\n<p>Cookies prim\u00e1rios e de terceiros: se um cookie \u00e9 &#8216;prim\u00e1rio&#8217; ou &#8216;de terceiros&#8217; refere-se ao dom\u00ednio que coloca o cookie.<\/p>\n<ul>\n<li><\/li>\n<li>Cookies prim\u00e1rios s\u00e3o aqueles definidos por um site que est\u00e1 sendo visitado pelo usu\u00e1rio no momento (por exemplo, cookies colocados pelo nosso dom\u00ednio do site).<\/li>\n<li><\/li>\n<li>Cookies de terceiros s\u00e3o cookies definidos por um dom\u00ednio diferente do site que est\u00e1 sendo visitado pelo usu\u00e1rio. Se um usu\u00e1rio visitar um site e outra entidade definir um cookie atrav\u00e9s desse site, este seria um cookie de terceiros.<\/li>\n<li><\/li>\n<\/ul>\n<p>Cookies persistentes: esses cookies permanecem no dispositivo do usu\u00e1rio pelo per\u00edodo de tempo especificado no cookie. Eles s\u00e3o ativados cada vez que o usu\u00e1rio visita o site que criou esse cookie em particular.<\/p>\n<p>Cookies de sess\u00e3o: esses cookies permitem que as operadoras de sites vinculem as a\u00e7\u00f5es de um usu\u00e1rio durante uma sess\u00e3o de navegador. Uma sess\u00e3o do navegador come\u00e7a quando um usu\u00e1rio abre a janela do navegador e termina quando fecha a janela do navegador. Os cookies de sess\u00e3o s\u00e3o criados temporariamente. Depois de fechar o navegador, todos os cookies de sess\u00e3o s\u00e3o exclu\u00eddos.<\/p>\n<p>Quais cookies usamos e por qu\u00ea?<\/p>\n<p>Geralmente, o site usa cookies para distingui-lo de outros usu\u00e1rios do site. Isso nos ajuda a proporcionar uma boa experi\u00eancia ao navegar no site e tamb\u00e9m nos permite melhor\u00e1-lo. Os cookies que podemos usar no site podem ser categorizados da seguinte forma:<\/p>\n<ul>\n<li><\/li>\n<li>Estritamente necess\u00e1rios<\/li>\n<li>Desempenho<\/li>\n<li>Funcionalidade<\/li>\n<li>Direcionamento \/ Marketing<\/li>\n<\/ul>\n<p>*Alguns cookies podem cumprir mais de um desses prop\u00f3sitos.<\/p>\n<p>&#8212;<\/p>\n<p>Os cookies &#8216;Estritamente Necess\u00e1rios&#8217; permitem que voc\u00ea se mova pelo site e use recursos essenciais, como \u00e1reas seguras. Sem estes cookies, n\u00e3o podemos fornecer os servi\u00e7os solicitados.<\/p>\n<p>Usamos estes cookies estritamente necess\u00e1rios para:<\/p>\n<ul>\n<li>&#8211; Identificar voc\u00ea como sendo logado e autenticado no site;<\/li>\n<li>&#8211; Para fins de seguran\u00e7a;<\/li>\n<li>&#8211; Certificar que ao se conectar ao servi\u00e7o desejado no site quando fizermos qualquer altera\u00e7\u00e3o na maneira como ele funciona ele continue operacional;<\/li>\n<\/ul>\n<p>Se voc\u00ea impedir esses cookies, n\u00e3o podemos garantir como o site ou a seguran\u00e7a no site se comportaram durante a sua visita.<\/p>\n<p>&#8212;<\/p>\n<p>Os cookies de &#8216;Desempenho&#8217; coletam informa\u00e7\u00f5es sobre como voc\u00ea usa o site, por exemplo, quais p\u00e1ginas voc\u00ea visita e se voc\u00ea experimenta algum erro. Esses cookies n\u00e3o coletam nenhuma informa\u00e7\u00e3o que possa identific\u00e1-lo e s\u00e3o usados apenas para nos ajudar a melhorar o funcionamento do site, entender os interesses de nossos usu\u00e1rios e medir a efic\u00e1cia de nossa publicidade.<\/p>\n<p>Usamos cookies de desempenho para:<\/p>\n<ul>\n<li>&#8211; Realizar an\u00e1lises web: Fornecer estat\u00edsticas sobre como o site \u00e9 usado;<\/li>\n<li>&#8211; Realizar o rastreamento de afiliados: Fornecer feedback para entidades afiliadas que um de nossos visitantes tamb\u00e9m visitou seu site;<\/li>\n<li>&#8211; Obter dados sobre o n\u00famero de usu\u00e1rios do site que visualizaram um produto ou servi\u00e7o;<\/li>\n<li>&#8211; Ajudar-nos a melhorar o site medindo quaisquer erros que ocorram;<\/li>\n<li>&#8211; Testar diferentes projetos para o sit;e<\/li>\n<\/ul>\n<p>*Alguns de nossos cookies de desempenho s\u00e3o gerenciados para n\u00f3s por terceiros.<\/p>\n<p>&#8212;<\/p>\n<p>Os cookies de &#8216;Funcionalidade&#8217; s\u00e3o usados para fornecer servi\u00e7os ou para lembrar de configura\u00e7\u00f5es para melhorar sua visita.<\/p>\n<p>Usamos cookies &#8216;Funcionalidade&#8217; para fins como:<\/p>\n<ul>\n<li>&#8211; Lembrarnos de configura\u00e7\u00f5es que voc\u00ea aplicou, como layout, tamanho do texto, prefer\u00eancias e cores<\/li>\n<li>&#8211; Lembrarnos se n\u00f3s j\u00e1 perguntamos se voc\u00ea quer preencher uma pesquisa<\/li>\n<li>&#8211; Lembrarmos se voc\u00ea se envolveu com um componente espec\u00edfico ou lista no site para que ele n\u00e3o se repita<\/li>\n<li>&#8211; Mostrar-lhe quando voc\u00ea est\u00e1 logado no site<\/li>\n<li>&#8211; Para fornecer e mostrar conte\u00fado de v\u00eddeo incorporado<\/li>\n<\/ul>\n<p>*Alguns desses cookies de funcionalidade s\u00e3o gerenciados por terceiros<\/p>\n<p>&#8212;<\/p>\n<p>Os cookies de &#8216;Direcionamento \/ Marketing&#8221; s\u00e3o usados para rastrear sua visita ao site, bem como outros sites, aplicativos e servi\u00e7os online, incluindo as p\u00e1ginas que voc\u00ea visitou e os links que voc\u00ea seguiu, o que nos permite exibir an\u00fancios direcionados para voc\u00ea no site.<\/p>\n<p>Podemos usar cookies de segmenta\u00e7\u00e3o para:<\/p>\n<p>o\u00a0\u00a0\u00a0\u00a0\u00a0\u00a0\u00a0\u00a0\u00a0\u00a0\u00a0\u00a0 &#8211; Exibir an\u00fancios direcionados dentro do site.<\/p>\n<p>o\u00a0\u00a0\u00a0\u00a0\u00a0\u00a0\u00a0\u00a0\u00a0\u00a0\u00a0\u00a0 &#8211; Para melhorar a forma como entregamos an\u00fancios e conte\u00fados personalizados e medir o sucesso das campanhas de an\u00fancios no site.<\/p>\n<p>&#8211; Quando exigimos seu consentimento<\/p>\n<p>Todos os cookies requerem seu consentimento.<\/p>\n<p>Solicitamos seu consentimento antes de coloc\u00e1-los em seu dispositivo. Voc\u00ea pode dar seu consentimento clicando no bot\u00e3o apropriado no banner exibido para voc\u00ea.<\/p>\n<p>Se voc\u00ea n\u00e3o deseja dar consentimento ou deseja retirar seu consentimento para quaisquer cookies a qualquer momento, voc\u00ea precisar\u00e1 excluir e bloquear ou desativar cookies atrav\u00e9s das configura\u00e7\u00f5es do seu navegador; veja abaixo para obter mais informa\u00e7\u00f5es sobre como fazer isso. Observe que a desativa\u00e7\u00e3o desses cookies afetar\u00e1 a funcionalidade do site e poder\u00e1 impedir que voc\u00ea possa acessar certos recursos no site.<\/p>\n<p>Como Excluir e Bloquear nossos Cookies<\/p>\n<p>A maioria dos navegadores da Web permite algum controle da maioria dos cookies atrav\u00e9s das configura\u00e7\u00f5es do navegador. No entanto, se voc\u00ea usar as configura\u00e7\u00f5es do seu navegador para bloquear todos os cookies (incluindo cookies estritamente necess\u00e1rios), voc\u00ea pode n\u00e3o ser capaz de acessar todas ou partes do site. A menos que voc\u00ea tenha ajustado a configura\u00e7\u00e3o do seu navegador para que ele recuse cookies, nosso sistema emitir\u00e1 cookies assim que voc\u00ea visitar o site.<\/p>\n<p>Alterando suas configura\u00e7\u00f5es de cookies.<\/p>\n<p>As configura\u00e7\u00f5es do navegador para alterar as configura\u00e7\u00f5es dos seus cookies geralmente s\u00e3o encontradas no menu &#8216;op\u00e7\u00f5es&#8217; ou &#8216;prefer\u00eancias&#8217; do seu navegador de internet. Para entender essas configura\u00e7\u00f5es, os links a seguir podem ser \u00fateis. Caso contr\u00e1rio, voc\u00ea deve usar a op\u00e7\u00e3o &#8216;Ajuda&#8217; no seu navegador de internet para obter mais detalhes.<\/p>\n<p>o\u00a0\u00a0\u00a0\u00a0\u00a0\u00a0\u00a0\u00a0\u00a0\u00a0\u00a0\u00a0 Configura\u00e7\u00f5es de cookies no Internet Explorer<\/p>\n<p>o\u00a0\u00a0\u00a0\u00a0\u00a0\u00a0\u00a0\u00a0\u00a0\u00a0\u00a0\u00a0 Configura\u00e7\u00f5es de cookies no Microsoft Edge<\/p>\n<p>o\u00a0\u00a0\u00a0\u00a0\u00a0\u00a0\u00a0\u00a0\u00a0\u00a0\u00a0\u00a0 Configura\u00e7\u00f5es de cookies no Firefox<\/p>\n<p>o\u00a0\u00a0\u00a0\u00a0\u00a0\u00a0\u00a0\u00a0\u00a0\u00a0\u00a0\u00a0 Configura\u00e7\u00f5es de cookies no Chrome<\/p>\n<p>o<\/p>\n<p>Lista de cookies<\/p>\n<p>Atualmente utilizamos estes servi\u00e7os de terceiros ao armazenar e consultar os seus dados:<\/p>\n<p>Google Analytics &#8211; utilizamos o Google Universal Analytics para controlar o desempenho de nosso site e verificar as atividades de visitantes, a fim de adaptar nosso conte\u00fado de acordo com as expectativas destes.<\/p>\n<p>Tipo de Cookies: Desempenho<\/p>\n<ul>\n<li>Pol\u00edtica do Google<\/li>\n<\/ul>\n<p>&nbsp;<\/p>\n<p>Outras Ferramentas de Marketing, Ads, CRM e Mail Marketing em seu Site<\/p>\n<p>Ficaremos felizes em melhorar nossa ferramenta e ajudar outras empresas como a sua.<\/p>\n<p>Se tiver sentindo falta de alguma op\u00e7\u00e3o de ferramentas dentro do seu WebSite voc\u00ea pode enviar a sugest\u00e3o para nosso Whatsapp ou para o e-mail <span \n                data-original-string=\"c\/auqrCMEaJSH9fQ\/AyN5w==accKRlRSFAFWjFaUd116ScdQSUIxz9yFnruV56\/DMb880w=\"\n                class=\"apbct-email-encoder\"\n                title=\"This contact has been encoded by Anti-Spam by CleanTalk. Click to decode. To finish the decoding make sure that JavaScript is enabled in your browser.\"><br \/>\n        <span class='apbct-ee-blur-group'><br \/>\n            <span class='apbct-ee-blur_email-text'>dp*@na************.br<\/span><br \/>\n            <span class='apbct-ee-static-blur'><br \/>\n                <span class='apbct-ee-blur apbct-ee-blur_rectangle-init'><\/span><br \/>\n                <span class='apbct-ee-blur apbct-ee-blur_rectangle-soft'><\/span><br \/>\n                <span class='apbct-ee-blur apbct-ee-blur_rectangle-hard'><\/span><br \/>\n            <\/span><br \/>\n            <span class='apbct-ee-animate-blur'><br \/>\n                <span class='apbct-ee-blur apbct-ee-blur_rectangle-init apbct-ee-blur_animate-init'><\/span><br \/>\n                <span class='apbct-ee-blur apbct-ee-blur_rectangle-soft apbct-ee-blur_animate-soft'><\/span><br \/>\n                <span class='apbct-ee-blur apbct-ee-blur_rectangle-hard apbct-ee-blur_animate-hard'><\/span><br \/>\n            <\/span><br \/>\n        <\/span><br \/>\n<\/span> que iremos desenvolver em at\u00e9 48 horas.<\/p>\n<ul>\n<li>Pixel do Facebook: usamos o rastreamento de pixel do Facebook para medir a efici\u00eancia da campanha da m\u00eddia social em rela\u00e7\u00e3o \u00e0 plataforma do Facebook.<\/li>\n<li>Tipo de Cookies: Desempenho e Publicidade<\/li>\n<li>Pol\u00edtica do Facebook<\/li>\n<\/ul>\n<p>&nbsp;<\/p>\n<ul>\n<li>Google Adwords (convers\u00e3o): usamos cookies do Google Adwords para personalizar o an\u00fancio e o conte\u00fado que voc\u00ea recebe em nosso site, limitar o n\u00famero de an\u00fancios que voc\u00ea v\u00ea em nosso site e medir a efic\u00e1cia de nossa campanha.<\/li>\n<\/ul>\n<p>&nbsp;<\/p>\n<ul>\n<li>Google Adwords (remarketing): usamos cookies de remarketing do Google AdWords para coletar dados sobre suas atividades quando voc\u00ea visita nossos sites, os sites de pessoas jur\u00eddicas que anunciam (anunciantes) ou os sites e servi\u00e7os online nos quais fazemos propaganda<\/li>\n<li><\/li>\n<li>Tipo de Cookies: Desempenho e Publicidade<\/li>\n<li>Pol\u00edtica do Google<\/li>\n<\/ul>\n\t\t<\/div>\n\t\t<\/div><\/div><\/div><\/div>\n<\/div>","protected":false},"excerpt":{"rendered":"A Mecolour \u00e9 uma empresa consciente e se compromete a utilizar somente dados de navega\u00e7\u00e3o dentro deste site para fins","protected":false},"author":1,"featured_media":0,"parent":0,"menu_order":0,"comment_status":"closed","ping_status":"closed","template":"","meta":{"footnotes":""},"class_list":["post-12451","page","type-page","status-publish","hentry"],"yoast_head":"<!-- This site is optimized with the Yoast SEO plugin v26.9 - https:\/\/yoast.com\/product\/yoast-seo-wordpress\/ -->\n<title>Pol\u00edtica de Cookies - Mecolour Brasil<\/title>\n<meta name=\"robots\" content=\"index, follow, max-snippet:-1, max-image-preview:large, max-video-preview:-1\" \/>\n<link rel=\"canonical\" href=\"https:\/\/mecolour.com.br\/es\/lgpd\/\" \/>\n<meta property=\"og:locale\" content=\"es_ES\" \/>\n<meta property=\"og:type\" content=\"article\" \/>\n<meta property=\"og:title\" content=\"Pol\u00edtica de Cookies - Mecolour Brasil\" \/>\n<meta property=\"og:url\" content=\"https:\/\/mecolour.com.br\/es\/lgpd\/\" \/>\n<meta property=\"og:site_name\" content=\"Mecolour Brasil\" \/>\n<meta property=\"article:modified_time\" content=\"2024-01-03T19:00:07+00:00\" \/>\n<meta name=\"twitter:card\" content=\"summary_large_image\" \/>\n<meta name=\"twitter:label1\" content=\"Tiempo de lectura\" \/>\n\t<meta name=\"twitter:data1\" content=\"8 minutos\" \/>\n<script type=\"application\/ld+json\" class=\"yoast-schema-graph\">{\"@context\":\"https:\/\/schema.org\",\"@graph\":[{\"@type\":\"WebPage\",\"@id\":\"https:\/\/mecolour.com.br\/lgpd\/\",\"url\":\"https:\/\/mecolour.com.br\/lgpd\/\",\"name\":\"Pol\u00edtica de Cookies - Mecolour Brasil\",\"isPartOf\":{\"@id\":\"https:\/\/mecolour.com.br\/#website\"},\"datePublished\":\"2024-01-03T18:46:06+00:00\",\"dateModified\":\"2024-01-03T19:00:07+00:00\",\"breadcrumb\":{\"@id\":\"https:\/\/mecolour.com.br\/lgpd\/#breadcrumb\"},\"inLanguage\":\"es-AR\",\"potentialAction\":[{\"@type\":\"ReadAction\",\"target\":[\"https:\/\/mecolour.com.br\/lgpd\/\"]}]},{\"@type\":\"BreadcrumbList\",\"@id\":\"https:\/\/mecolour.com.br\/lgpd\/#breadcrumb\",\"itemListElement\":[{\"@type\":\"ListItem\",\"position\":1,\"name\":\"In\u00edcio\",\"item\":\"https:\/\/mecolour.com.br\/\"},{\"@type\":\"ListItem\",\"position\":2,\"name\":\"Pol\u00edtica de Cookies\"}]},{\"@type\":\"WebSite\",\"@id\":\"https:\/\/mecolour.com.br\/#website\",\"url\":\"https:\/\/mecolour.com.br\/\",\"name\":\"Mecolour Brasil\",\"description\":\"\",\"potentialAction\":[{\"@type\":\"SearchAction\",\"target\":{\"@type\":\"EntryPoint\",\"urlTemplate\":\"https:\/\/mecolour.com.br\/?s={search_term_string}\"},\"query-input\":{\"@type\":\"PropertyValueSpecification\",\"valueRequired\":true,\"valueName\":\"search_term_string\"}}],\"inLanguage\":\"es-AR\"}]}<\/script>\n<!-- \/ Yoast SEO plugin. -->","yoast_head_json":{"title":"Pol\u00edtica de Cookies - Mecolour Brasil","robots":{"index":"index","follow":"follow","max-snippet":"max-snippet:-1","max-image-preview":"max-image-preview:large","max-video-preview":"max-video-preview:-1"},"canonical":"https:\/\/mecolour.com.br\/es\/lgpd\/","og_locale":"es_ES","og_type":"article","og_title":"Pol\u00edtica de Cookies - Mecolour Brasil","og_url":"https:\/\/mecolour.com.br\/es\/lgpd\/","og_site_name":"Mecolour Brasil","article_modified_time":"2024-01-03T19:00:07+00:00","twitter_card":"summary_large_image","twitter_misc":{"Tiempo de lectura":"8 minutos"},"schema":{"@context":"https:\/\/schema.org","@graph":[{"@type":"WebPage","@id":"https:\/\/mecolour.com.br\/lgpd\/","url":"https:\/\/mecolour.com.br\/lgpd\/","name":"Pol\u00edtica de Cookies - Mecolour Brasil","isPartOf":{"@id":"https:\/\/mecolour.com.br\/#website"},"datePublished":"2024-01-03T18:46:06+00:00","dateModified":"2024-01-03T19:00:07+00:00","breadcrumb":{"@id":"https:\/\/mecolour.com.br\/lgpd\/#breadcrumb"},"inLanguage":"es-AR","potentialAction":[{"@type":"ReadAction","target":["https:\/\/mecolour.com.br\/lgpd\/"]}]},{"@type":"BreadcrumbList","@id":"https:\/\/mecolour.com.br\/lgpd\/#breadcrumb","itemListElement":[{"@type":"ListItem","position":1,"name":"In\u00edcio","item":"https:\/\/mecolour.com.br\/"},{"@type":"ListItem","position":2,"name":"Pol\u00edtica de Cookies"}]},{"@type":"WebSite","@id":"https:\/\/mecolour.com.br\/#website","url":"https:\/\/mecolour.com.br\/","name":"Mecolour Brasil","description":"","potentialAction":[{"@type":"SearchAction","target":{"@type":"EntryPoint","urlTemplate":"https:\/\/mecolour.com.br\/?s={search_term_string}"},"query-input":{"@type":"PropertyValueSpecification","valueRequired":true,"valueName":"search_term_string"}}],"inLanguage":"es-AR"}]}},"jetpack_sharing_enabled":true,"_links":{"self":[{"href":"https:\/\/mecolour.com.br\/es\/wp-json\/wp\/v2\/pages\/12451","targetHints":{"allow":["GET"]}}],"collection":[{"href":"https:\/\/mecolour.com.br\/es\/wp-json\/wp\/v2\/pages"}],"about":[{"href":"https:\/\/mecolour.com.br\/es\/wp-json\/wp\/v2\/types\/page"}],"author":[{"embeddable":true,"href":"https:\/\/mecolour.com.br\/es\/wp-json\/wp\/v2\/users\/1"}],"replies":[{"embeddable":true,"href":"https:\/\/mecolour.com.br\/es\/wp-json\/wp\/v2\/comments?post=12451"}],"version-history":[{"count":6,"href":"https:\/\/mecolour.com.br\/es\/wp-json\/wp\/v2\/pages\/12451\/revisions"}],"predecessor-version":[{"id":12458,"href":"https:\/\/mecolour.com.br\/es\/wp-json\/wp\/v2\/pages\/12451\/revisions\/12458"}],"wp:attachment":[{"href":"https:\/\/mecolour.com.br\/es\/wp-json\/wp\/v2\/media?parent=12451"}],"curies":[{"name":"wp","href":"https:\/\/api.w.org\/{rel}","templated":true}]}}