{"id":10031,"date":"2023-10-31T09:17:09","date_gmt":"2023-10-31T12:17:09","guid":{"rendered":"https:\/\/mecolour.com.br\/dev\/?page_id=10031"},"modified":"2023-11-01T12:01:31","modified_gmt":"2023-11-01T15:01:31","slug":"resistencias","status":"publish","type":"page","link":"https:\/\/mecolour.com.br\/es\/resistencias\/","title":{"rendered":"Compra de resist\u00eancias"},"content":{"rendered":"<div class=\"wpb-content-wrapper\"><div data-vc-full-width=\"true\" data-vc-full-width-init=\"false\" data-vc-stretch-content=\"true\" class=\"vc_row wpb_row vc_row-fluid vc_custom_1698680670001 vc_row-no-padding wd-rs-653fcf5300ea5\"><div class=\"wpb_column vc_column_container vc_col-sm-12 wd-rs-653fcde0c75c1\"><div class=\"vc_column-inner vc_custom_1698680363949\"><div class=\"wpb_wrapper\">\t\t\t<style>\t\t\t#slider-134 .wd-slide {\n\t\t\t\tmin-height: px;\n\t\t\t}\n\n\t\t\t@media (min-width: 1025px) {\n\t\t\t\t.browser-Internet #slider-134 .wd-slide {\n\t\t\t\t\theight: px;\n\t\t\t\t}\n\t\t\t}\n\n\t\t\t@media (max-width: 1024px) {\n\t\t\t\t#slider-134 .wd-slide {\n\t\t\t\t\tmin-height: px;\n\t\t\t\t}\n\t\t\t}\n\n\t\t\t@media (max-width: 767px) {\n\t\t\t\t#slider-134 .wd-slide {\n\t\t\t\t\tmin-height: px;\n\t\t\t\t}\n\t\t\t}\n\n\t\t\t\t\t\t\t#slide-10039.woodmart-loaded .wd-slide-bg {\n\t\t\t\t\t\t\t\t\t}\n\n\t\t\t\t#slide-10039 .wd-slide-bg {\n\t\t\t\t\tbackground-color:rgb(255,214,0);\t\t\t\t\tbackground-size:cover;\n\t\t\t\t\t\t\t\t\t\t\tbackground-position:center center;\t\t\t\t\t\t\t\t\t}\n\n\t\t\t\t\n\t\t\t\t@media (max-width: 1024px) {\n\t\t\t\t\t\n\t\t\t\t\t\n\t\t\t\t\t#slide-10039 .wd-slide-bg {\n\t\t\t\t\t\t\t\t\t\t\t\t\t\t\t\t\t\t\t\n\t\t\t\t\t\t\t\t\t\t\t\t\t\t\t\t\t\t\t\t\t\t\t\t}\n\t\t\t\t}\n\n\t\t\t\t@media (max-width: 767px) {\n\t\t\t\t\t\n\t\t\t\t\t\n\t\t\t\t\t#slide-10039 .wd-slide-bg {\n\t\t\t\t\t\t\t\t\t\t\t\t\t\t\t\t\t\t\t\n\t\t\t\t\t\t\t\t\t\t\t\t\t\t\t\t\t\t\t\t\t\t\t\t}\n\t\t\t\t}\n\n\t\t\t\t\t\t\t\t\t\t.vc_custom_1698686299101{padding-top: 15px !important;padding-right: 15px !important;padding-bottom: 15px !important;padding-left: 15px !important;background-position: center !important;background-repeat: no-repeat !important;background-size: contain !important;}.vc_custom_1626790773233{padding-top: 0px !important;}.vc_custom_1626790776528{padding-top: 30px !important;padding-bottom: 30px !important;}.vc_custom_1698850821095{margin-bottom: 0px !important;}.vc_custom_1698851246187{margin-bottom: 20px !important;}.vc_custom_1698851309000{margin-right: 25px !important;margin-bottom: 10px !important;}\t\t\t\t\t\n\t\t\t\t\t\t\t\t\t\t#wd-6542696acc7ab .woodmart-title-container{line-height:64px;font-size:54px;}#wd-6542696acc7ab .title-subtitle{line-height:26px;font-size:16px;color:rgba(255,255,255,0.8);}#wd-654269c2d84b7.wd-text-block{font-size:20px;line-height:28px;}@media (max-width: 1199px) {#wd-6542696acc7ab .woodmart-title-container{line-height:60px;font-size:50px;}#wd-6542696acc7ab .title-subtitle{line-height:26px;font-size:16px;}}@media (max-width: 767px) {#wd-6542696acc7ab .woodmart-title-container{line-height:48px;font-size:38px;}#wd-6542696acc7ab .title-subtitle{line-height:24px;font-size:14px;}}\t\t\t\t\t\t\t\t<\/style>\n\t\t\t\n        <div id=\"slider-134\" data-id=\"134\" class=\"wd-slider-wrapper arrows-style-1 pagin-style-1 pagin-scheme- anim- wd-pagin-hr-center slider-in-container\" data-speed=\"9000\" data-wrap=\"yes\" data-autoheight=\"yes\" data-hide_pagination_control=\"no\" data-hide_prev_next_buttons=\"no\" data-sliding_speed=\"900\" data-content_animation=\"1\" data-library=\"flickity\" data-desktop=\"1\" data-tablet=\"1\" data-tablet_landscape=\"1\" data-mobile=\"1\">\n\t\t\t\t<div class=\"wd-slider wd-autoplay-animations-off\">\n\t\t\t\t\t\t\t\t\t\t\t\t\t\t\t\t\t<div id=\"slide-10039\" class=\"wd-slide woodmart-loaded\" >\n\t\t\t\t\t\t\t\t\t\t\t\t\t\t<div class=\"container wd-slide-container wd-items-middle wd-justify-left content-full-width slide-without-padding\">\n\t\t\t\t\t\t\t\t<div class=\"wd-slide-inner wd-animation-normal  wd-animation-zoom-in\">\n\t\t\t\t\t\t\t\t\t\t\t\t\t\t\t\t\t\t\t<div class=\"wpb-content-wrapper\"><div class=\"vc_row wpb_row vc_row-fluid vc_custom_1698686299101 vc_row-has-fill vc_row-o-content-middle vc_row-flex mobile-bg-img-hidden wd-rs-653fe552e39b6\"><div class=\"wpb_column vc_column_container vc_col-sm-12 vc_col-lg-6 vc_col-md-6 wd-rs-60f6db71a9b46\"><div class=\"vc_column-inner vc_custom_1626790773233\"><div class=\"wpb_wrapper\">\t\t<div id=\"wd-654267ede4f24\" class=\"wd-image wd-wpb wd-animation-slide-from-left wd-animation-normal wd_delay_200 wd-rs-654267ede4f24 text-left vc_custom_1698850821095\">\n\t\t\t\n\t\t\t<img loading=\"lazy\" decoding=\"async\" width=\"444\" height=\"456\" src=\"https:\/\/mecolour.com.br\/wp-content\/uploads\/2023\/11\/resistencia.png\" class=\"attachment-full size-full\" alt=\"\" srcset=\"https:\/\/mecolour.com.br\/wp-content\/uploads\/2023\/11\/resistencia.png 444w, https:\/\/mecolour.com.br\/wp-content\/uploads\/2023\/11\/resistencia-430x442.png 430w, https:\/\/mecolour.com.br\/wp-content\/uploads\/2023\/11\/resistencia-150x154.png 150w, https:\/\/mecolour.com.br\/wp-content\/uploads\/2023\/11\/resistencia-292x300.png 292w, https:\/\/mecolour.com.br\/wp-content\/uploads\/2023\/11\/resistencia-12x12.png 12w\" sizes=\"auto, (max-width: 444px) 100vw, 444px\" \/>\n\t\t\t\t\t<\/div>\n\t\t<\/div><\/div><\/div><div class=\"wpb_column vc_column_container vc_col-sm-12 vc_col-lg-6 vc_col-md-6 wd-rs-60f6db7671725\"><div class=\"vc_column-inner vc_custom_1626790776528\"><div class=\"wpb_wrapper\">\n\t\t<div id=\"wd-6542696acc7ab\" class=\"title-wrapper wd-wpb set-mb-s reset-last-child  wd-animation-slide-from-bottom wd-animation-normal wd_delay_100 wd-rs-6542696acc7ab wd-title-color-white wd-title-style-default text-left vc_custom_1698851246187 wd-underline-colored\">\n\t\t\t\t\t\t\t<div class=\"title-subtitle  subtitle-color-white font-default subtitle-style-default wd-font-weight-700 wd-fontsize-xs\">RESIST\u00caNCIAS PARA PRENSA<\/div>\n\t\t\t\n\t\t\t<div class=\"liner-continer\">\n\t\t\t\t<h4 class=\"woodmart-title-container title  wd-font-weight- wd-fontsize-l\" >Aqui voc\u00ea encontra<br \/>\nsua reposi\u00e7\u00e3o!<\/h4>\n\t\t\t\t\t\t\t<\/div>\n\t\t\t\n\t\t\t\n\t\t\t\n\t\t<\/div>\n\t\t\n\t\t\t\t<div id=\"wd-654269c2d84b7\" class=\"wd-text-block wd-wpb reset-last-child inline-element wd-animation-slide-from-bottom wd-animation-normal wd_delay_300 wd-rs-654269c2d84b7 text-left color-scheme-light color-title wd-fontsize-custom vc_custom_1698851309000\">\n\t\t\t<p>COMPRAS DIRETO VIA WHATSAPP! SIMPLES E R\u00c1PIDO!<\/p>\n\t\t<\/div>\n\t\t<\/div><\/div><\/div><\/div>\n<\/div>\t\t\t\t\t\t\t\t\t\t\t\t\t\t\t\t\t<\/div>\n\t\t\t\t\t\t\t<\/div>\n\n\t\t\t\t\t\t\t<div class=\"wd-slide-bg wd-fill\"><\/div>\n\t\t\t\t\t\t<\/div>\n\n\t\t\t\t\t\t\t\t\t\t\t\t\t\t\t\t\t\t\t\t\t\t\t\t\t\t\t\t<\/div>\n\t\t\t<\/div>\n\n\t\t\t\t\t<\/div><\/div><\/div><\/div><div class=\"vc_row-full-width vc_clearfix\"><\/div><div class=\"vc_row wpb_row vc_row-fluid vc_custom_1496926452255 vc_row-o-equal-height vc_row-flex\"><div class=\"wpb_column vc_column_container vc_col-sm-12 vc_col-lg-6 vc_col-md-6 vc_col-has-fill\"><div class=\"vc_column-inner vc_custom_1496927710186\"><div class=\"wpb_wrapper\">\n\t\t<div id=\"wd-653fa05db93fc\" class=\"title-wrapper wd-wpb set-mb-s reset-last-child  wd-rs-653fa05db93fc wd-title-color-default wd-title-style-default text-left  wd-underline-colored\">\n\t\t\t\t\t\t\t<div class=\"title-subtitle  subtitle-color-default font-default subtitle-style-default wd-font-weight- wd-fontsize-xs\">FAQ MECOLOUR<\/div>\n\t\t\t\n\t\t\t<div class=\"liner-continer\">\n\t\t\t\t<h4 class=\"woodmart-title-container title  wd-font-weight- wd-fontsize-l\" >PERGUNTAS FREQUENTES<\/h4>\n\t\t\t\t\t\t\t<\/div>\n\t\t\t\n\t\t\t\n\t\t\t\n\t\t<\/div>\n\t\t\n\t\t\n\t\t<div id=\"wd-61825698b13f0\" class=\"wd-accordion wd-wpb wd-rs-61825698b13f0  wd-style-default\" data-state=\"first\">\n\t\t\t\t\t\t\t\n\t\t\t\t\n\t\t\t\t<div class=\"wd-accordion-item\">\n\t\t\t\t\t<div class=\"wd-accordion-title wd-active font-text wd-fontsize-s text-left wd-opener-pos-right wd-font-weight-600\" data-accordion-index=\"0\">\n\t\t\t\t\t\t<div class=\"wd-accordion-title-text\">\n\t\t\t\t\t\t\t\t\t\t\t\t\t\t<span>\n\t\t\t\t\t\t\t\tMinha temperatura n\u00e3o bate, devo trocar a resist\u00eancia?\t\t\t\t\t\t\t<\/span>\n\t\t\t\t\t\t<\/div>\n\t\t\t\t\t\t<span class=\"wd-accordion-opener wd-opener-style-arrow\"><\/span>\n\t\t\t\t\t<\/div>\n\n\t\t\t\t\t<div class=\"wd-accordion-content reset-last-child wd-active\" data-accordion-index=\"0\">\n\t\t\t\t\t\t\t\t\t\t\t\t\t<p>N\u00e3o necessariamente! Uma prensa n\u00e3o alcan\u00e7ando ou mantendo a temperatura correta pode ser um sintoma n\u00e3o s\u00f3 de uma resist\u00eancia defeituosa. Algumas das causas podem ser:<\/p>\n<p>-Termopar desregulado<br \/>\n-Falha na sa\u00edda do controlador<\/p>\n<p>Se sua prensa ainda aquece por\u00e9m inconsistente, procure entender e testar para saber se \u00e9 o caso de uma manuten\u00e7\u00e3o uma vez que com uma resist\u00eancia nova, o problema ainda ir\u00e1 continuar.<\/p>\n\t\t\t\t\t\t\t\t\t\t\t<\/div>\n\t\t\t\t<\/div>\n\t\t\t\t\t\t\t\n\t\t\t\t\n\t\t\t\t<div class=\"wd-accordion-item\">\n\t\t\t\t\t<div class=\"wd-accordion-title font-text wd-fontsize-s text-left wd-opener-pos-right wd-font-weight-600\" data-accordion-index=\"1\">\n\t\t\t\t\t\t<div class=\"wd-accordion-title-text\">\n\t\t\t\t\t\t\t\t\t\t\t\t\t\t<span>\n\t\t\t\t\t\t\t\tEstou tendo efeito fantasma, pode ser minha resist\u00eancia?\t\t\t\t\t\t\t<\/span>\n\t\t\t\t\t\t<\/div>\n\t\t\t\t\t\t<span class=\"wd-accordion-opener wd-opener-style-arrow\"><\/span>\n\t\t\t\t\t<\/div>\n\n\t\t\t\t\t<div class=\"wd-accordion-content reset-last-child\" data-accordion-index=\"1\">\n\t\t\t\t\t\t\t\t\t\t\t\t\t<p>N\u00e3o! O efeito fantasma pode se decorrer de alguns fatores, o principal sendo press\u00e3o indevida. Verifique se a estrutura de seu equipamento n\u00e3o possui deformidades ou que a press\u00e3o devida esteja sendo aplicada \u00e0 seu insumo. O uso de fita t\u00e9rmica tamb\u00e9m \u00e9 importante para evitar que o papel se mova no insumo durante o ato de prensagem, o que pode vir a acontecer.<\/p>\n\t\t\t\t\t\t\t\t\t\t\t<\/div>\n\t\t\t\t<\/div>\n\t\t\t\t\t\t\t\n\t\t\t\t\n\t\t\t\t<div class=\"wd-accordion-item\">\n\t\t\t\t\t<div class=\"wd-accordion-title font-text wd-fontsize-s text-left wd-opener-pos-right wd-font-weight-600\" data-accordion-index=\"2\">\n\t\t\t\t\t\t<div class=\"wd-accordion-title-text\">\n\t\t\t\t\t\t\t\t\t\t\t\t\t\t<span>\n\t\t\t\t\t\t\t\tMinha temperatura n\u00e3o sobe ou fica oscilando, o que pode ser?\t\t\t\t\t\t\t<\/span>\n\t\t\t\t\t\t<\/div>\n\t\t\t\t\t\t<span class=\"wd-accordion-opener wd-opener-style-arrow\"><\/span>\n\t\t\t\t\t<\/div>\n\n\t\t\t\t\t<div class=\"wd-accordion-content reset-last-child\" data-accordion-index=\"2\">\n\t\t\t\t\t\t\t\t\t\t\t\t\t<p>Normalmente toda prensa t\u00e9rmica pode ter uma varia\u00e7\u00e3o de 5% na temperatura estipulada no painel, isso traduz em aproximadamente 10 graus para mais ou para menos. Se sua prensa n\u00e3o alcan\u00e7a a temperatura, verifique se seu ambiente n\u00e3o est\u00e1 interferindo no aquecimento.<br \/>\nAparelhos como ventiladores, ar condicionado e semelhantes podem sim interferir no desempenho de sua resist\u00eancia.<\/p>\n<p>Outros pontos a se verificar \u00e9 se a voltagem na tomada est\u00e1 chegando de maneira apropriada, ou se a resist\u00eancia est\u00e1 devidamente conectada na caixa controladora, sem folgas no conector ou mal contato.<\/p>\n\t\t\t\t\t\t\t\t\t\t\t<\/div>\n\t\t\t\t<\/div>\n\t\t\t\t\t\t\t\n\t\t\t\t\n\t\t\t\t<div class=\"wd-accordion-item\">\n\t\t\t\t\t<div class=\"wd-accordion-title font-text wd-fontsize-s text-left wd-opener-pos-right wd-font-weight-600\" data-accordion-index=\"3\">\n\t\t\t\t\t\t<div class=\"wd-accordion-title-text\">\n\t\t\t\t\t\t\t\t\t\t\t\t\t\t<span>\n\t\t\t\t\t\t\t\tComo evitar bolhas em minha resist\u00eancia?\t\t\t\t\t\t\t<\/span>\n\t\t\t\t\t\t<\/div>\n\t\t\t\t\t\t<span class=\"wd-accordion-opener wd-opener-style-arrow\"><\/span>\n\t\t\t\t\t<\/div>\n\n\t\t\t\t\t<div class=\"wd-accordion-content reset-last-child\" data-accordion-index=\"3\">\n\t\t\t\t\t\t\t\t\t\t\t\t\t<p>Bolhas na resist\u00eancia podem gerar muitos problemas, e \u00e9 f\u00e1cil de evit\u00e1-las. A temperatura em geral n\u00e3o deve ultrapassar 205\u00b0C.<\/p>\n<p>Um segredo que muitos n\u00e3o sabem \u00e9 que sua resist\u00eancia pode aquecer mais em certas partes eventualmente. Sempre monitore com um pir\u00f4metro ao longo de toda a resist\u00eancia para identificar se a temperatura configurada n\u00e3o est\u00e1 muito elevada em certos pontos do equipamento. Em caso positivo, configure uma temperatura menor que mantenha a temperatura real sobre controle e aumente o tempo de sublima\u00e7\u00e3o para compensar.<\/p>\n\t\t\t\t\t\t\t\t\t\t\t<\/div>\n\t\t\t\t<\/div>\n\t\t\t\t\t\t\t\t\t\t\t\t\t\t<\/div>\n\n\t\t<\/div><\/div><\/div><div class=\"wpb_column vc_column_container vc_col-sm-12 vc_col-lg-6 vc_col-md-6\"><div class=\"vc_column-inner vc_custom_1496927688909\"><div class=\"wpb_wrapper\">\n\t\t<div id=\"wd-6540f06bcbf2d\" class=\"title-wrapper wd-wpb set-mb-s reset-last-child  wd-rs-6540f06bcbf2d wd-title-color-default wd-title-style-default text-left  wd-underline-colored\">\n\t\t\t\t\t\t\t<div class=\"title-subtitle  subtitle-color-default font-default subtitle-style-default wd-font-weight- wd-fontsize-xs\">REPOSI\u00c7\u00c3O DE PE\u00c7AS<\/div>\n\t\t\t\n\t\t\t<div class=\"liner-continer\">\n\t\t\t\t<h4 class=\"woodmart-title-container title  wd-font-weight- wd-fontsize-l\" >COMPRE SUA RESIST\u00caNCIA AQUI<\/h4>\n\t\t\t\t\t\t\t<\/div>\n\t\t\t\n\t\t\t\n\t\t\t\n\t\t<\/div>\n\t\t\n\t\t<div class=\"vc_empty_space\"   style=\"height: 40px\"><span class=\"vc_empty_space_inner\"><\/span><\/div><div id=\"wd-6540f1d71d82a\" class=\"wd-rs-6540f1d71d82a  wd-button-wrapper text-center\"><a href=\"https:\/\/wa.me\/5511974677644?text=Ol%C3%A1%21+Preciso+comprar+uma+resist%C3%AAncia+para+meu+equipamento+Mecolour%21\" title=\"\" target=\"_blank\" class=\"btn btn-scheme-light btn-scheme-hover-light btn-style-default btn-style-round btn-size-extra-large btn-icon-pos-right\">COMPRA DE RESIST\u00caNCIAS<span class=\"wd-btn-icon\"><span class=\"wd-icon fab fa-whatsapp\"><\/span><\/span><\/a><\/div><div class=\"vc_empty_space\"   style=\"height: 30px\"><span class=\"vc_empty_space_inner\"><\/span><\/div>\t\t<div id=\"wd-6540f186106d0\" class=\"wd-text-block wd-wpb reset-last-child wd-rs-6540f186106d0 text-left\">\n\t\t\t<p>Sua <strong>resist\u00eancia queimou<\/strong>? Est\u00e1 <strong>fora da garantia<\/strong>? <strong>Acontece<\/strong>! Resist\u00eancias t\u00e9rmicas funcionam \u00e0 base de desgaste, <strong>\u00e9 natural<\/strong> que mais cedo ou mais tarde sua <strong>temperatura n\u00e3o seja mais a mesma ou que ela pare de aquecer<\/strong>!<\/p>\n<p>Mas calma! Entre em contato com nosso WhatsApp e informe seu equipamento Mecolour e a resist\u00eancia que voc\u00ea precisa e n\u00f3s iremos te fornecer!<\/p>\n<p>Vale ressaltar que <strong>n\u00f3s n\u00e3o vendemos resist\u00eancias para estocagem ou atacado<\/strong>, voc\u00ea precisa ter um equipamento Mecolour com uma resist\u00eancia queimada para que possamos lhe vender uma nova!<\/p>\n\t\t<\/div>\n\t\t<div class=\"vc_empty_space\"   style=\"height: 30px\"><span class=\"vc_empty_space_inner\"><\/span><\/div><\/div><\/div><\/div><\/div>\n<\/div>","protected":false},"excerpt":{"rendered":"RESIST\u00caNCIAS PARA PRENSA Aqui voc\u00ea encontra sua reposi\u00e7\u00e3o! COMPRAS DIRETO VIA WHATSAPP! SIMPLES E R\u00c1PIDO! FAQ MECOLOUR PERGUNTAS FREQUENTES Minha","protected":false},"author":1,"featured_media":0,"parent":0,"menu_order":0,"comment_status":"closed","ping_status":"closed","template":"","meta":{"footnotes":""},"class_list":["post-10031","page","type-page","status-publish","hentry"],"yoast_head":"<!-- This site is optimized with the Yoast SEO plugin v26.9 - https:\/\/yoast.com\/product\/yoast-seo-wordpress\/ -->\n<title>Compra de resist\u00eancias - Mecolour Brasil<\/title>\n<meta name=\"robots\" content=\"index, follow, max-snippet:-1, max-image-preview:large, max-video-preview:-1\" \/>\n<link rel=\"canonical\" href=\"https:\/\/mecolour.com.br\/es\/resistencias\/\" \/>\n<meta property=\"og:locale\" content=\"es_ES\" \/>\n<meta property=\"og:type\" content=\"article\" \/>\n<meta property=\"og:title\" content=\"Compra de resist\u00eancias - Mecolour Brasil\" \/>\n<meta property=\"og:url\" content=\"https:\/\/mecolour.com.br\/es\/resistencias\/\" \/>\n<meta property=\"og:site_name\" content=\"Mecolour Brasil\" \/>\n<meta property=\"article:modified_time\" content=\"2023-11-01T15:01:31+00:00\" \/>\n<meta name=\"twitter:card\" content=\"summary_large_image\" \/>\n<meta name=\"twitter:label1\" content=\"Tiempo de lectura\" \/>\n\t<meta name=\"twitter:data1\" content=\"6 minutos\" \/>\n<script type=\"application\/ld+json\" class=\"yoast-schema-graph\">{\"@context\":\"https:\/\/schema.org\",\"@graph\":[{\"@type\":\"WebPage\",\"@id\":\"https:\/\/mecolour.com.br\/resistencias\/\",\"url\":\"https:\/\/mecolour.com.br\/resistencias\/\",\"name\":\"Compra de resist\u00eancias - Mecolour Brasil\",\"isPartOf\":{\"@id\":\"https:\/\/mecolour.com.br\/#website\"},\"datePublished\":\"2023-10-31T12:17:09+00:00\",\"dateModified\":\"2023-11-01T15:01:31+00:00\",\"breadcrumb\":{\"@id\":\"https:\/\/mecolour.com.br\/resistencias\/#breadcrumb\"},\"inLanguage\":\"es-AR\",\"potentialAction\":[{\"@type\":\"ReadAction\",\"target\":[\"https:\/\/mecolour.com.br\/resistencias\/\"]}]},{\"@type\":\"BreadcrumbList\",\"@id\":\"https:\/\/mecolour.com.br\/resistencias\/#breadcrumb\",\"itemListElement\":[{\"@type\":\"ListItem\",\"position\":1,\"name\":\"In\u00edcio\",\"item\":\"https:\/\/mecolour.com.br\/\"},{\"@type\":\"ListItem\",\"position\":2,\"name\":\"Compra de resist\u00eancias\"}]},{\"@type\":\"WebSite\",\"@id\":\"https:\/\/mecolour.com.br\/#website\",\"url\":\"https:\/\/mecolour.com.br\/\",\"name\":\"Mecolour Brasil\",\"description\":\"\",\"potentialAction\":[{\"@type\":\"SearchAction\",\"target\":{\"@type\":\"EntryPoint\",\"urlTemplate\":\"https:\/\/mecolour.com.br\/?s={search_term_string}\"},\"query-input\":{\"@type\":\"PropertyValueSpecification\",\"valueRequired\":true,\"valueName\":\"search_term_string\"}}],\"inLanguage\":\"es-AR\"}]}<\/script>\n<!-- \/ Yoast SEO plugin. -->","yoast_head_json":{"title":"Compra de resist\u00eancias - Mecolour Brasil","robots":{"index":"index","follow":"follow","max-snippet":"max-snippet:-1","max-image-preview":"max-image-preview:large","max-video-preview":"max-video-preview:-1"},"canonical":"https:\/\/mecolour.com.br\/es\/resistencias\/","og_locale":"es_ES","og_type":"article","og_title":"Compra de resist\u00eancias - Mecolour Brasil","og_url":"https:\/\/mecolour.com.br\/es\/resistencias\/","og_site_name":"Mecolour Brasil","article_modified_time":"2023-11-01T15:01:31+00:00","twitter_card":"summary_large_image","twitter_misc":{"Tiempo de lectura":"6 minutos"},"schema":{"@context":"https:\/\/schema.org","@graph":[{"@type":"WebPage","@id":"https:\/\/mecolour.com.br\/resistencias\/","url":"https:\/\/mecolour.com.br\/resistencias\/","name":"Compra de resist\u00eancias - Mecolour Brasil","isPartOf":{"@id":"https:\/\/mecolour.com.br\/#website"},"datePublished":"2023-10-31T12:17:09+00:00","dateModified":"2023-11-01T15:01:31+00:00","breadcrumb":{"@id":"https:\/\/mecolour.com.br\/resistencias\/#breadcrumb"},"inLanguage":"es-AR","potentialAction":[{"@type":"ReadAction","target":["https:\/\/mecolour.com.br\/resistencias\/"]}]},{"@type":"BreadcrumbList","@id":"https:\/\/mecolour.com.br\/resistencias\/#breadcrumb","itemListElement":[{"@type":"ListItem","position":1,"name":"In\u00edcio","item":"https:\/\/mecolour.com.br\/"},{"@type":"ListItem","position":2,"name":"Compra de resist\u00eancias"}]},{"@type":"WebSite","@id":"https:\/\/mecolour.com.br\/#website","url":"https:\/\/mecolour.com.br\/","name":"Mecolour Brasil","description":"","potentialAction":[{"@type":"SearchAction","target":{"@type":"EntryPoint","urlTemplate":"https:\/\/mecolour.com.br\/?s={search_term_string}"},"query-input":{"@type":"PropertyValueSpecification","valueRequired":true,"valueName":"search_term_string"}}],"inLanguage":"es-AR"}]}},"jetpack_sharing_enabled":true,"_links":{"self":[{"href":"https:\/\/mecolour.com.br\/es\/wp-json\/wp\/v2\/pages\/10031","targetHints":{"allow":["GET"]}}],"collection":[{"href":"https:\/\/mecolour.com.br\/es\/wp-json\/wp\/v2\/pages"}],"about":[{"href":"https:\/\/mecolour.com.br\/es\/wp-json\/wp\/v2\/types\/page"}],"author":[{"embeddable":true,"href":"https:\/\/mecolour.com.br\/es\/wp-json\/wp\/v2\/users\/1"}],"replies":[{"embeddable":true,"href":"https:\/\/mecolour.com.br\/es\/wp-json\/wp\/v2\/comments?post=10031"}],"version-history":[{"count":5,"href":"https:\/\/mecolour.com.br\/es\/wp-json\/wp\/v2\/pages\/10031\/revisions"}],"predecessor-version":[{"id":10041,"href":"https:\/\/mecolour.com.br\/es\/wp-json\/wp\/v2\/pages\/10031\/revisions\/10041"}],"wp:attachment":[{"href":"https:\/\/mecolour.com.br\/es\/wp-json\/wp\/v2\/media?parent=10031"}],"curies":[{"name":"wp","href":"https:\/\/api.w.org\/{rel}","templated":true}]}}